
{"id":424,"date":"2021-02-09T13:20:46","date_gmt":"2021-02-09T11:20:46","guid":{"rendered":"https:\/\/crolcentrecalella.com\/hotel-bernat-ii\/"},"modified":"2023-08-07T11:27:15","modified_gmt":"2023-08-07T09:27:15","slug":"hotel-bernat-ii","status":"publish","type":"page","link":"https:\/\/crolcentrecalella.com\/ca\/hotel-bernat-ii\/","title":{"rendered":"Hotel Bernat II"},"content":{"rendered":"<p>[vc_row content_width=&#8221;grid&#8221; css=&#8221;.vc_custom_1612871092410{padding-top: 100px !important;}&#8221;][vc_column width=&#8221;1\/2&#8243;]<div class=\"mkdf-section-title-holder\">\r\n\t<h2 class=\"mkdf-section-title\" >\r\n\tL&#039;Hotel<\/h2>\r\n<\/div>[vc_column_text]L\u2019<a href=\"https:\/\/www.hotelbernatcalella.com\/ca\/\">Hotel Bernat II<\/a> \u00e9s un hotel de 4 estrelles superior situat a 100 m. de la platja i a 5 minuts del centre comercial.<\/p>\n<p>Totes les habitacions amb bany complet, assecador de cabell, terrassa, aire condicionat, calefacci\u00f3, TV via sat\u00e8l\u00b7lit, tel\u00e8fon, minibar i caixa forta de lloguer.<\/p>\n<p>L\u2019hotel ofereix servei de restaurant amb una gran varietat de productes procedents de la cuina mediterr\u00e0nia en un bufet amb show cooking tant a l\u2019esmorzar, com al dinar i al sopar. Compta amb un tracte personalitzat del maitre i de la resta de l\u2019equip de cuina i menjador. Trobar\u00e0s una \u00e0mplia varietat de carns, peixos, amanides, pasta al teu gust i pizzes al forn cuinades al moment. Aquest restaurant ofereix tamb\u00e9 men\u00fas especials per a qualsevol tipus d\u2019intoler\u00e0ncia o al\u00b7l\u00e8rgia. Comenta-ho amb el personal de menjador i et prepararan all\u00f2 que m\u00e9s et vingui de gust.[\/vc_column_text][\/vc_column][vc_column width=&#8221;1\/2&#8243;]<div class=\"mkdf-animations-holder mkdf-element-from-right\" data-animation=\"mkdf-element-from-right\">\r\n\t<div style=\"animation-duration: 700ms;-webkit-animation-duration: 700ms;-moz-animation-duration: 700ms\">\r\n\t\t[vc_single_image image=&#8221;3362&#8243; img_size=&#8221;large&#8221;]\t<\/div>\r\n\r\n<\/div>[\/vc_column][\/vc_row][vc_row content_width=&#8221;grid&#8221; css=&#8221;.vc_custom_1667215780846{padding-top: 100px !important;padding-bottom: 100px !important;}&#8221;][vc_column width=&#8221;1\/2&#8243;]<div class=\"mkdf-animations-holder mkdf-element-from-left\" data-animation=\"mkdf-element-from-left\">\r\n\t<div style=\"animation-duration: 700ms;-webkit-animation-duration: 700ms;-moz-animation-duration: 700ms\">\r\n\t\t<div class=\"mkdf-image-gallery\">\r\n\t<div class=\"mkdf-image-gallery-slider\" data-autoplay=\"3\" data-animation=\"slide\" data-navigation=\"no\" data-pagination=\"no\">\r\n\t\t\t\t\t\t<a href=\"https:\/\/crolcentrecalella.com\/wp-content\/uploads\/2022\/10\/hotelbernatcalella2.webp\" data-rel=\"prettyPhoto[single_pretty_photo]\" title=\"hotelbernatcalella2\">\r\n\t\t\t\t\t\t\t\t\t\t<img loading=\"lazy\" decoding=\"async\" width=\"719\" height=\"464\" src=\"https:\/\/crolcentrecalella.com\/wp-content\/uploads\/2022\/10\/hotelbernatcalella2.webp\" class=\"attachment-large size-large\" alt=\"Hotel Bernat Calella 3\" srcset=\"https:\/\/crolcentrecalella.com\/wp-content\/uploads\/2022\/10\/hotelbernatcalella2.webp 719w, https:\/\/crolcentrecalella.com\/wp-content\/uploads\/2022\/10\/hotelbernatcalella2-300x194.webp 300w\" sizes=\"auto, (max-width: 719px) 100vw, 719px\" \/>\t\t\t\t\t\t\t\t\t\t<\/a>\r\n\t\t\t\t\t\t\t<a href=\"https:\/\/crolcentrecalella.com\/wp-content\/uploads\/2022\/10\/BERNAT6-e1613059667596.webp\" data-rel=\"prettyPhoto[single_pretty_photo]\" title=\"BERNAT6-e1613059667596\">\r\n\t\t\t\t\t\t\t\t\t\t<img loading=\"lazy\" decoding=\"async\" width=\"719\" height=\"480\" src=\"https:\/\/crolcentrecalella.com\/wp-content\/uploads\/2022\/10\/BERNAT6-e1613059667596.webp\" class=\"attachment-large size-large\" alt=\"Hotel Bernat Calella 3\" srcset=\"https:\/\/crolcentrecalella.com\/wp-content\/uploads\/2022\/10\/BERNAT6-e1613059667596.webp 719w, https:\/\/crolcentrecalella.com\/wp-content\/uploads\/2022\/10\/BERNAT6-e1613059667596-300x200.webp 300w\" sizes=\"auto, (max-width: 719px) 100vw, 719px\" \/>\t\t\t\t\t\t\t\t\t\t<\/a>\r\n\t\t\t\t\t\t\t<a href=\"https:\/\/crolcentrecalella.com\/wp-content\/uploads\/2022\/10\/bernat.webp\" data-rel=\"prettyPhoto[single_pretty_photo]\" title=\"bernat\">\r\n\t\t\t\t\t\t\t\t\t\t<img loading=\"lazy\" decoding=\"async\" width=\"780\" height=\"518\" src=\"https:\/\/crolcentrecalella.com\/wp-content\/uploads\/2022\/10\/bernat.webp\" class=\"attachment-large size-large\" alt=\"Crol Centre Calella - Piscina olimpica - Hotel Bernat II - Calella Costa de Barcelona\" srcset=\"https:\/\/crolcentrecalella.com\/wp-content\/uploads\/2022\/10\/bernat.webp 780w, https:\/\/crolcentrecalella.com\/wp-content\/uploads\/2022\/10\/bernat-300x199.webp 300w, https:\/\/crolcentrecalella.com\/wp-content\/uploads\/2022\/10\/bernat-768x510.webp 768w\" sizes=\"auto, (max-width: 780px) 100vw, 780px\" \/>\t\t\t\t\t\t\t\t\t\t<\/a>\r\n\t\t\t\t\t\t\t<a href=\"https:\/\/crolcentrecalella.com\/wp-content\/uploads\/2022\/10\/hotelbernatcalella3.webp\" data-rel=\"prettyPhoto[single_pretty_photo]\" title=\"hotelbernatcalella3\">\r\n\t\t\t\t\t\t\t\t\t\t<img loading=\"lazy\" decoding=\"async\" width=\"720\" height=\"479\" src=\"https:\/\/crolcentrecalella.com\/wp-content\/uploads\/2022\/10\/hotelbernatcalella3.webp\" class=\"attachment-large size-large\" alt=\"Hotel Bernat Calella 3\" srcset=\"https:\/\/crolcentrecalella.com\/wp-content\/uploads\/2022\/10\/hotelbernatcalella3.webp 720w, https:\/\/crolcentrecalella.com\/wp-content\/uploads\/2022\/10\/hotelbernatcalella3-300x200.webp 300w\" sizes=\"auto, (max-width: 720px) 100vw, 720px\" \/>\t\t\t\t\t\t\t\t\t\t<\/a>\r\n\t\t\t\t<\/div>\r\n<\/div>\t<\/div>\r\n\r\n<\/div>[\/vc_column][vc_column width=&#8221;1\/2&#8243;][vc_column_text]<\/p>\n<h2>Instal\u00b7lacions<\/h2>\n<p style=\"text-align: left;\">Completa les seves instal\u00b7lacions amb piscina exterior per adults i nens, piano bar, sal\u00f3 de TV amb antena parab\u00f2lica, aire condicionat, calefacci\u00f3 i zona de wellness amb spa, piscina de hidromassatge, sauna finlandesa, bany de vapor, dutxa bit\u00e8rmica seq\u00fcencial, dutxa nebulitzadabit\u00e8rmica i cabines de tractament. P\u00e0rquing de pagament a 200 m. Wifi gratu\u00eft a tot l\u2019hotel i zona d\u2019ordinadors.<\/p>\n<p style=\"text-align: left;\">Disposa tamb\u00e9, de sales per a reunions amb una capacitat de 10 a 150 participants, equipades amb projector, pantalla, pissarra i ordinador port\u00e0til sota petici\u00f3.<\/p>\n<p style=\"text-align: left;\">Al juliol i a l\u2019agost disposa de sala de jocs, amb m\u00e0quines recreatives, ping-pong i billar. Es realitzen mini-olimp\u00edades, curses, jocs i esports a la platja, i excursions a la muntanya. Pels adults s\u2019organitzen diferents activitats esportives a la platja (volley-platja, futbol-platja) i al propi hotel (dards, ping-pong, tir amb pistola), a la nit hi ha di\u00e0riament Show Time amb jocs, espectacles i actuacions.<\/p>\n<p style=\"text-align: left;\">A m\u00e9s, gaudeix del xiringuito de la platja BAHARI CLUB amb atencions especials per als nostres clients, tracte preferent, importants descomptes en consumicions, hamaques i esdeveniments especials en dates assenyalades.<\/p>\n<p>[\/vc_column_text][\/vc_column][\/vc_row]<\/p>\n","protected":false},"excerpt":{"rendered":"<p>[vc_row content_width=&#8221;grid&#8221; css=&#8221;.vc_custom_1612871092410{padding-top: 100px !important;}&#8221;][vc_column width=&#8221;1\/2&#8243;][vc_column_text]L\u2019Hotel Bernat II \u00e9s un hotel de 4 estrelles superior situat a 100 m. de la platja i a 5 minuts del centre comercial. Totes les habitacions amb bany complet, assecador de cabell, terrassa, aire condicionat, calefacci\u00f3, TV via sat\u00e8l\u00b7lit,&#8230;<\/p>\n","protected":false},"author":2,"featured_media":3362,"parent":0,"menu_order":0,"comment_status":"closed","ping_status":"closed","template":"","meta":{"footnotes":""},"class_list":["post-424","page","type-page","status-publish","has-post-thumbnail","hentry"],"yoast_head":"<!-- This site is optimized with the Yoast SEO plugin v26.8 - https:\/\/yoast.com\/product\/yoast-seo-wordpress\/ -->\n<title>Hotel Bernat II - Crol Centre Calella - Costa de Barcelona<\/title>\n<meta name=\"description\" content=\"Els millors stages de nataci\u00f3 a l&#039;Hotel Bernat II. Piscina ol\u00edmpica i platja a 50 metres a la Costa de Barcelona.\" \/>\n<meta name=\"robots\" content=\"index, follow, max-snippet:-1, max-image-preview:large, max-video-preview:-1\" \/>\n<link rel=\"canonical\" href=\"https:\/\/crolcentrecalella.com\/ca\/hotel-bernat-ii\/\" \/>\n<meta property=\"og:locale\" content=\"ca_ES\" \/>\n<meta property=\"og:type\" content=\"article\" \/>\n<meta property=\"og:title\" content=\"Hotel Bernat II - Crol Centre Calella - Costa de Barcelona\" \/>\n<meta property=\"og:description\" content=\"Els millors stages de nataci\u00f3 a l&#039;Hotel Bernat II. Piscina ol\u00edmpica i platja a 50 metres a la Costa de Barcelona.\" \/>\n<meta property=\"og:url\" content=\"https:\/\/crolcentrecalella.com\/ca\/hotel-bernat-ii\/\" \/>\n<meta property=\"og:site_name\" content=\"Crol Centre Calella\" \/>\n<meta property=\"article:modified_time\" content=\"2023-08-07T09:27:15+00:00\" \/>\n<meta property=\"og:image\" content=\"https:\/\/crolcentrecalella.com\/wp-content\/uploads\/2022\/10\/bernat.webp\" \/>\n\t<meta property=\"og:image:width\" content=\"780\" \/>\n\t<meta property=\"og:image:height\" content=\"518\" \/>\n\t<meta property=\"og:image:type\" content=\"image\/webp\" \/>\n<meta name=\"twitter:card\" content=\"summary_large_image\" \/>\n<meta name=\"twitter:label1\" content=\"Temps estimat de lectura\" \/>\n\t<meta name=\"twitter:data1\" content=\"2 minuts\" \/>\n<script type=\"application\/ld+json\" class=\"yoast-schema-graph\">{\"@context\":\"https:\/\/schema.org\",\"@graph\":[{\"@type\":\"WebPage\",\"@id\":\"https:\/\/crolcentrecalella.com\/ca\/hotel-bernat-ii\/\",\"url\":\"https:\/\/crolcentrecalella.com\/ca\/hotel-bernat-ii\/\",\"name\":\"Hotel Bernat II - Crol Centre Calella - Costa de Barcelona\",\"isPartOf\":{\"@id\":\"https:\/\/crolcentrecalella.com\/#website\"},\"primaryImageOfPage\":{\"@id\":\"https:\/\/crolcentrecalella.com\/ca\/hotel-bernat-ii\/#primaryimage\"},\"image\":{\"@id\":\"https:\/\/crolcentrecalella.com\/ca\/hotel-bernat-ii\/#primaryimage\"},\"thumbnailUrl\":\"https:\/\/crolcentrecalella.com\/wp-content\/uploads\/2022\/10\/bernat.webp\",\"datePublished\":\"2021-02-09T11:20:46+00:00\",\"dateModified\":\"2023-08-07T09:27:15+00:00\",\"description\":\"Els millors stages de nataci\u00f3 a l'Hotel Bernat II. Piscina ol\u00edmpica i platja a 50 metres a la Costa de Barcelona.\",\"breadcrumb\":{\"@id\":\"https:\/\/crolcentrecalella.com\/ca\/hotel-bernat-ii\/#breadcrumb\"},\"inLanguage\":\"ca\",\"potentialAction\":[{\"@type\":\"ReadAction\",\"target\":[\"https:\/\/crolcentrecalella.com\/ca\/hotel-bernat-ii\/\"]}]},{\"@type\":\"ImageObject\",\"inLanguage\":\"ca\",\"@id\":\"https:\/\/crolcentrecalella.com\/ca\/hotel-bernat-ii\/#primaryimage\",\"url\":\"https:\/\/crolcentrecalella.com\/wp-content\/uploads\/2022\/10\/bernat.webp\",\"contentUrl\":\"https:\/\/crolcentrecalella.com\/wp-content\/uploads\/2022\/10\/bernat.webp\",\"width\":780,\"height\":518,\"caption\":\"Crol Centre Calella - Piscina ol\u00edmpica - Hotel Bernat II - Calella Costa de Barcelona\"},{\"@type\":\"BreadcrumbList\",\"@id\":\"https:\/\/crolcentrecalella.com\/ca\/hotel-bernat-ii\/#breadcrumb\",\"itemListElement\":[{\"@type\":\"ListItem\",\"position\":1,\"name\":\"Inici\",\"item\":\"https:\/\/crolcentrecalella.com\/ca\/\"},{\"@type\":\"ListItem\",\"position\":2,\"name\":\"Hotel Bernat II\"}]},{\"@type\":\"WebSite\",\"@id\":\"https:\/\/crolcentrecalella.com\/#website\",\"url\":\"https:\/\/crolcentrecalella.com\/\",\"name\":\"Crol Centre Calella\",\"description\":\"Piscina ol\u00edmpica en la Costa de Barcelona\",\"potentialAction\":[{\"@type\":\"SearchAction\",\"target\":{\"@type\":\"EntryPoint\",\"urlTemplate\":\"https:\/\/crolcentrecalella.com\/?s={search_term_string}\"},\"query-input\":{\"@type\":\"PropertyValueSpecification\",\"valueRequired\":true,\"valueName\":\"search_term_string\"}}],\"inLanguage\":\"ca\"}]}<\/script>\n<!-- \/ Yoast SEO plugin. -->","yoast_head_json":{"title":"Hotel Bernat II - Crol Centre Calella - Costa de Barcelona","description":"Els millors stages de nataci\u00f3 a l'Hotel Bernat II. Piscina ol\u00edmpica i platja a 50 metres a la Costa de Barcelona.","robots":{"index":"index","follow":"follow","max-snippet":"max-snippet:-1","max-image-preview":"max-image-preview:large","max-video-preview":"max-video-preview:-1"},"canonical":"https:\/\/crolcentrecalella.com\/ca\/hotel-bernat-ii\/","og_locale":"ca_ES","og_type":"article","og_title":"Hotel Bernat II - Crol Centre Calella - Costa de Barcelona","og_description":"Els millors stages de nataci\u00f3 a l'Hotel Bernat II. Piscina ol\u00edmpica i platja a 50 metres a la Costa de Barcelona.","og_url":"https:\/\/crolcentrecalella.com\/ca\/hotel-bernat-ii\/","og_site_name":"Crol Centre Calella","article_modified_time":"2023-08-07T09:27:15+00:00","og_image":[{"width":780,"height":518,"url":"https:\/\/crolcentrecalella.com\/wp-content\/uploads\/2022\/10\/bernat.webp","type":"image\/webp"}],"twitter_card":"summary_large_image","twitter_misc":{"Temps estimat de lectura":"2 minuts"},"schema":{"@context":"https:\/\/schema.org","@graph":[{"@type":"WebPage","@id":"https:\/\/crolcentrecalella.com\/ca\/hotel-bernat-ii\/","url":"https:\/\/crolcentrecalella.com\/ca\/hotel-bernat-ii\/","name":"Hotel Bernat II - Crol Centre Calella - Costa de Barcelona","isPartOf":{"@id":"https:\/\/crolcentrecalella.com\/#website"},"primaryImageOfPage":{"@id":"https:\/\/crolcentrecalella.com\/ca\/hotel-bernat-ii\/#primaryimage"},"image":{"@id":"https:\/\/crolcentrecalella.com\/ca\/hotel-bernat-ii\/#primaryimage"},"thumbnailUrl":"https:\/\/crolcentrecalella.com\/wp-content\/uploads\/2022\/10\/bernat.webp","datePublished":"2021-02-09T11:20:46+00:00","dateModified":"2023-08-07T09:27:15+00:00","description":"Els millors stages de nataci\u00f3 a l'Hotel Bernat II. Piscina ol\u00edmpica i platja a 50 metres a la Costa de Barcelona.","breadcrumb":{"@id":"https:\/\/crolcentrecalella.com\/ca\/hotel-bernat-ii\/#breadcrumb"},"inLanguage":"ca","potentialAction":[{"@type":"ReadAction","target":["https:\/\/crolcentrecalella.com\/ca\/hotel-bernat-ii\/"]}]},{"@type":"ImageObject","inLanguage":"ca","@id":"https:\/\/crolcentrecalella.com\/ca\/hotel-bernat-ii\/#primaryimage","url":"https:\/\/crolcentrecalella.com\/wp-content\/uploads\/2022\/10\/bernat.webp","contentUrl":"https:\/\/crolcentrecalella.com\/wp-content\/uploads\/2022\/10\/bernat.webp","width":780,"height":518,"caption":"Crol Centre Calella - Piscina ol\u00edmpica - Hotel Bernat II - Calella Costa de Barcelona"},{"@type":"BreadcrumbList","@id":"https:\/\/crolcentrecalella.com\/ca\/hotel-bernat-ii\/#breadcrumb","itemListElement":[{"@type":"ListItem","position":1,"name":"Inici","item":"https:\/\/crolcentrecalella.com\/ca\/"},{"@type":"ListItem","position":2,"name":"Hotel Bernat II"}]},{"@type":"WebSite","@id":"https:\/\/crolcentrecalella.com\/#website","url":"https:\/\/crolcentrecalella.com\/","name":"Crol Centre Calella","description":"Piscina ol\u00edmpica en la Costa de Barcelona","potentialAction":[{"@type":"SearchAction","target":{"@type":"EntryPoint","urlTemplate":"https:\/\/crolcentrecalella.com\/?s={search_term_string}"},"query-input":{"@type":"PropertyValueSpecification","valueRequired":true,"valueName":"search_term_string"}}],"inLanguage":"ca"}]}},"_links":{"self":[{"href":"https:\/\/crolcentrecalella.com\/ca\/wp-json\/wp\/v2\/pages\/424","targetHints":{"allow":["GET"]}}],"collection":[{"href":"https:\/\/crolcentrecalella.com\/ca\/wp-json\/wp\/v2\/pages"}],"about":[{"href":"https:\/\/crolcentrecalella.com\/ca\/wp-json\/wp\/v2\/types\/page"}],"author":[{"embeddable":true,"href":"https:\/\/crolcentrecalella.com\/ca\/wp-json\/wp\/v2\/users\/2"}],"replies":[{"embeddable":true,"href":"https:\/\/crolcentrecalella.com\/ca\/wp-json\/wp\/v2\/comments?post=424"}],"version-history":[{"count":1,"href":"https:\/\/crolcentrecalella.com\/ca\/wp-json\/wp\/v2\/pages\/424\/revisions"}],"predecessor-version":[{"id":6158,"href":"https:\/\/crolcentrecalella.com\/ca\/wp-json\/wp\/v2\/pages\/424\/revisions\/6158"}],"wp:featuredmedia":[{"embeddable":true,"href":"https:\/\/crolcentrecalella.com\/ca\/wp-json\/wp\/v2\/media\/3362"}],"wp:attachment":[{"href":"https:\/\/crolcentrecalella.com\/ca\/wp-json\/wp\/v2\/media?parent=424"}],"curies":[{"name":"wp","href":"https:\/\/api.w.org\/{rel}","templated":true}]}}