
{"id":536,"date":"2021-02-10T11:20:14","date_gmt":"2021-02-10T09:20:14","guid":{"rendered":"https:\/\/crolcentrecalella.com\/servicios\/"},"modified":"2023-08-07T11:04:43","modified_gmt":"2023-08-07T09:04:43","slug":"serveis","status":"publish","type":"page","link":"https:\/\/crolcentrecalella.com\/ca\/serveis\/","title":{"rendered":"Serveis"},"content":{"rendered":"<p>[vc_row css=&#8221;.vc_custom_1612949004585{padding-top: 50px !important;}&#8221;][vc_column width=&#8221;1\/2&#8243;][vc_column_text]<\/p>\n<h2>Natacio a Crol Centre Calella<\/h2>\n<p>Des de l\u2019obertura del centre de natacio Crol Centre Calella al mar\u00e7 del 2004, el nostre equip gestiona un promig de 200 campus anuals.<\/p>\n<p>La nostra tasca consisteix en organitzar una estada a mida per a cadascuna de les peticions que rebem. Ens ocupem de reservar i preparar tot el que \u00e9s imprescindible en un training camp per oferir la millor oferta d\u2019hotel, a l&#8217;<a href=\"https:\/\/www.hotelbernatcalella.com\/ca\/\">Hotel Bernat II<\/a> i l<a href=\"https:\/\/www.hotelsantjordi.com\/ca\/\">&#8216;Hotel Sant Jordi<\/a> i piscina olimpica juntament amb els serveis addicionals de GYM i SPA m\u00e9s adients. Aix\u00ed mateix tamb\u00e9 comptem amb la possibilitat d\u00b4organitzar els trasllats des de l\u2019aeroport al Crol Centre Calella.<\/p>\n<p>La nostra oficina a peu de <a href=\"https:\/\/crolcentrecalella.com\/ca\/galeria\/\">piscina<\/a>, ens permet el contacte diari amb tots els entrenadors donant aix\u00ed un servei d&#8217;assist\u00e8ncia continuada durant tota l\u00b4estada. Oferim tamb\u00e9 un programa d\u00b4excursions perqu\u00e8 els equips puguin con\u00e8ixer els racons m\u00e9s emblem\u00e0tics de Catalunya i Barcelona.[\/vc_column_text][\/vc_column][vc_column width=&#8221;1\/2&#8243;]<div class=\"mkdf-animations-holder mkdf-element-from-right\" data-animation=\"mkdf-element-from-right\">\r\n\t<div style=\"animation-duration: 700ms;-webkit-animation-duration: 700ms;-moz-animation-duration: 700ms\">\r\n\t\t[vc_single_image image=&#8221;3329&#8243; img_size=&#8221;large&#8221;]\t<\/div>\r\n\r\n<\/div>[\/vc_column][\/vc_row][vc_row css=&#8221;.vc_custom_1612948643168{padding-top: 100px !important;}&#8221;][vc_column width=&#8221;1\/4&#8243;]<div class=\"mkdf-animations-holder mkdf-element-from-fade\" data-animation=\"mkdf-element-from-fade\">\r\n\t<div style=\"animation-duration: 700ms;-webkit-animation-duration: 700ms;-moz-animation-duration: 700ms\">\r\n\t\t<div class=\"mkdf-iwt clearfix mkdf-iwt-icon-top mkdf-iwt-icon-large\">\r\n    <div class=\"mkdf-iwt-icon-holder\">\r\n                    \r\n    <span class=\"mkdf-icon-shortcode normal mkdf-icon-large\"  data-color=\"#fd4c00\">\r\n        \r\n        <i class=\"mkdf-icon-font-awesome fa fa-tint mkdf-icon-element\" style=\"color: #fd4c00\" ><\/i>\r\n            <\/span>\r\n\r\n            <\/div>\r\n    <div class=\"mkdf-iwt-content-holder\" >\r\n        <div class=\"mkdf-iwt-title-holder\">\r\n            <h4 >Piscina olimpica<\/h4>\r\n        <\/div>\r\n        <div class=\"mkdf-iwt-text-holder\">\r\n            <p >Piscina olimpica descoberta i climatitzada tot l&#039;any<\/p>\r\n\r\n                    <\/div>\r\n    <\/div>\r\n<\/div>\t<\/div>\r\n\r\n<\/div>[\/vc_column][vc_column width=&#8221;1\/4&#8243;]<div class=\"mkdf-animations-holder mkdf-element-from-fade\" data-animation=\"mkdf-element-from-fade\">\r\n\t<div style=\"animation-duration: 700ms;-webkit-animation-duration: 700ms;-moz-animation-duration: 700ms\">\r\n\t\t<div class=\"mkdf-iwt clearfix mkdf-iwt-icon-top mkdf-iwt-icon-large\">\r\n    <div class=\"mkdf-iwt-icon-holder\">\r\n                    \r\n    <span class=\"mkdf-icon-shortcode normal mkdf-icon-large\"  data-color=\"#fd4c00\">\r\n        \r\n        <i class=\"mkdf-icon-font-awesome fa fa-bed mkdf-icon-element\" style=\"color: #fd4c00\" ><\/i>\r\n            <\/span>\r\n\r\n            <\/div>\r\n    <div class=\"mkdf-iwt-content-holder\" >\r\n        <div class=\"mkdf-iwt-title-holder\">\r\n            <h4 >Hotels a calella<\/h4>\r\n        <\/div>\r\n        <div class=\"mkdf-iwt-text-holder\">\r\n            <p >Hotels que complementen les instal\u00b7lacions<\/p>\r\n\r\n                    <\/div>\r\n    <\/div>\r\n<\/div>\t<\/div>\r\n\r\n<\/div>[\/vc_column][vc_column width=&#8221;1\/4&#8243;]<div class=\"mkdf-animations-holder mkdf-element-from-fade\" data-animation=\"mkdf-element-from-fade\">\r\n\t<div style=\"animation-duration: 700ms;-webkit-animation-duration: 700ms;-moz-animation-duration: 700ms\">\r\n\t\t<div class=\"mkdf-iwt clearfix mkdf-iwt-icon-top mkdf-iwt-icon-large\">\r\n    <div class=\"mkdf-iwt-icon-holder\">\r\n                    \r\n    <span class=\"mkdf-icon-shortcode normal mkdf-icon-large\"  data-color=\"#fd4c00\">\r\n        \r\n        <i class=\"mkdf-icon-font-awesome fa fa-heart mkdf-icon-element\" style=\"color: #fd4c00\" ><\/i>\r\n            <\/span>\r\n\r\n            <\/div>\r\n    <div class=\"mkdf-iwt-content-holder\" >\r\n        <div class=\"mkdf-iwt-title-holder\">\r\n            <h4 >Gimn\u00e0s i Spa<\/h4>\r\n        <\/div>\r\n        <div class=\"mkdf-iwt-text-holder\">\r\n            <p >Gimn\u00e0s i complerta zona d&#039;aig\u00fces<\/p>\r\n\r\n                    <\/div>\r\n    <\/div>\r\n<\/div>\t<\/div>\r\n\r\n<\/div>[\/vc_column][vc_column width=&#8221;1\/4&#8243;]<div class=\"mkdf-animations-holder mkdf-element-from-fade\" data-animation=\"mkdf-element-from-fade\">\r\n\t<div style=\"animation-duration: 700ms;-webkit-animation-duration: 700ms;-moz-animation-duration: 700ms\">\r\n\t\t<div class=\"mkdf-iwt clearfix mkdf-iwt-icon-top mkdf-iwt-icon-large\">\r\n    <div class=\"mkdf-iwt-icon-holder\">\r\n                    \r\n    <span class=\"mkdf-icon-shortcode normal mkdf-icon-large\"  data-color=\"#fd4c00\">\r\n        \r\n        <i class=\"mkdf-icon-font-awesome fa fa-bus mkdf-icon-element\" style=\"color: #fd4c00\" ><\/i>\r\n            <\/span>\r\n\r\n            <\/div>\r\n    <div class=\"mkdf-iwt-content-holder\" >\r\n        <div class=\"mkdf-iwt-title-holder\">\r\n            <h4 >Trasllats<\/h4>\r\n        <\/div>\r\n        <div class=\"mkdf-iwt-text-holder\">\r\n            <p >Trasllats des de l&#039;aeroport de Barcelona<\/p>\r\n\r\n                    <\/div>\r\n    <\/div>\r\n<\/div>\t<\/div>\r\n\r\n<\/div>[\/vc_column][\/vc_row][vc_row css=&#8221;.vc_custom_1612949053234{padding-top: 100px !important;padding-bottom: 100px !important;}&#8221;][vc_column width=&#8221;1\/2&#8243;]<div class=\"mkdf-info-box-holder mkdf-info-box-with-image\">\r\n\r\n\t<div class=\"mkdf-info-box-inner\">\r\n\t\t<div class=\"mkdf-ib-front-holder\">\r\n\t\t\t<div class=\"mkdf-ib-front-holder-inner\">\r\n\t\t\t\t<div class=\"mkdf-ib-top-holder\">\r\n\t\t\t\t\t\r\n\t\t\t\t\t\t\t\t\t\t\t<div class=\"mkdf-ib-title-holder\">\r\n\t\t\t\t\t\t\t<h2 class=\"mkdf-ib-title\">SILENCE THALASSO SPA<\/h2>\r\n\t\t\t\t\t\t<\/div>\r\n\t\t\t\t\t\t\t\t\t<\/div>\r\n\r\n\t\t\t\t<div class=\"mkdf-ib-bottom-holder\">\r\n\t\t\t\t\t\r\n\t\t\t\t\t\t\t\t\t\t\t<div class=\"mkdf-ib-button-holder\">\r\n\t\t\t\t\t\t\t<a href=\"#\" target=\"_self\"  class=\"mkdf-btn mkdf-btn-small mkdf-btn-solid mkdf-btn-hover-outline\"  >\r\t\r\t\t\t<span class=\"mkdf-btn-helper\" ><\/span>\r\t\t<span class=\"mkdf-btn-text\"><\/span>\r<\/a>\t\t\t\t\t\t<\/div>\r\n\t\t\t\t\t\t\t\t\t<\/div>\r\n\t\t\t<\/div>\r\n\r\n\t\t<\/div>\r\n\r\n\r\n\r\n\t\t<div class=\"mkdf-ib-overlay\" style=\"background-image: url(https:\/\/crolcentrecalella.com\/wp-content\/uploads\/2021\/02\/silence-spa-e1613054126960.jpg)\"><\/div>\r\n\t<\/div>\r\n<\/div>[\/vc_column][vc_column width=&#8221;1\/2&#8243;]<div class=\"mkdf-info-box-holder mkdf-info-box-with-image\">\r\n\r\n\t<div class=\"mkdf-info-box-inner\">\r\n\t\t<div class=\"mkdf-ib-front-holder\">\r\n\t\t\t<div class=\"mkdf-ib-front-holder-inner\">\r\n\t\t\t\t<div class=\"mkdf-ib-top-holder\">\r\n\t\t\t\t\t\r\n\t\t\t\t\t\t\t\t\t\t\t<div class=\"mkdf-ib-title-holder\">\r\n\t\t\t\t\t\t\t<h2 class=\"mkdf-ib-title\">GIMN\u00c0S<\/h2>\r\n\t\t\t\t\t\t<\/div>\r\n\t\t\t\t\t\t\t\t\t<\/div>\r\n\r\n\t\t\t\t<div class=\"mkdf-ib-bottom-holder\">\r\n\t\t\t\t\t\r\n\t\t\t\t\t\t\t\t\t\t\t<div class=\"mkdf-ib-button-holder\">\r\n\t\t\t\t\t\t\t<a href=\"#\" target=\"_self\"  class=\"mkdf-btn mkdf-btn-small mkdf-btn-solid mkdf-btn-hover-outline\"  >\r\t\r\t\t\t<span class=\"mkdf-btn-helper\" ><\/span>\r\t\t<span class=\"mkdf-btn-text\"><\/span>\r<\/a>\t\t\t\t\t\t<\/div>\r\n\t\t\t\t\t\t\t\t\t<\/div>\r\n\t\t\t<\/div>\r\n\r\n\t\t<\/div>\r\n\r\n\r\n\r\n\t\t<div class=\"mkdf-ib-overlay\" style=\"background-image: url(https:\/\/crolcentrecalella.com\/wp-content\/uploads\/2021\/02\/Fitness-scaled-e1613116896643.jpg)\"><\/div>\r\n\t<\/div>\r\n<\/div>[\/vc_column][\/vc_row]<\/p>\n","protected":false},"excerpt":{"rendered":"<p>[vc_row css=&#8221;.vc_custom_1612949004585{padding-top: 50px !important;}&#8221;][vc_column width=&#8221;1\/2&#8243;][vc_column_text] Natacio a Crol Centre Calella Des de l\u2019obertura del centre de natacio Crol Centre Calella al mar\u00e7 del 2004, el nostre equip gestiona un promig de 200 campus anuals. La nostra tasca consisteix en organitzar una estada a mida per&#8230;<\/p>\n","protected":false},"author":2,"featured_media":3440,"parent":0,"menu_order":0,"comment_status":"closed","ping_status":"closed","template":"","meta":{"footnotes":""},"class_list":["post-536","page","type-page","status-publish","has-post-thumbnail","hentry"],"yoast_head":"<!-- This site is optimized with the Yoast SEO plugin v26.8 - https:\/\/yoast.com\/product\/yoast-seo-wordpress\/ -->\n<title>Serveis natacio i gimnas Crol Centre Calella - Costa de Barcelona<\/title>\n<meta name=\"description\" content=\"Descobreix tots els serveis de natacio que t&#039;ofereix el Crol Centre Calella, a la Costa de Barcelona i al costat de la platja.\" \/>\n<meta name=\"robots\" content=\"index, follow, max-snippet:-1, max-image-preview:large, max-video-preview:-1\" \/>\n<link rel=\"canonical\" href=\"https:\/\/crolcentrecalella.com\/ca\/serveis\/\" \/>\n<meta property=\"og:locale\" content=\"ca_ES\" \/>\n<meta property=\"og:type\" content=\"article\" \/>\n<meta property=\"og:title\" content=\"Serveis natacio i gimnas Crol Centre Calella - Costa de Barcelona\" \/>\n<meta property=\"og:description\" content=\"Descobreix tots els serveis de natacio que t&#039;ofereix el Crol Centre Calella, a la Costa de Barcelona i al costat de la platja.\" \/>\n<meta property=\"og:url\" content=\"https:\/\/crolcentrecalella.com\/ca\/serveis\/\" \/>\n<meta property=\"og:site_name\" content=\"Crol Centre Calella\" \/>\n<meta property=\"article:modified_time\" content=\"2023-08-07T09:04:43+00:00\" \/>\n<meta property=\"og:image\" content=\"https:\/\/crolcentrecalella.com\/wp-content\/uploads\/2022\/10\/CROL-CENTRE-1-scaled-e1613118257349-2.webp\" \/>\n\t<meta property=\"og:image:width\" content=\"719\" \/>\n\t<meta property=\"og:image:height\" content=\"480\" \/>\n\t<meta property=\"og:image:type\" content=\"image\/webp\" \/>\n<meta name=\"twitter:card\" content=\"summary_large_image\" \/>\n<meta name=\"twitter:label1\" content=\"Temps estimat de lectura\" \/>\n\t<meta name=\"twitter:data1\" content=\"2 minuts\" \/>\n<script type=\"application\/ld+json\" class=\"yoast-schema-graph\">{\"@context\":\"https:\/\/schema.org\",\"@graph\":[{\"@type\":\"WebPage\",\"@id\":\"https:\/\/crolcentrecalella.com\/ca\/serveis\/\",\"url\":\"https:\/\/crolcentrecalella.com\/ca\/serveis\/\",\"name\":\"Serveis natacio i gimnas Crol Centre Calella - Costa de Barcelona\",\"isPartOf\":{\"@id\":\"https:\/\/crolcentrecalella.com\/#website\"},\"primaryImageOfPage\":{\"@id\":\"https:\/\/crolcentrecalella.com\/ca\/serveis\/#primaryimage\"},\"image\":{\"@id\":\"https:\/\/crolcentrecalella.com\/ca\/serveis\/#primaryimage\"},\"thumbnailUrl\":\"https:\/\/crolcentrecalella.com\/wp-content\/uploads\/2022\/10\/CROL-CENTRE-1-scaled-e1613118257349-2.webp\",\"datePublished\":\"2021-02-10T09:20:14+00:00\",\"dateModified\":\"2023-08-07T09:04:43+00:00\",\"description\":\"Descobreix tots els serveis de natacio que t'ofereix el Crol Centre Calella, a la Costa de Barcelona i al costat de la platja.\",\"breadcrumb\":{\"@id\":\"https:\/\/crolcentrecalella.com\/ca\/serveis\/#breadcrumb\"},\"inLanguage\":\"ca\",\"potentialAction\":[{\"@type\":\"ReadAction\",\"target\":[\"https:\/\/crolcentrecalella.com\/ca\/serveis\/\"]}]},{\"@type\":\"ImageObject\",\"inLanguage\":\"ca\",\"@id\":\"https:\/\/crolcentrecalella.com\/ca\/serveis\/#primaryimage\",\"url\":\"https:\/\/crolcentrecalella.com\/wp-content\/uploads\/2022\/10\/CROL-CENTRE-1-scaled-e1613118257349-2.webp\",\"contentUrl\":\"https:\/\/crolcentrecalella.com\/wp-content\/uploads\/2022\/10\/CROL-CENTRE-1-scaled-e1613118257349-2.webp\",\"width\":719,\"height\":480,\"caption\":\"Piscina Crol Centre\"},{\"@type\":\"BreadcrumbList\",\"@id\":\"https:\/\/crolcentrecalella.com\/ca\/serveis\/#breadcrumb\",\"itemListElement\":[{\"@type\":\"ListItem\",\"position\":1,\"name\":\"Inici\",\"item\":\"https:\/\/crolcentrecalella.com\/ca\/\"},{\"@type\":\"ListItem\",\"position\":2,\"name\":\"Serveis\"}]},{\"@type\":\"WebSite\",\"@id\":\"https:\/\/crolcentrecalella.com\/#website\",\"url\":\"https:\/\/crolcentrecalella.com\/\",\"name\":\"Crol Centre Calella\",\"description\":\"Piscina ol\u00edmpica en la Costa de Barcelona\",\"potentialAction\":[{\"@type\":\"SearchAction\",\"target\":{\"@type\":\"EntryPoint\",\"urlTemplate\":\"https:\/\/crolcentrecalella.com\/?s={search_term_string}\"},\"query-input\":{\"@type\":\"PropertyValueSpecification\",\"valueRequired\":true,\"valueName\":\"search_term_string\"}}],\"inLanguage\":\"ca\"}]}<\/script>\n<!-- \/ Yoast SEO plugin. -->","yoast_head_json":{"title":"Serveis natacio i gimnas Crol Centre Calella - Costa de Barcelona","description":"Descobreix tots els serveis de natacio que t'ofereix el Crol Centre Calella, a la Costa de Barcelona i al costat de la platja.","robots":{"index":"index","follow":"follow","max-snippet":"max-snippet:-1","max-image-preview":"max-image-preview:large","max-video-preview":"max-video-preview:-1"},"canonical":"https:\/\/crolcentrecalella.com\/ca\/serveis\/","og_locale":"ca_ES","og_type":"article","og_title":"Serveis natacio i gimnas Crol Centre Calella - Costa de Barcelona","og_description":"Descobreix tots els serveis de natacio que t'ofereix el Crol Centre Calella, a la Costa de Barcelona i al costat de la platja.","og_url":"https:\/\/crolcentrecalella.com\/ca\/serveis\/","og_site_name":"Crol Centre Calella","article_modified_time":"2023-08-07T09:04:43+00:00","og_image":[{"width":719,"height":480,"url":"https:\/\/crolcentrecalella.com\/wp-content\/uploads\/2022\/10\/CROL-CENTRE-1-scaled-e1613118257349-2.webp","type":"image\/webp"}],"twitter_card":"summary_large_image","twitter_misc":{"Temps estimat de lectura":"2 minuts"},"schema":{"@context":"https:\/\/schema.org","@graph":[{"@type":"WebPage","@id":"https:\/\/crolcentrecalella.com\/ca\/serveis\/","url":"https:\/\/crolcentrecalella.com\/ca\/serveis\/","name":"Serveis natacio i gimnas Crol Centre Calella - Costa de Barcelona","isPartOf":{"@id":"https:\/\/crolcentrecalella.com\/#website"},"primaryImageOfPage":{"@id":"https:\/\/crolcentrecalella.com\/ca\/serveis\/#primaryimage"},"image":{"@id":"https:\/\/crolcentrecalella.com\/ca\/serveis\/#primaryimage"},"thumbnailUrl":"https:\/\/crolcentrecalella.com\/wp-content\/uploads\/2022\/10\/CROL-CENTRE-1-scaled-e1613118257349-2.webp","datePublished":"2021-02-10T09:20:14+00:00","dateModified":"2023-08-07T09:04:43+00:00","description":"Descobreix tots els serveis de natacio que t'ofereix el Crol Centre Calella, a la Costa de Barcelona i al costat de la platja.","breadcrumb":{"@id":"https:\/\/crolcentrecalella.com\/ca\/serveis\/#breadcrumb"},"inLanguage":"ca","potentialAction":[{"@type":"ReadAction","target":["https:\/\/crolcentrecalella.com\/ca\/serveis\/"]}]},{"@type":"ImageObject","inLanguage":"ca","@id":"https:\/\/crolcentrecalella.com\/ca\/serveis\/#primaryimage","url":"https:\/\/crolcentrecalella.com\/wp-content\/uploads\/2022\/10\/CROL-CENTRE-1-scaled-e1613118257349-2.webp","contentUrl":"https:\/\/crolcentrecalella.com\/wp-content\/uploads\/2022\/10\/CROL-CENTRE-1-scaled-e1613118257349-2.webp","width":719,"height":480,"caption":"Piscina Crol Centre"},{"@type":"BreadcrumbList","@id":"https:\/\/crolcentrecalella.com\/ca\/serveis\/#breadcrumb","itemListElement":[{"@type":"ListItem","position":1,"name":"Inici","item":"https:\/\/crolcentrecalella.com\/ca\/"},{"@type":"ListItem","position":2,"name":"Serveis"}]},{"@type":"WebSite","@id":"https:\/\/crolcentrecalella.com\/#website","url":"https:\/\/crolcentrecalella.com\/","name":"Crol Centre Calella","description":"Piscina ol\u00edmpica en la Costa de Barcelona","potentialAction":[{"@type":"SearchAction","target":{"@type":"EntryPoint","urlTemplate":"https:\/\/crolcentrecalella.com\/?s={search_term_string}"},"query-input":{"@type":"PropertyValueSpecification","valueRequired":true,"valueName":"search_term_string"}}],"inLanguage":"ca"}]}},"_links":{"self":[{"href":"https:\/\/crolcentrecalella.com\/ca\/wp-json\/wp\/v2\/pages\/536","targetHints":{"allow":["GET"]}}],"collection":[{"href":"https:\/\/crolcentrecalella.com\/ca\/wp-json\/wp\/v2\/pages"}],"about":[{"href":"https:\/\/crolcentrecalella.com\/ca\/wp-json\/wp\/v2\/types\/page"}],"author":[{"embeddable":true,"href":"https:\/\/crolcentrecalella.com\/ca\/wp-json\/wp\/v2\/users\/2"}],"replies":[{"embeddable":true,"href":"https:\/\/crolcentrecalella.com\/ca\/wp-json\/wp\/v2\/comments?post=536"}],"version-history":[{"count":2,"href":"https:\/\/crolcentrecalella.com\/ca\/wp-json\/wp\/v2\/pages\/536\/revisions"}],"predecessor-version":[{"id":6154,"href":"https:\/\/crolcentrecalella.com\/ca\/wp-json\/wp\/v2\/pages\/536\/revisions\/6154"}],"wp:featuredmedia":[{"embeddable":true,"href":"https:\/\/crolcentrecalella.com\/ca\/wp-json\/wp\/v2\/media\/3440"}],"wp:attachment":[{"href":"https:\/\/crolcentrecalella.com\/ca\/wp-json\/wp\/v2\/media?parent=536"}],"curies":[{"name":"wp","href":"https:\/\/api.w.org\/{rel}","templated":true}]}}