
{"id":564,"date":"2021-02-10T10:57:04","date_gmt":"2021-02-10T08:57:04","guid":{"rendered":"https:\/\/crolcentrecalella.com\/politica-de-cookies\/"},"modified":"2026-02-10T10:23:04","modified_gmt":"2026-02-10T08:23:04","slug":"politica-de-cookies","status":"publish","type":"page","link":"https:\/\/crolcentrecalella.com\/ca\/politica-de-cookies\/","title":{"rendered":"Pol\u00edtica de Cookies"},"content":{"rendered":"<p>[vc_row][vc_column][vc_column_text]<\/p>\n<h2 data-start=\"104\" data-end=\"131\">INFORMACI\u00d3 SOBRE COOKIES<\/h2>\n<p data-start=\"133\" data-end=\"640\">D\u2019acord amb la Llei 34\/2002, d\u201911 de juliol, de serveis de la societat de la informaci\u00f3 i de comer\u00e7 electr\u00f2nic (LSSI), en relaci\u00f3 amb el Reglament (UE) 2016\/679 del Parlament Europeu i del Consell, de 27 d\u2019abril de 2016, General de Protecci\u00f3 de Dades (RGPD), i la Llei org\u00e0nica 3\/2018, de 5 de desembre, de Protecci\u00f3 de Dades i Garantia dels Drets Digitals (LOPDGDD), \u00e9s obligatori obtenir el consentiment expr\u00e9s de l\u2019usuari de totes les p\u00e0gines web que utilitzen cookies prescindibles abans que hi navegui.<\/p>\n<h2 data-start=\"642\" data-end=\"665\">QU\u00c8 S\u00d3N LES COOKIES?<\/h2>\n<p data-start=\"667\" data-end=\"928\">Les cookies i altres tecnologies similars, com ara <em data-start=\"718\" data-end=\"740\">local shared objects<\/em>, <em data-start=\"742\" data-end=\"757\">flash cookies<\/em> o p\u00edxels, s\u00f3n eines utilitzades pels servidors web per emmagatzemar i recuperar informaci\u00f3 sobre els visitants, aix\u00ed com per oferir un funcionament correcte del lloc web.<\/p>\n<p data-start=\"930\" data-end=\"1158\">Mitjan\u00e7ant l\u2019\u00fas d\u2019aquests dispositius, el servidor web pot recordar algunes dades relatives a l\u2019usuari, com ara les prefer\u00e8ncies de visualitzaci\u00f3 de les p\u00e0gines, el nom i la contrasenya, els productes que m\u00e9s li interessen, etc.<\/p>\n<h2 data-start=\"1160\" data-end=\"1219\">COOKIES AFECTADES PER LA NORMATIVA I COOKIES EXCEPTUADES<\/h2>\n<p data-start=\"1221\" data-end=\"1545\">Segons la directiva de la UE, les cookies que requereixen el consentiment informat de l\u2019usuari s\u00f3n les cookies anal\u00edtiques i les de publicitat i afiliaci\u00f3, mentre que queden exceptuades les cookies t\u00e8cniques i les necess\u00e0ries per al funcionament del lloc web o la prestaci\u00f3 de serveis expressament sol\u00b7licitats per l\u2019usuari.<\/p>\n<h2 data-start=\"1547\" data-end=\"1566\">TIPUS DE COOKIES<\/h2>\n<h3 data-start=\"1568\" data-end=\"1591\">Segons la finalitat<\/h3>\n<p data-start=\"1593\" data-end=\"1763\"><strong data-start=\"1593\" data-end=\"1628\">Cookies t\u00e8cniques i funcionals:<\/strong> permeten a l\u2019usuari navegar per una p\u00e0gina web, plataforma o aplicaci\u00f3 i utilitzar les diferents opcions o serveis que s\u2019hi ofereixen.<\/p>\n<p data-start=\"1765\" data-end=\"2067\"><strong data-start=\"1765\" data-end=\"1789\">Cookies anal\u00edtiques:<\/strong> permeten al responsable el seguiment i l\u2019an\u00e0lisi del comportament dels usuaris dels llocs web als quals estan vinculades. La informaci\u00f3 recollida s\u2019utilitza per mesurar l\u2019activitat del lloc web i elaborar perfils de navegaci\u00f3 dels usuaris amb la finalitat d\u2019introduir millores.<\/p>\n<p data-start=\"2069\" data-end=\"2226\"><strong data-start=\"2069\" data-end=\"2095\">Cookies publicit\u00e0ries:<\/strong> permeten la gesti\u00f3, de la manera m\u00e9s efica\u00e7 possible, dels espais publicitaris inclosos en una p\u00e0gina web, aplicaci\u00f3 o plataforma.<\/p>\n<p data-start=\"2228\" data-end=\"2404\"><strong data-start=\"2228\" data-end=\"2269\">Cookies de publicitat comportamental:<\/strong> recullen informaci\u00f3 sobre les prefer\u00e8ncies i eleccions personals de l\u2019usuari per permetre la gesti\u00f3 eficient dels espais publicitaris.<\/p>\n<p data-start=\"2406\" data-end=\"2618\"><strong data-start=\"2406\" data-end=\"2426\">Cookies socials:<\/strong> establertes per les plataformes de xarxes socials per permetre compartir contingut amb amics i xarxes. Aquestes plataformes poden rastrejar l\u2019activitat en l\u00ednia de l\u2019usuari fora dels serveis.<\/p>\n<p data-start=\"2620\" data-end=\"2764\"><strong data-start=\"2620\" data-end=\"2643\">Cookies d\u2019afiliats:<\/strong> permeten fer un seguiment de les visites procedents d\u2019altres webs amb les quals el lloc web t\u00e9 un contracte d\u2019afiliaci\u00f3.<\/p>\n<p data-start=\"2766\" data-end=\"2852\"><strong data-start=\"2766\" data-end=\"2791\">Cookies de seguretat:<\/strong> emmagatzemen informaci\u00f3 xifrada per evitar atacs maliciosos.<\/p>\n<h3 data-start=\"2854\" data-end=\"2877\">Segons la propietat<\/h3>\n<p data-start=\"2879\" data-end=\"2987\"><strong data-start=\"2879\" data-end=\"2899\">Cookies pr\u00f2pies:<\/strong> s\u2019envien al dispositiu de l\u2019usuari des d\u2019un equip o domini gestionat pel mateix editor.<\/p>\n<p data-start=\"2989\" data-end=\"3133\"><strong data-start=\"2989\" data-end=\"3012\">Cookies de tercers:<\/strong> s\u2019envien des d\u2019un equip o domini gestionat per una altra entitat que tracta les dades obtingudes mitjan\u00e7ant les cookies.<\/p>\n<h3 data-start=\"3135\" data-end=\"3171\">Segons el termini de conservaci\u00f3<\/h3>\n<p data-start=\"3173\" data-end=\"3268\"><strong data-start=\"3173\" data-end=\"3195\">Cookies de sessi\u00f3:<\/strong> recullen i emmagatzemen dades mentre l\u2019usuari accedeix a una p\u00e0gina web.<\/p>\n<p data-start=\"3270\" data-end=\"3402\"><strong data-start=\"3270\" data-end=\"3294\">Cookies persistents:<\/strong> les dades romanen emmagatzemades durant un per\u00edode definit que pot anar des de minuts fins a diversos anys.<\/p>\n<h2 data-start=\"3404\" data-end=\"3436\">TRACTAMENT DE DADES PERSONALS<\/h2>\n<p data-start=\"3438\" data-end=\"3620\">COVA CALELLA, S.L. \u00e9s el Responsable del tractament de les dades personals de l\u2019interessat i informa que aquestes dades seran tractades d\u2019acord amb el Reglament (UE) 2016\/679 (RGPD).<\/p>\n<p data-start=\"3622\" data-end=\"4078\"><strong data-start=\"3622\" data-end=\"3652\">Finalitats del tractament:<\/strong> segons el que s\u2019especifica a l\u2019apartat de cookies utilitzades en aquest lloc web.<br data-start=\"3734\" data-end=\"3737\" \/><strong data-start=\"3737\" data-end=\"3768\">Legitimaci\u00f3 del tractament:<\/strong> consentiment de l\u2019interessat (art. 6.1.a RGPD), excepte en els casos necessaris per a la navegaci\u00f3.<br data-start=\"3868\" data-end=\"3871\" \/><strong data-start=\"3871\" data-end=\"3899\">Criteris de conservaci\u00f3:<\/strong> segons el que s\u2019especifica a l\u2019apartat de cookies utilitzades.<br data-start=\"3962\" data-end=\"3965\" \/><strong data-start=\"3965\" data-end=\"3990\">Comunicaci\u00f3 de dades:<\/strong> no es comunicaran dades a tercers, excepte en cookies de tercers o per obligaci\u00f3 legal.<\/p>\n<p data-start=\"4080\" data-end=\"4106\"><strong data-start=\"4080\" data-end=\"4106\">Drets de l\u2019interessat:<\/strong><\/p>\n<ul data-start=\"4107\" data-end=\"4331\">\n<li data-start=\"4107\" data-end=\"4155\">\n<p data-start=\"4109\" data-end=\"4155\">Retirar el consentiment en qualsevol moment.<\/p>\n<\/li>\n<li data-start=\"4156\" data-end=\"4219\">\n<p data-start=\"4158\" data-end=\"4219\">Acc\u00e9s, rectificaci\u00f3, portabilitat i supressi\u00f3 de les dades.<\/p>\n<\/li>\n<li data-start=\"4220\" data-end=\"4259\">\n<p data-start=\"4222\" data-end=\"4259\">Limitaci\u00f3 o oposici\u00f3 al tractament.<\/p>\n<\/li>\n<li data-start=\"4260\" data-end=\"4331\">\n<p data-start=\"4262\" data-end=\"4331\">Presentar una reclamaci\u00f3 davant l\u2019autoritat de control (<a class=\"decorated-link\" href=\"http:\/\/www.aepd.es\" target=\"_new\" rel=\"noopener\" data-start=\"4318\" data-end=\"4329\">www.aepd.es<\/a>).<\/p>\n<\/li>\n<\/ul>\n<p data-start=\"4333\" data-end=\"4474\"><strong data-start=\"4333\" data-end=\"4377\">Dades de contacte per exercir els drets:<\/strong><br data-start=\"4377\" data-end=\"4380\" \/>COVA CALELLA, S.L.<br data-start=\"4398\" data-end=\"4401\" \/>AV. TURISME, 106 \u2013 08370 CALELLA (Barcelona)<br data-start=\"4445\" data-end=\"4448\" \/><a class=\"decorated-link cursor-pointer\" rel=\"noopener\" data-start=\"4448\" data-end=\"4474\">info@crolcentrecalella.com<\/a><\/p>\n<h2 data-start=\"4476\" data-end=\"4517\">COOKIES UTILITZADES EN AQUEST LLOC WEB<\/h2>\n<h3 data-start=\"4519\" data-end=\"4555\">Cookies controlades per l\u2019editor<\/h3>\n<p data-start=\"4557\" data-end=\"4778\"><strong data-start=\"4557\" data-end=\"4584\">T\u00e8cniques i funcionals:<\/strong> cookies necess\u00e0ries per a l\u2019\u00fas de les opcions i serveis del lloc web (Cloudflare, Google, YouTube, etc.), amb terminis de conservaci\u00f3 que poden anar de sessi\u00f3 fins a un any o m\u00e9s segons el cas.<\/p>\n<p data-start=\"4780\" data-end=\"4903\"><strong data-start=\"4780\" data-end=\"4796\">Anal\u00edtiques:<\/strong> cookies de Google Analytics (_ga, _gid) utilitzades per identificar usuaris i analitzar l\u2019\u00fas del lloc web.<\/p>\n<p data-start=\"4905\" data-end=\"5041\"><strong data-start=\"4905\" data-end=\"4923\">Publicit\u00e0ries:<\/strong> cookies de Google (APISID, HSID, NID, SAPISID, SID, SSID, etc.) utilitzades per personalitzar anuncis i prefer\u00e8ncies.<\/p>\n<h2 data-start=\"5043\" data-end=\"5064\">COOKIES DE TERCERS<\/h2>\n<p data-start=\"5066\" data-end=\"5234\">Els serveis de tercers s\u00f3n aliens al control de l\u2019editor i els prove\u00efdors poden modificar en qualsevol moment les seves condicions de servei, finalitat i \u00fas de cookies.<\/p>\n<p data-start=\"5236\" data-end=\"5268\">Prove\u00efdors externs del lloc web:<\/p>\n<ul data-start=\"5269\" data-end=\"5312\">\n<li data-start=\"5269\" data-end=\"5289\">\n<p data-start=\"5271\" data-end=\"5289\">Google Analytics<\/p>\n<\/li>\n<li data-start=\"5290\" data-end=\"5300\">\n<p data-start=\"5292\" data-end=\"5300\">Google<\/p>\n<\/li>\n<li data-start=\"5301\" data-end=\"5312\">\n<p data-start=\"5303\" data-end=\"5312\">YouTube<\/p>\n<\/li>\n<\/ul>\n<p data-start=\"5314\" data-end=\"5339\">Pol\u00edtiques de privacitat:<\/p>\n<ul data-start=\"5340\" data-end=\"5480\">\n<li data-start=\"5340\" data-end=\"5388\">\n<p data-start=\"5342\" data-end=\"5388\"><a class=\"decorated-link\" href=\"https:\/\/privacy.google.com\/take-control.html\" target=\"_new\" rel=\"noopener\" data-start=\"5342\" data-end=\"5386\">https:\/\/privacy.google.com\/take-control.html<\/a><\/p>\n<\/li>\n<li data-start=\"5389\" data-end=\"5440\">\n<p data-start=\"5391\" data-end=\"5440\"><a class=\"decorated-link\" href=\"https:\/\/safety.google\/privacy\/privacy-controls\/\" target=\"_new\" rel=\"noopener\" data-start=\"5391\" data-end=\"5438\">https:\/\/safety.google\/privacy\/privacy-controls\/<\/a><\/p>\n<\/li>\n<li data-start=\"5441\" data-end=\"5480\">\n<p data-start=\"5443\" data-end=\"5480\"><a class=\"decorated-link\" href=\"https:\/\/policies.google.com\/privacy\" target=\"_new\" rel=\"noopener\" data-start=\"5443\" data-end=\"5478\">https:\/\/policies.google.com\/privacy<\/a><\/p>\n<\/li>\n<\/ul>\n<h2 data-start=\"5482\" data-end=\"5518\">PANELL DE CONFIGURACI\u00d3 DE COOKIES<\/h2>\n<p data-start=\"5520\" data-end=\"5696\">Des d\u2019aquest panell podreu configurar les cookies que el lloc web pot instal\u00b7lar al vostre navegador, excepte les cookies t\u00e8cniques o funcionals necess\u00e0ries per a la navegaci\u00f3.<\/p>\n<h2 data-start=\"5698\" data-end=\"5744\">COM GESTIONAR LES COOKIES DES DEL NAVEGADOR<\/h2>\n<p data-start=\"5746\" data-end=\"5902\"><strong data-start=\"5746\" data-end=\"5767\">Eliminar cookies:<\/strong> es poden eliminar esborrant l\u2019historial del navegador, fet que tamb\u00e9 pot eliminar dades guardades com inicis de sessi\u00f3 o prefer\u00e8ncies.<\/p>\n<p data-start=\"5904\" data-end=\"6009\"><strong data-start=\"5904\" data-end=\"5939\">Gestionar cookies espec\u00edfiques:<\/strong> es pot ajustar la configuraci\u00f3 de privacitat i cookies del navegador.<\/p>\n<p data-start=\"6011\" data-end=\"6156\"><strong data-start=\"6011\" data-end=\"6033\">Bloquejar cookies:<\/strong> la configuraci\u00f3 del navegador pot impedir la instal\u00b7laci\u00f3 de cookies, per\u00f2 alguns serveis poden no funcionar correctament.<\/p>\n<h2 data-start=\"6158\" data-end=\"6211\">COM ELIMINAR LES COOKIES ALS NAVEGADORS M\u00c9S COMUNS<\/h2>\n<p data-start=\"6213\" data-end=\"6735\">Chrome: <a class=\"decorated-link\" href=\"http:\/\/support.google.com\/chrome\/answer\/95647?hl=es\" target=\"_new\" rel=\"noopener\" data-start=\"6221\" data-end=\"6272\">http:\/\/support.google.com\/chrome\/answer\/95647?hl=es<\/a><br data-start=\"6272\" data-end=\"6275\" \/>Edge: <a class=\"decorated-link\" href=\"https:\/\/support.microsoft.com\/es-es\/microsoft-edge\/eliminar-las-cookies-en-microsoft-edge-63947406-40ac-c3b8-57b9-2a946a29ae09\" target=\"_new\" rel=\"noopener\" data-start=\"6281\" data-end=\"6407\">https:\/\/support.microsoft.com\/es-es\/microsoft-edge\/eliminar-las-cookies-en-microsoft-edge-63947406-40ac-c3b8-57b9-2a946a29ae09<\/a><br data-start=\"6407\" data-end=\"6410\" \/>Explorer: <a class=\"decorated-link\" href=\"https:\/\/support.microsoft.com\/es-es\/help\/278835\/how-to-delete-cookie-files-in-internet-explorer\" target=\"_new\" rel=\"noopener\" data-start=\"6420\" data-end=\"6515\">https:\/\/support.microsoft.com\/es-es\/help\/278835\/how-to-delete-cookie-files-in-internet-explorer<\/a><br data-start=\"6515\" data-end=\"6518\" \/>Firefox: <a class=\"decorated-link\" href=\"https:\/\/www.mozilla.org\/es-ES\/privacy\/websites\/#cookies\" target=\"_new\" rel=\"noopener\" data-start=\"6527\" data-end=\"6582\">https:\/\/www.mozilla.org\/es-ES\/privacy\/websites\/#cookies<\/a><br data-start=\"6582\" data-end=\"6585\" \/>Safari: <a class=\"decorated-link\" href=\"https:\/\/support.apple.com\/es-es\/guide\/safari\/sfri11471\/mac\" target=\"_new\" rel=\"noopener\" data-start=\"6593\" data-end=\"6651\">https:\/\/support.apple.com\/es-es\/guide\/safari\/sfri11471\/mac<\/a><br data-start=\"6651\" data-end=\"6654\" \/>Opera: <a class=\"decorated-link\" href=\"https:\/\/help.opera.com\/en\/latest\/security-and-privacy\/#clearBrowsingData\" target=\"_new\" rel=\"noopener\" data-start=\"6661\" data-end=\"6733\">https:\/\/help.opera.com\/en\/latest\/security-and-privacy\/#clearBrowsingData<\/a><\/p>\n<p>[\/vc_column_text][\/vc_column][\/vc_row]<\/p>\n","protected":false},"excerpt":{"rendered":"<p>[vc_row][vc_column][vc_column_text] INFORMACI\u00d3 SOBRE COOKIES D\u2019acord amb la Llei 34\/2002, d\u201911 de juliol, de serveis de la societat de la informaci\u00f3 i de comer\u00e7 electr\u00f2nic (LSSI), en relaci\u00f3 amb el Reglament (UE) 2016\/679 del Parlament Europeu i del Consell, de 27 d\u2019abril de 2016, General de&#8230;<\/p>\n","protected":false},"author":2,"featured_media":0,"parent":0,"menu_order":0,"comment_status":"closed","ping_status":"closed","template":"","meta":{"footnotes":""},"class_list":["post-564","page","type-page","status-publish","hentry"],"yoast_head":"<!-- This site is optimized with the Yoast SEO plugin v26.8 - https:\/\/yoast.com\/product\/yoast-seo-wordpress\/ -->\n<title>Pol\u00edtica de Cookies - Crol Centre Calella<\/title>\n<meta name=\"robots\" content=\"index, follow, max-snippet:-1, max-image-preview:large, max-video-preview:-1\" \/>\n<link rel=\"canonical\" href=\"https:\/\/crolcentrecalella.com\/ca\/politica-de-cookies\/\" \/>\n<meta property=\"og:locale\" content=\"ca_ES\" \/>\n<meta property=\"og:type\" content=\"article\" \/>\n<meta property=\"og:title\" content=\"Pol\u00edtica de Cookies - Crol Centre Calella\" \/>\n<meta property=\"og:description\" content=\"[vc_row][vc_column][vc_column_text] INFORMACI\u00d3 SOBRE COOKIES D\u2019acord amb la Llei 34\/2002, d\u201911 de juliol, de serveis de la societat de la informaci\u00f3 i de comer\u00e7 electr\u00f2nic (LSSI), en relaci\u00f3 amb el Reglament (UE) 2016\/679 del Parlament Europeu i del Consell, de 27 d\u2019abril de 2016, General de...\" \/>\n<meta property=\"og:url\" content=\"https:\/\/crolcentrecalella.com\/ca\/politica-de-cookies\/\" \/>\n<meta property=\"og:site_name\" content=\"Crol Centre Calella\" \/>\n<meta property=\"article:modified_time\" content=\"2026-02-10T08:23:04+00:00\" \/>\n<meta name=\"twitter:card\" content=\"summary_large_image\" \/>\n<meta name=\"twitter:label1\" content=\"Temps estimat de lectura\" \/>\n\t<meta name=\"twitter:data1\" content=\"4 minuts\" \/>\n<script type=\"application\/ld+json\" class=\"yoast-schema-graph\">{\"@context\":\"https:\/\/schema.org\",\"@graph\":[{\"@type\":\"WebPage\",\"@id\":\"https:\/\/crolcentrecalella.com\/ca\/politica-de-cookies\/\",\"url\":\"https:\/\/crolcentrecalella.com\/ca\/politica-de-cookies\/\",\"name\":\"Pol\u00edtica de Cookies - Crol Centre Calella\",\"isPartOf\":{\"@id\":\"https:\/\/crolcentrecalella.com\/#website\"},\"datePublished\":\"2021-02-10T08:57:04+00:00\",\"dateModified\":\"2026-02-10T08:23:04+00:00\",\"breadcrumb\":{\"@id\":\"https:\/\/crolcentrecalella.com\/ca\/politica-de-cookies\/#breadcrumb\"},\"inLanguage\":\"ca\",\"potentialAction\":[{\"@type\":\"ReadAction\",\"target\":[\"https:\/\/crolcentrecalella.com\/ca\/politica-de-cookies\/\"]}]},{\"@type\":\"BreadcrumbList\",\"@id\":\"https:\/\/crolcentrecalella.com\/ca\/politica-de-cookies\/#breadcrumb\",\"itemListElement\":[{\"@type\":\"ListItem\",\"position\":1,\"name\":\"Inici\",\"item\":\"https:\/\/crolcentrecalella.com\/ca\/\"},{\"@type\":\"ListItem\",\"position\":2,\"name\":\"Pol\u00edtica de Cookies\"}]},{\"@type\":\"WebSite\",\"@id\":\"https:\/\/crolcentrecalella.com\/#website\",\"url\":\"https:\/\/crolcentrecalella.com\/\",\"name\":\"Crol Centre Calella\",\"description\":\"Piscina ol\u00edmpica en la Costa de Barcelona\",\"potentialAction\":[{\"@type\":\"SearchAction\",\"target\":{\"@type\":\"EntryPoint\",\"urlTemplate\":\"https:\/\/crolcentrecalella.com\/?s={search_term_string}\"},\"query-input\":{\"@type\":\"PropertyValueSpecification\",\"valueRequired\":true,\"valueName\":\"search_term_string\"}}],\"inLanguage\":\"ca\"}]}<\/script>\n<!-- \/ Yoast SEO plugin. -->","yoast_head_json":{"title":"Pol\u00edtica de Cookies - Crol Centre Calella","robots":{"index":"index","follow":"follow","max-snippet":"max-snippet:-1","max-image-preview":"max-image-preview:large","max-video-preview":"max-video-preview:-1"},"canonical":"https:\/\/crolcentrecalella.com\/ca\/politica-de-cookies\/","og_locale":"ca_ES","og_type":"article","og_title":"Pol\u00edtica de Cookies - Crol Centre Calella","og_description":"[vc_row][vc_column][vc_column_text] INFORMACI\u00d3 SOBRE COOKIES D\u2019acord amb la Llei 34\/2002, d\u201911 de juliol, de serveis de la societat de la informaci\u00f3 i de comer\u00e7 electr\u00f2nic (LSSI), en relaci\u00f3 amb el Reglament (UE) 2016\/679 del Parlament Europeu i del Consell, de 27 d\u2019abril de 2016, General de...","og_url":"https:\/\/crolcentrecalella.com\/ca\/politica-de-cookies\/","og_site_name":"Crol Centre Calella","article_modified_time":"2026-02-10T08:23:04+00:00","twitter_card":"summary_large_image","twitter_misc":{"Temps estimat de lectura":"4 minuts"},"schema":{"@context":"https:\/\/schema.org","@graph":[{"@type":"WebPage","@id":"https:\/\/crolcentrecalella.com\/ca\/politica-de-cookies\/","url":"https:\/\/crolcentrecalella.com\/ca\/politica-de-cookies\/","name":"Pol\u00edtica de Cookies - Crol Centre Calella","isPartOf":{"@id":"https:\/\/crolcentrecalella.com\/#website"},"datePublished":"2021-02-10T08:57:04+00:00","dateModified":"2026-02-10T08:23:04+00:00","breadcrumb":{"@id":"https:\/\/crolcentrecalella.com\/ca\/politica-de-cookies\/#breadcrumb"},"inLanguage":"ca","potentialAction":[{"@type":"ReadAction","target":["https:\/\/crolcentrecalella.com\/ca\/politica-de-cookies\/"]}]},{"@type":"BreadcrumbList","@id":"https:\/\/crolcentrecalella.com\/ca\/politica-de-cookies\/#breadcrumb","itemListElement":[{"@type":"ListItem","position":1,"name":"Inici","item":"https:\/\/crolcentrecalella.com\/ca\/"},{"@type":"ListItem","position":2,"name":"Pol\u00edtica de Cookies"}]},{"@type":"WebSite","@id":"https:\/\/crolcentrecalella.com\/#website","url":"https:\/\/crolcentrecalella.com\/","name":"Crol Centre Calella","description":"Piscina ol\u00edmpica en la Costa de Barcelona","potentialAction":[{"@type":"SearchAction","target":{"@type":"EntryPoint","urlTemplate":"https:\/\/crolcentrecalella.com\/?s={search_term_string}"},"query-input":{"@type":"PropertyValueSpecification","valueRequired":true,"valueName":"search_term_string"}}],"inLanguage":"ca"}]}},"_links":{"self":[{"href":"https:\/\/crolcentrecalella.com\/ca\/wp-json\/wp\/v2\/pages\/564","targetHints":{"allow":["GET"]}}],"collection":[{"href":"https:\/\/crolcentrecalella.com\/ca\/wp-json\/wp\/v2\/pages"}],"about":[{"href":"https:\/\/crolcentrecalella.com\/ca\/wp-json\/wp\/v2\/types\/page"}],"author":[{"embeddable":true,"href":"https:\/\/crolcentrecalella.com\/ca\/wp-json\/wp\/v2\/users\/2"}],"replies":[{"embeddable":true,"href":"https:\/\/crolcentrecalella.com\/ca\/wp-json\/wp\/v2\/comments?post=564"}],"version-history":[{"count":2,"href":"https:\/\/crolcentrecalella.com\/ca\/wp-json\/wp\/v2\/pages\/564\/revisions"}],"predecessor-version":[{"id":7342,"href":"https:\/\/crolcentrecalella.com\/ca\/wp-json\/wp\/v2\/pages\/564\/revisions\/7342"}],"wp:attachment":[{"href":"https:\/\/crolcentrecalella.com\/ca\/wp-json\/wp\/v2\/media?parent=564"}],"curies":[{"name":"wp","href":"https:\/\/api.w.org\/{rel}","templated":true}]}}