
{"id":430,"date":"2021-02-09T13:20:46","date_gmt":"2021-02-09T11:20:46","guid":{"rendered":"https:\/\/crolcentrecalella.com\/hotel-bernat-ii\/"},"modified":"2022-10-31T14:27:46","modified_gmt":"2022-10-31T12:27:46","slug":"hotel-bernat-ii","status":"publish","type":"page","link":"https:\/\/crolcentrecalella.com\/de\/hotel-bernat-ii\/","title":{"rendered":"Hotel Bernat II"},"content":{"rendered":"<p>[vc_row content_width=&#8220;grid&#8220; css=&#8220;.vc_custom_1612871092410{padding-top: 100px !important;}&#8220;][vc_column width=&#8220;1\/2&#8243;]<div class=\"mkdf-section-title-holder\">\r\n\t<h2 class=\"mkdf-section-title\" >\r\n\tEl Hotel<\/h2>\r\n<\/div>[vc_column_text]Das <a href=\"https:\/\/www.hotelbernatcalella.com\/de\/\">Hotel Bernat II<\/a> ist ein 4-Sterne-Superior-Hotel, das 100 m vom Strand und 5 Minuten vom Einkaufszentrum entfernt liegt.<\/p>\n<p>Alle Zimmer verf\u00fcgen \u00fcber komplettes Bad, Haartrockner, Terrasse, Klimaanlage, Heizung, Sat-TV, Telefon, Minibar und Schlie\u00dffach zum Mieten.<\/p>\n<p>Das Hotel wartet mit einem eigenen Restaurant auf, das &#8211; ob Fr\u00fchst\u00fcck, Mittagessen oder Abendessen &#8211; eine gro\u00dfe Auswahl an Speisen aus der mediterranen K\u00fcche am Buffet mit Showk\u00fcche serviert. Der Ma\u00eetre und das \u00fcbrige K\u00fcchen- und Speisesaalteam k\u00fcmmern sich pers\u00f6nlich um Sie. Sie finden eine gro\u00dfe Auswahl an Fleisch- und Fischgerichten, Salaten, Pasta nach Ihrem Geschmack und ofenfrischen Pizzas vor. Dieses Restaurant bietet auch bei jeglichen Unvertr\u00e4glichkeiten oder Allergien spezielle Men\u00fcs an. Geben Sie dem Speisesaalpersonal Bescheid, und wir werden Ihnen die Speisen nach Ihren W\u00fcnschen zubereiten.[\/vc_column_text][\/vc_column][vc_column width=&#8220;1\/2&#8243;]<div class=\"mkdf-animations-holder mkdf-element-from-right\" data-animation=\"mkdf-element-from-right\">\r\n\t<div style=\"animation-duration: 700ms;-webkit-animation-duration: 700ms;-moz-animation-duration: 700ms\">\r\n\t\t[vc_single_image image=&#8220;3365&#8243; img_size=&#8220;large&#8220;]\t<\/div>\r\n\r\n<\/div>[\/vc_column][\/vc_row][vc_row content_width=&#8220;grid&#8220; css=&#8220;.vc_custom_1667218006891{padding-top: 100px !important;padding-bottom: 100px !important;}&#8220;][vc_column width=&#8220;1\/2&#8243;]<div class=\"mkdf-animations-holder mkdf-element-from-left\" data-animation=\"mkdf-element-from-left\">\r\n\t<div style=\"animation-duration: 700ms;-webkit-animation-duration: 700ms;-moz-animation-duration: 700ms\">\r\n\t\t<div class=\"mkdf-image-gallery\">\r\n\t<div class=\"mkdf-image-gallery-slider\" data-autoplay=\"3\" data-animation=\"slide\" data-navigation=\"no\" data-pagination=\"no\">\r\n\t\t\t\t\t\t<a href=\"https:\/\/crolcentrecalella.com\/wp-content\/uploads\/2022\/10\/hotelbernatcalella2.webp\" data-rel=\"prettyPhoto[single_pretty_photo]\" title=\"hotelbernatcalella2\">\r\n\t\t\t\t\t\t\t\t\t\t<img loading=\"lazy\" decoding=\"async\" width=\"719\" height=\"464\" src=\"https:\/\/crolcentrecalella.com\/wp-content\/uploads\/2022\/10\/hotelbernatcalella2.webp\" class=\"attachment-large size-large\" alt=\"Hotel Bernat Calella 3\" srcset=\"https:\/\/crolcentrecalella.com\/wp-content\/uploads\/2022\/10\/hotelbernatcalella2.webp 719w, https:\/\/crolcentrecalella.com\/wp-content\/uploads\/2022\/10\/hotelbernatcalella2-300x194.webp 300w\" sizes=\"auto, (max-width: 719px) 100vw, 719px\" \/>\t\t\t\t\t\t\t\t\t\t<\/a>\r\n\t\t\t\t\t\t\t<a href=\"https:\/\/crolcentrecalella.com\/wp-content\/uploads\/2022\/10\/BERNAT6-e1613059667596.webp\" data-rel=\"prettyPhoto[single_pretty_photo]\" title=\"BERNAT6-e1613059667596\">\r\n\t\t\t\t\t\t\t\t\t\t<img loading=\"lazy\" decoding=\"async\" width=\"719\" height=\"480\" src=\"https:\/\/crolcentrecalella.com\/wp-content\/uploads\/2022\/10\/BERNAT6-e1613059667596.webp\" class=\"attachment-large size-large\" alt=\"Hotel Bernat Calella 3\" srcset=\"https:\/\/crolcentrecalella.com\/wp-content\/uploads\/2022\/10\/BERNAT6-e1613059667596.webp 719w, https:\/\/crolcentrecalella.com\/wp-content\/uploads\/2022\/10\/BERNAT6-e1613059667596-300x200.webp 300w\" sizes=\"auto, (max-width: 719px) 100vw, 719px\" \/>\t\t\t\t\t\t\t\t\t\t<\/a>\r\n\t\t\t\t\t\t\t<a href=\"https:\/\/crolcentrecalella.com\/wp-content\/uploads\/2022\/10\/bernat.webp\" data-rel=\"prettyPhoto[single_pretty_photo]\" title=\"bernat\">\r\n\t\t\t\t\t\t\t\t\t\t<img loading=\"lazy\" decoding=\"async\" width=\"780\" height=\"518\" src=\"https:\/\/crolcentrecalella.com\/wp-content\/uploads\/2022\/10\/bernat.webp\" class=\"attachment-large size-large\" alt=\"Crol Centre Calella - Piscina ol\u00edmpica - Hotel Bernat II - Calella Costa de Barcelona\" srcset=\"https:\/\/crolcentrecalella.com\/wp-content\/uploads\/2022\/10\/bernat.webp 780w, https:\/\/crolcentrecalella.com\/wp-content\/uploads\/2022\/10\/bernat-300x199.webp 300w, https:\/\/crolcentrecalella.com\/wp-content\/uploads\/2022\/10\/bernat-768x510.webp 768w\" sizes=\"auto, (max-width: 780px) 100vw, 780px\" \/>\t\t\t\t\t\t\t\t\t\t<\/a>\r\n\t\t\t\t\t\t\t<a href=\"https:\/\/crolcentrecalella.com\/wp-content\/uploads\/2022\/10\/hotelbernatcalella3.webp\" data-rel=\"prettyPhoto[single_pretty_photo]\" title=\"hotelbernatcalella3\">\r\n\t\t\t\t\t\t\t\t\t\t<img loading=\"lazy\" decoding=\"async\" width=\"720\" height=\"479\" src=\"https:\/\/crolcentrecalella.com\/wp-content\/uploads\/2022\/10\/hotelbernatcalella3.webp\" class=\"attachment-large size-large\" alt=\"Hotel Bernat Calella 3\" srcset=\"https:\/\/crolcentrecalella.com\/wp-content\/uploads\/2022\/10\/hotelbernatcalella3.webp 720w, https:\/\/crolcentrecalella.com\/wp-content\/uploads\/2022\/10\/hotelbernatcalella3-300x200.webp 300w\" sizes=\"auto, (max-width: 720px) 100vw, 720px\" \/>\t\t\t\t\t\t\t\t\t\t<\/a>\r\n\t\t\t\t<\/div>\r\n<\/div>\t<\/div>\r\n\r\n<\/div>[\/vc_column][vc_column width=&#8220;1\/2&#8243;][vc_column_text]<\/p>\n<h2>Einrichtungen<\/h2>\n<p style=\"text-align: left;\">Seine Einrichtungen werden erg\u00e4nzt durch Swimmingpools im Freien f\u00fcr Erwachsene und Kinder, Pianobar, Aufenthaltsraum mit Sat-TV, Klimaanlage, Heizung, Wellnessbereich mit Spa, Wassermassagepool, finnische Sauna, Dampfbad, sequentielle bithermische Dusche, bithermische Nebeldusche und Behandlungskabinen.\u00a0 Parkplatz in 200 m Entfernung gegen Geb\u00fchr. Kostenloses WLAN im gesamten Hotel und Computerbereich.<\/p>\n<p style=\"text-align: left;\">Es verf\u00fcgt auch \u00fcber Tagungsr\u00e4ume mit einer Kapazit\u00e4t von 10 bis 150 Teilnehmern, die auf Anfrage mit einem Projektor, einer Leinwand, einer Tafel und einem Laptop ausgestattet werden.<\/p>\n<p style=\"text-align: left;\">Im Juli und August ist ein Spielsaal mit Spielautomaten, Tischtennisplatte und Billardtisch verf\u00fcgbar. Es werden Mini-Olympiaden, Wettrennen, Spiele und Sportaktivit\u00e4ten am Strand und Ausfl\u00fcge in die Berge veranstaltet. F\u00fcr Erwachsene finden diverse Sportaktivit\u00e4ten am Strand (Beachvolleyball, Beach-Fu\u00dfball) und im Hotel (Darts, Tischtennis, Schie\u00dfen mit Pistole) und abends t\u00e4glich die Show Time mit Spielen, Shows und Vorstellungen statt.<\/p>\n<p style=\"text-align: left;\">Dar\u00fcber hinaus genie\u00dfen unsere G\u00e4ste an der Strandbar BAHARI CLUB besondere Vorteile, eine Pr\u00e4ferenzbehandlung und erhebliche Preisnachl\u00e4sse auf Getr\u00e4nke, Liegest\u00fchle und Sonderveranstaltungen an Feiertagen.<\/p>\n<p>[\/vc_column_text][\/vc_column][\/vc_row]<\/p>\n","protected":false},"excerpt":{"rendered":"<p>[vc_row content_width=&#8220;grid&#8220; css=&#8220;.vc_custom_1612871092410{padding-top: 100px !important;}&#8220;][vc_column width=&#8220;1\/2&#8243;][vc_column_text]Das Hotel Bernat II ist ein 4-Sterne-Superior-Hotel, das 100 m vom Strand und 5 Minuten vom Einkaufszentrum entfernt liegt. Alle Zimmer verf\u00fcgen \u00fcber komplettes Bad, Haartrockner, Terrasse, Klimaanlage, Heizung, Sat-TV, Telefon, Minibar und Schlie\u00dffach zum Mieten. Das Hotel wartet mit&#8230;<\/p>\n","protected":false},"author":2,"featured_media":3365,"parent":0,"menu_order":0,"comment_status":"closed","ping_status":"closed","template":"","meta":{"footnotes":""},"class_list":["post-430","page","type-page","status-publish","has-post-thumbnail","hentry"],"yoast_head":"<!-- This site is optimized with the Yoast SEO plugin v26.8 - https:\/\/yoast.com\/product\/yoast-seo-wordpress\/ -->\n<title>Hotel Bernat II - Olympischer Pool im Barcelona - Crol Centre Calella<\/title>\n<meta name=\"description\" content=\"Die besten Schwimmb\u00fchnen im Hotel Bernat II. Olympischer Pool und Strand 50 Meter entfernt an der K\u00fcste von Barcelona. Cliken zu genieSen!\" \/>\n<meta name=\"robots\" content=\"index, follow, max-snippet:-1, max-image-preview:large, max-video-preview:-1\" \/>\n<link rel=\"canonical\" href=\"https:\/\/crolcentrecalella.com\/de\/hotel-bernat-ii\/\" \/>\n<meta property=\"og:locale\" content=\"de_DE\" \/>\n<meta property=\"og:type\" content=\"article\" \/>\n<meta property=\"og:title\" content=\"Hotel Bernat II - Olympischer Pool im Barcelona - Crol Centre Calella\" \/>\n<meta property=\"og:description\" content=\"Die besten Schwimmb\u00fchnen im Hotel Bernat II. Olympischer Pool und Strand 50 Meter entfernt an der K\u00fcste von Barcelona. Cliken zu genieSen!\" \/>\n<meta property=\"og:url\" content=\"https:\/\/crolcentrecalella.com\/de\/hotel-bernat-ii\/\" \/>\n<meta property=\"og:site_name\" content=\"Crol Centre Calella\" \/>\n<meta property=\"article:modified_time\" content=\"2022-10-31T12:27:46+00:00\" \/>\n<meta property=\"og:image\" content=\"https:\/\/crolcentrecalella.com\/wp-content\/uploads\/2022\/10\/bernat.webp\" \/>\n\t<meta property=\"og:image:width\" content=\"780\" \/>\n\t<meta property=\"og:image:height\" content=\"518\" \/>\n\t<meta property=\"og:image:type\" content=\"image\/webp\" \/>\n<meta name=\"twitter:card\" content=\"summary_large_image\" \/>\n<meta name=\"twitter:label1\" content=\"Gesch\u00e4tzte Lesezeit\" \/>\n\t<meta name=\"twitter:data1\" content=\"2\u00a0Minuten\" \/>\n<script type=\"application\/ld+json\" class=\"yoast-schema-graph\">{\"@context\":\"https:\/\/schema.org\",\"@graph\":[{\"@type\":\"WebPage\",\"@id\":\"https:\/\/crolcentrecalella.com\/de\/hotel-bernat-ii\/\",\"url\":\"https:\/\/crolcentrecalella.com\/de\/hotel-bernat-ii\/\",\"name\":\"Hotel Bernat II - Olympischer Pool im Barcelona - Crol Centre Calella\",\"isPartOf\":{\"@id\":\"https:\/\/crolcentrecalella.com\/#website\"},\"primaryImageOfPage\":{\"@id\":\"https:\/\/crolcentrecalella.com\/de\/hotel-bernat-ii\/#primaryimage\"},\"image\":{\"@id\":\"https:\/\/crolcentrecalella.com\/de\/hotel-bernat-ii\/#primaryimage\"},\"thumbnailUrl\":\"https:\/\/crolcentrecalella.com\/wp-content\/uploads\/2022\/10\/bernat.webp\",\"datePublished\":\"2021-02-09T11:20:46+00:00\",\"dateModified\":\"2022-10-31T12:27:46+00:00\",\"description\":\"Die besten Schwimmb\u00fchnen im Hotel Bernat II. Olympischer Pool und Strand 50 Meter entfernt an der K\u00fcste von Barcelona. Cliken zu genieSen!\",\"breadcrumb\":{\"@id\":\"https:\/\/crolcentrecalella.com\/de\/hotel-bernat-ii\/#breadcrumb\"},\"inLanguage\":\"de\",\"potentialAction\":[{\"@type\":\"ReadAction\",\"target\":[\"https:\/\/crolcentrecalella.com\/de\/hotel-bernat-ii\/\"]}]},{\"@type\":\"ImageObject\",\"inLanguage\":\"de\",\"@id\":\"https:\/\/crolcentrecalella.com\/de\/hotel-bernat-ii\/#primaryimage\",\"url\":\"https:\/\/crolcentrecalella.com\/wp-content\/uploads\/2022\/10\/bernat.webp\",\"contentUrl\":\"https:\/\/crolcentrecalella.com\/wp-content\/uploads\/2022\/10\/bernat.webp\",\"width\":780,\"height\":518,\"caption\":\"Crol Centre Calella - Piscina ol\u00edmpica - Hotel Bernat II - Calella Costa de Barcelona\"},{\"@type\":\"BreadcrumbList\",\"@id\":\"https:\/\/crolcentrecalella.com\/de\/hotel-bernat-ii\/#breadcrumb\",\"itemListElement\":[{\"@type\":\"ListItem\",\"position\":1,\"name\":\"Inici\",\"item\":\"https:\/\/crolcentrecalella.com\/de\/\"},{\"@type\":\"ListItem\",\"position\":2,\"name\":\"Hotel Bernat II\"}]},{\"@type\":\"WebSite\",\"@id\":\"https:\/\/crolcentrecalella.com\/#website\",\"url\":\"https:\/\/crolcentrecalella.com\/\",\"name\":\"Crol Centre Calella\",\"description\":\"Piscina ol\u00edmpica en la Costa de Barcelona\",\"potentialAction\":[{\"@type\":\"SearchAction\",\"target\":{\"@type\":\"EntryPoint\",\"urlTemplate\":\"https:\/\/crolcentrecalella.com\/?s={search_term_string}\"},\"query-input\":{\"@type\":\"PropertyValueSpecification\",\"valueRequired\":true,\"valueName\":\"search_term_string\"}}],\"inLanguage\":\"de\"}]}<\/script>\n<!-- \/ Yoast SEO plugin. -->","yoast_head_json":{"title":"Hotel Bernat II - Olympischer Pool im Barcelona - Crol Centre Calella","description":"Die besten Schwimmb\u00fchnen im Hotel Bernat II. Olympischer Pool und Strand 50 Meter entfernt an der K\u00fcste von Barcelona. Cliken zu genieSen!","robots":{"index":"index","follow":"follow","max-snippet":"max-snippet:-1","max-image-preview":"max-image-preview:large","max-video-preview":"max-video-preview:-1"},"canonical":"https:\/\/crolcentrecalella.com\/de\/hotel-bernat-ii\/","og_locale":"de_DE","og_type":"article","og_title":"Hotel Bernat II - Olympischer Pool im Barcelona - Crol Centre Calella","og_description":"Die besten Schwimmb\u00fchnen im Hotel Bernat II. Olympischer Pool und Strand 50 Meter entfernt an der K\u00fcste von Barcelona. Cliken zu genieSen!","og_url":"https:\/\/crolcentrecalella.com\/de\/hotel-bernat-ii\/","og_site_name":"Crol Centre Calella","article_modified_time":"2022-10-31T12:27:46+00:00","og_image":[{"width":780,"height":518,"url":"https:\/\/crolcentrecalella.com\/wp-content\/uploads\/2022\/10\/bernat.webp","type":"image\/webp"}],"twitter_card":"summary_large_image","twitter_misc":{"Gesch\u00e4tzte Lesezeit":"2\u00a0Minuten"},"schema":{"@context":"https:\/\/schema.org","@graph":[{"@type":"WebPage","@id":"https:\/\/crolcentrecalella.com\/de\/hotel-bernat-ii\/","url":"https:\/\/crolcentrecalella.com\/de\/hotel-bernat-ii\/","name":"Hotel Bernat II - Olympischer Pool im Barcelona - Crol Centre Calella","isPartOf":{"@id":"https:\/\/crolcentrecalella.com\/#website"},"primaryImageOfPage":{"@id":"https:\/\/crolcentrecalella.com\/de\/hotel-bernat-ii\/#primaryimage"},"image":{"@id":"https:\/\/crolcentrecalella.com\/de\/hotel-bernat-ii\/#primaryimage"},"thumbnailUrl":"https:\/\/crolcentrecalella.com\/wp-content\/uploads\/2022\/10\/bernat.webp","datePublished":"2021-02-09T11:20:46+00:00","dateModified":"2022-10-31T12:27:46+00:00","description":"Die besten Schwimmb\u00fchnen im Hotel Bernat II. Olympischer Pool und Strand 50 Meter entfernt an der K\u00fcste von Barcelona. Cliken zu genieSen!","breadcrumb":{"@id":"https:\/\/crolcentrecalella.com\/de\/hotel-bernat-ii\/#breadcrumb"},"inLanguage":"de","potentialAction":[{"@type":"ReadAction","target":["https:\/\/crolcentrecalella.com\/de\/hotel-bernat-ii\/"]}]},{"@type":"ImageObject","inLanguage":"de","@id":"https:\/\/crolcentrecalella.com\/de\/hotel-bernat-ii\/#primaryimage","url":"https:\/\/crolcentrecalella.com\/wp-content\/uploads\/2022\/10\/bernat.webp","contentUrl":"https:\/\/crolcentrecalella.com\/wp-content\/uploads\/2022\/10\/bernat.webp","width":780,"height":518,"caption":"Crol Centre Calella - Piscina ol\u00edmpica - Hotel Bernat II - Calella Costa de Barcelona"},{"@type":"BreadcrumbList","@id":"https:\/\/crolcentrecalella.com\/de\/hotel-bernat-ii\/#breadcrumb","itemListElement":[{"@type":"ListItem","position":1,"name":"Inici","item":"https:\/\/crolcentrecalella.com\/de\/"},{"@type":"ListItem","position":2,"name":"Hotel Bernat II"}]},{"@type":"WebSite","@id":"https:\/\/crolcentrecalella.com\/#website","url":"https:\/\/crolcentrecalella.com\/","name":"Crol Centre Calella","description":"Piscina ol\u00edmpica en la Costa de Barcelona","potentialAction":[{"@type":"SearchAction","target":{"@type":"EntryPoint","urlTemplate":"https:\/\/crolcentrecalella.com\/?s={search_term_string}"},"query-input":{"@type":"PropertyValueSpecification","valueRequired":true,"valueName":"search_term_string"}}],"inLanguage":"de"}]}},"_links":{"self":[{"href":"https:\/\/crolcentrecalella.com\/de\/wp-json\/wp\/v2\/pages\/430","targetHints":{"allow":["GET"]}}],"collection":[{"href":"https:\/\/crolcentrecalella.com\/de\/wp-json\/wp\/v2\/pages"}],"about":[{"href":"https:\/\/crolcentrecalella.com\/de\/wp-json\/wp\/v2\/types\/page"}],"author":[{"embeddable":true,"href":"https:\/\/crolcentrecalella.com\/de\/wp-json\/wp\/v2\/users\/2"}],"replies":[{"embeddable":true,"href":"https:\/\/crolcentrecalella.com\/de\/wp-json\/wp\/v2\/comments?post=430"}],"version-history":[{"count":0,"href":"https:\/\/crolcentrecalella.com\/de\/wp-json\/wp\/v2\/pages\/430\/revisions"}],"wp:featuredmedia":[{"embeddable":true,"href":"https:\/\/crolcentrecalella.com\/de\/wp-json\/wp\/v2\/media\/3365"}],"wp:attachment":[{"href":"https:\/\/crolcentrecalella.com\/de\/wp-json\/wp\/v2\/media?parent=430"}],"curies":[{"name":"wp","href":"https:\/\/api.w.org\/{rel}","templated":true}]}}