
{"id":494,"date":"2021-02-09T14:00:41","date_gmt":"2021-02-09T12:00:41","guid":{"rendered":"https:\/\/crolcentrecalella.com\/hotel-sant-jordi\/"},"modified":"2022-10-31T14:48:27","modified_gmt":"2022-10-31T12:48:27","slug":"hotel-sant-jordi","status":"publish","type":"page","link":"https:\/\/crolcentrecalella.com\/de\/hotel-sant-jordi\/","title":{"rendered":"Hotel Sant Jordi"},"content":{"rendered":"<p>[vc_row content_width=&#8220;grid&#8220; css=&#8220;.vc_custom_1612871092410{padding-top: 100px !important;}&#8220;][vc_column width=&#8220;1\/2&#8243;]<div class=\"mkdf-section-title-holder\">\r\n\t<h2 class=\"mkdf-section-title\" >\r\n\tDas Hotel<\/h2>\r\n<\/div>[vc_column_text]Das <a href=\"https:\/\/www.hotelsantjordi.com\/en\/\">Sant Jordi Boutique Hotel<\/a> ist 2017 komplett renoviert worden &#8211; ein neues Hotelkonzept, das es bisher in Calella Costa Barcelona noch nicht gegeben hat. Es steht f\u00fcr eine neue Idee von Luxus und Wohlgef\u00fchl, um den G\u00e4sten ein einzigartiges pers\u00f6nliches Erlebnis in einem famili\u00e4ren und gem\u00fctlichen Ambiente zu bescheren.<\/p>\n<p>Jedes einzelne unserer 37 Zimmer hat mit besonderer Aufmerksamkeit eine individuelle Gestaltung erhalten, die Design, Komfort und Liebe zum Detail vereint.[\/vc_column_text][\/vc_column][vc_column width=&#8220;1\/2&#8243;]<div class=\"mkdf-animations-holder mkdf-element-from-right\" data-animation=\"mkdf-element-from-right\">\r\n\t<div style=\"animation-duration: 700ms;-webkit-animation-duration: 700ms;-moz-animation-duration: 700ms\">\r\n\t\t[vc_single_image image=&#8220;3372&#8243; img_size=&#8220;large&#8220;]\t<\/div>\r\n\r\n<\/div>[\/vc_column][\/vc_row][vc_row content_width=&#8220;grid&#8220; content_aligment=&#8220;center&#8220; css=&#8220;.vc_custom_1612870260232{padding-top: 100px !important;padding-bottom: 100px !important;}&#8220;][vc_column width=&#8220;1\/2&#8243;]<div class=\"mkdf-animations-holder mkdf-element-from-left\" data-animation=\"mkdf-element-from-left\">\r\n\t<div style=\"animation-duration: 700ms;-webkit-animation-duration: 700ms;-moz-animation-duration: 700ms\">\r\n\t\t<div class=\"mkdf-image-gallery\">\r\n\t<div class=\"mkdf-image-gallery-slider\" data-autoplay=\"3\" data-animation=\"slide\" data-navigation=\"no\" data-pagination=\"no\">\r\n\t\t\t\t\t\t<a href=\"https:\/\/crolcentrecalella.com\/wp-content\/uploads\/2022\/10\/hotelsantjordi1.webp\" data-rel=\"prettyPhoto[single_pretty_photo]\" title=\"hotelsantjordi1\">\r\n\t\t\t\t\t\t\t\t\t\t<img loading=\"lazy\" decoding=\"async\" width=\"720\" height=\"480\" src=\"https:\/\/crolcentrecalella.com\/wp-content\/uploads\/2022\/10\/hotelsantjordi1.webp\" class=\"attachment-large size-large\" alt=\"Hotel Sant Jordi\" srcset=\"https:\/\/crolcentrecalella.com\/wp-content\/uploads\/2022\/10\/hotelsantjordi1.webp 720w, https:\/\/crolcentrecalella.com\/wp-content\/uploads\/2022\/10\/hotelsantjordi1-300x200.webp 300w\" sizes=\"auto, (max-width: 720px) 100vw, 720px\" \/>\t\t\t\t\t\t\t\t\t\t<\/a>\r\n\t\t\t\t\t\t\t<a href=\"https:\/\/crolcentrecalella.com\/wp-content\/uploads\/2022\/10\/hotelsantjordi2.webp\" data-rel=\"prettyPhoto[single_pretty_photo]\" title=\"hotelsantjordi2\">\r\n\t\t\t\t\t\t\t\t\t\t<img loading=\"lazy\" decoding=\"async\" width=\"720\" height=\"480\" src=\"https:\/\/crolcentrecalella.com\/wp-content\/uploads\/2022\/10\/hotelsantjordi2.webp\" class=\"attachment-large size-large\" alt=\"Hotel Sant Jordi\" srcset=\"https:\/\/crolcentrecalella.com\/wp-content\/uploads\/2022\/10\/hotelsantjordi2.webp 720w, https:\/\/crolcentrecalella.com\/wp-content\/uploads\/2022\/10\/hotelsantjordi2-300x200.webp 300w\" sizes=\"auto, (max-width: 720px) 100vw, 720px\" \/>\t\t\t\t\t\t\t\t\t\t<\/a>\r\n\t\t\t\t\t\t\t<a href=\"https:\/\/crolcentrecalella.com\/wp-content\/uploads\/2022\/10\/hotelsantjordi3.webp\" data-rel=\"prettyPhoto[single_pretty_photo]\" title=\"hotelsantjordi3\">\r\n\t\t\t\t\t\t\t\t\t\t<img loading=\"lazy\" decoding=\"async\" width=\"720\" height=\"480\" src=\"https:\/\/crolcentrecalella.com\/wp-content\/uploads\/2022\/10\/hotelsantjordi3.webp\" class=\"attachment-large size-large\" alt=\"Hotel Sant Jordi\" srcset=\"https:\/\/crolcentrecalella.com\/wp-content\/uploads\/2022\/10\/hotelsantjordi3.webp 720w, https:\/\/crolcentrecalella.com\/wp-content\/uploads\/2022\/10\/hotelsantjordi3-300x200.webp 300w\" sizes=\"auto, (max-width: 720px) 100vw, 720px\" \/>\t\t\t\t\t\t\t\t\t\t<\/a>\r\n\t\t\t\t\t\t\t<a href=\"https:\/\/crolcentrecalella.com\/wp-content\/uploads\/2022\/10\/hotelsantjordi4.webp\" data-rel=\"prettyPhoto[single_pretty_photo]\" title=\"hotelsantjordi4\">\r\n\t\t\t\t\t\t\t\t\t\t<img loading=\"lazy\" decoding=\"async\" width=\"720\" height=\"480\" src=\"https:\/\/crolcentrecalella.com\/wp-content\/uploads\/2022\/10\/hotelsantjordi4.webp\" class=\"attachment-large size-large\" alt=\"Hotel Sant Jordi\" srcset=\"https:\/\/crolcentrecalella.com\/wp-content\/uploads\/2022\/10\/hotelsantjordi4.webp 720w, https:\/\/crolcentrecalella.com\/wp-content\/uploads\/2022\/10\/hotelsantjordi4-300x200.webp 300w\" sizes=\"auto, (max-width: 720px) 100vw, 720px\" \/>\t\t\t\t\t\t\t\t\t\t<\/a>\r\n\t\t\t\t\t\t\t<a href=\"https:\/\/crolcentrecalella.com\/wp-content\/uploads\/2022\/10\/hotelsantjordi5.webp\" data-rel=\"prettyPhoto[single_pretty_photo]\" title=\"hotelsantjordi5\">\r\n\t\t\t\t\t\t\t\t\t\t<img loading=\"lazy\" decoding=\"async\" width=\"720\" height=\"480\" src=\"https:\/\/crolcentrecalella.com\/wp-content\/uploads\/2022\/10\/hotelsantjordi5.webp\" class=\"attachment-large size-large\" alt=\"Hotel Sant Jordi\" srcset=\"https:\/\/crolcentrecalella.com\/wp-content\/uploads\/2022\/10\/hotelsantjordi5.webp 720w, https:\/\/crolcentrecalella.com\/wp-content\/uploads\/2022\/10\/hotelsantjordi5-300x200.webp 300w\" sizes=\"auto, (max-width: 720px) 100vw, 720px\" \/>\t\t\t\t\t\t\t\t\t\t<\/a>\r\n\t\t\t\t<\/div>\r\n<\/div>\t<\/div>\r\n\r\n<\/div>[\/vc_column][vc_column width=&#8220;1\/2&#8243;][vc_column_text]<\/p>\n<h2 style=\"text-align: left;\">Wellness \u2013 Spa von 1200 m\u00b2. Unser Thermal-Parcours, den Sie nicht mehr vergessen werden.<\/h2>\n<p style=\"text-align: left;\">Das Hotel verf\u00fcgt im Bereich Gesundheit, Wellness und Sport \u00fcber die einzigartigsten Einrichtungen Europas.<\/p>\n<p style=\"text-align: left;\">Dampfb\u00e4der, Saunen, Duschen; Vichy, Schottisches Wechselbad, Nebeldusche, Tropical, Jacuzzis, Pools f\u00fcr Sinneserlebnisse und zum Schwimmen, Wrap-Around-Betten, Eispool, Massagen, Beauty- und Gesundheitsbehandlungen. Fitnesscenter 400m\u00b2, medizinisches Zentrum, Spezialbehandlungen und Sportmedizin.<\/p>\n<p style=\"text-align: left;\">Ohne Frage ein kleines gro\u00dfes Hotel, das nicht unbemerkt bleibt.<\/p>\n<p>[\/vc_column_text][\/vc_column][\/vc_row]<\/p>\n","protected":false},"excerpt":{"rendered":"<p>[vc_row content_width=&#8220;grid&#8220; css=&#8220;.vc_custom_1612871092410{padding-top: 100px !important;}&#8220;][vc_column width=&#8220;1\/2&#8243;][vc_column_text]Das Sant Jordi Boutique Hotel ist 2017 komplett renoviert worden &#8211; ein neues Hotelkonzept, das es bisher in Calella Costa Barcelona noch nicht gegeben hat. Es steht f\u00fcr eine neue Idee von Luxus und Wohlgef\u00fchl, um den G\u00e4sten ein einzigartiges&#8230;<\/p>\n","protected":false},"author":2,"featured_media":3372,"parent":0,"menu_order":0,"comment_status":"closed","ping_status":"closed","template":"","meta":{"footnotes":""},"class_list":["post-494","page","type-page","status-publish","has-post-thumbnail","hentry"],"yoast_head":"<!-- This site is optimized with the Yoast SEO plugin v26.8 - https:\/\/yoast.com\/product\/yoast-seo-wordpress\/ -->\n<title>Hotel Sant Jordi - Olympischer Pool im Barcelona - Crol Centre Calella<\/title>\n<meta name=\"description\" content=\"Die besten Schwimmb\u00fchnen im Hotel Sant Jordi. Olympischer Pool und Strand 50 Meter entfernt an der K\u00fcste von Barcelona.\" \/>\n<meta name=\"robots\" content=\"index, follow, max-snippet:-1, max-image-preview:large, max-video-preview:-1\" \/>\n<link rel=\"canonical\" href=\"https:\/\/crolcentrecalella.com\/de\/hotel-sant-jordi\/\" \/>\n<meta property=\"og:locale\" content=\"de_DE\" \/>\n<meta property=\"og:type\" content=\"article\" \/>\n<meta property=\"og:title\" content=\"Hotel Sant Jordi - Olympischer Pool im Barcelona - Crol Centre Calella\" \/>\n<meta property=\"og:description\" content=\"Die besten Schwimmb\u00fchnen im Hotel Sant Jordi. Olympischer Pool und Strand 50 Meter entfernt an der K\u00fcste von Barcelona.\" \/>\n<meta property=\"og:url\" content=\"https:\/\/crolcentrecalella.com\/de\/hotel-sant-jordi\/\" \/>\n<meta property=\"og:site_name\" content=\"Crol Centre Calella\" \/>\n<meta property=\"article:modified_time\" content=\"2022-10-31T12:48:27+00:00\" \/>\n<meta property=\"og:image\" content=\"https:\/\/crolcentrecalella.com\/wp-content\/uploads\/2022\/10\/sant-jordi.webp\" \/>\n\t<meta property=\"og:image:width\" content=\"1280\" \/>\n\t<meta property=\"og:image:height\" content=\"853\" \/>\n\t<meta property=\"og:image:type\" content=\"image\/webp\" \/>\n<meta name=\"twitter:card\" content=\"summary_large_image\" \/>\n<meta name=\"twitter:label1\" content=\"Gesch\u00e4tzte Lesezeit\" \/>\n\t<meta name=\"twitter:data1\" content=\"1\u00a0Minute\" \/>\n<script type=\"application\/ld+json\" class=\"yoast-schema-graph\">{\"@context\":\"https:\/\/schema.org\",\"@graph\":[{\"@type\":\"WebPage\",\"@id\":\"https:\/\/crolcentrecalella.com\/de\/hotel-sant-jordi\/\",\"url\":\"https:\/\/crolcentrecalella.com\/de\/hotel-sant-jordi\/\",\"name\":\"Hotel Sant Jordi - Olympischer Pool im Barcelona - Crol Centre Calella\",\"isPartOf\":{\"@id\":\"https:\/\/crolcentrecalella.com\/#website\"},\"primaryImageOfPage\":{\"@id\":\"https:\/\/crolcentrecalella.com\/de\/hotel-sant-jordi\/#primaryimage\"},\"image\":{\"@id\":\"https:\/\/crolcentrecalella.com\/de\/hotel-sant-jordi\/#primaryimage\"},\"thumbnailUrl\":\"https:\/\/crolcentrecalella.com\/wp-content\/uploads\/2022\/10\/sant-jordi.webp\",\"datePublished\":\"2021-02-09T12:00:41+00:00\",\"dateModified\":\"2022-10-31T12:48:27+00:00\",\"description\":\"Die besten Schwimmb\u00fchnen im Hotel Sant Jordi. Olympischer Pool und Strand 50 Meter entfernt an der K\u00fcste von Barcelona.\",\"breadcrumb\":{\"@id\":\"https:\/\/crolcentrecalella.com\/de\/hotel-sant-jordi\/#breadcrumb\"},\"inLanguage\":\"de\",\"potentialAction\":[{\"@type\":\"ReadAction\",\"target\":[\"https:\/\/crolcentrecalella.com\/de\/hotel-sant-jordi\/\"]}]},{\"@type\":\"ImageObject\",\"inLanguage\":\"de\",\"@id\":\"https:\/\/crolcentrecalella.com\/de\/hotel-sant-jordi\/#primaryimage\",\"url\":\"https:\/\/crolcentrecalella.com\/wp-content\/uploads\/2022\/10\/sant-jordi.webp\",\"contentUrl\":\"https:\/\/crolcentrecalella.com\/wp-content\/uploads\/2022\/10\/sant-jordi.webp\",\"width\":1280,\"height\":853,\"caption\":\"Crol Centre Calella - Piscina ol\u00edmpica - Hotel Sant Jordi - Calella Costa de Barcelona\"},{\"@type\":\"BreadcrumbList\",\"@id\":\"https:\/\/crolcentrecalella.com\/de\/hotel-sant-jordi\/#breadcrumb\",\"itemListElement\":[{\"@type\":\"ListItem\",\"position\":1,\"name\":\"Inici\",\"item\":\"https:\/\/crolcentrecalella.com\/de\/\"},{\"@type\":\"ListItem\",\"position\":2,\"name\":\"Hotel Sant Jordi\"}]},{\"@type\":\"WebSite\",\"@id\":\"https:\/\/crolcentrecalella.com\/#website\",\"url\":\"https:\/\/crolcentrecalella.com\/\",\"name\":\"Crol Centre Calella\",\"description\":\"Piscina ol\u00edmpica en la Costa de Barcelona\",\"potentialAction\":[{\"@type\":\"SearchAction\",\"target\":{\"@type\":\"EntryPoint\",\"urlTemplate\":\"https:\/\/crolcentrecalella.com\/?s={search_term_string}\"},\"query-input\":{\"@type\":\"PropertyValueSpecification\",\"valueRequired\":true,\"valueName\":\"search_term_string\"}}],\"inLanguage\":\"de\"}]}<\/script>\n<!-- \/ Yoast SEO plugin. -->","yoast_head_json":{"title":"Hotel Sant Jordi - Olympischer Pool im Barcelona - Crol Centre Calella","description":"Die besten Schwimmb\u00fchnen im Hotel Sant Jordi. Olympischer Pool und Strand 50 Meter entfernt an der K\u00fcste von Barcelona.","robots":{"index":"index","follow":"follow","max-snippet":"max-snippet:-1","max-image-preview":"max-image-preview:large","max-video-preview":"max-video-preview:-1"},"canonical":"https:\/\/crolcentrecalella.com\/de\/hotel-sant-jordi\/","og_locale":"de_DE","og_type":"article","og_title":"Hotel Sant Jordi - Olympischer Pool im Barcelona - Crol Centre Calella","og_description":"Die besten Schwimmb\u00fchnen im Hotel Sant Jordi. Olympischer Pool und Strand 50 Meter entfernt an der K\u00fcste von Barcelona.","og_url":"https:\/\/crolcentrecalella.com\/de\/hotel-sant-jordi\/","og_site_name":"Crol Centre Calella","article_modified_time":"2022-10-31T12:48:27+00:00","og_image":[{"width":1280,"height":853,"url":"https:\/\/crolcentrecalella.com\/wp-content\/uploads\/2022\/10\/sant-jordi.webp","type":"image\/webp"}],"twitter_card":"summary_large_image","twitter_misc":{"Gesch\u00e4tzte Lesezeit":"1\u00a0Minute"},"schema":{"@context":"https:\/\/schema.org","@graph":[{"@type":"WebPage","@id":"https:\/\/crolcentrecalella.com\/de\/hotel-sant-jordi\/","url":"https:\/\/crolcentrecalella.com\/de\/hotel-sant-jordi\/","name":"Hotel Sant Jordi - Olympischer Pool im Barcelona - Crol Centre Calella","isPartOf":{"@id":"https:\/\/crolcentrecalella.com\/#website"},"primaryImageOfPage":{"@id":"https:\/\/crolcentrecalella.com\/de\/hotel-sant-jordi\/#primaryimage"},"image":{"@id":"https:\/\/crolcentrecalella.com\/de\/hotel-sant-jordi\/#primaryimage"},"thumbnailUrl":"https:\/\/crolcentrecalella.com\/wp-content\/uploads\/2022\/10\/sant-jordi.webp","datePublished":"2021-02-09T12:00:41+00:00","dateModified":"2022-10-31T12:48:27+00:00","description":"Die besten Schwimmb\u00fchnen im Hotel Sant Jordi. Olympischer Pool und Strand 50 Meter entfernt an der K\u00fcste von Barcelona.","breadcrumb":{"@id":"https:\/\/crolcentrecalella.com\/de\/hotel-sant-jordi\/#breadcrumb"},"inLanguage":"de","potentialAction":[{"@type":"ReadAction","target":["https:\/\/crolcentrecalella.com\/de\/hotel-sant-jordi\/"]}]},{"@type":"ImageObject","inLanguage":"de","@id":"https:\/\/crolcentrecalella.com\/de\/hotel-sant-jordi\/#primaryimage","url":"https:\/\/crolcentrecalella.com\/wp-content\/uploads\/2022\/10\/sant-jordi.webp","contentUrl":"https:\/\/crolcentrecalella.com\/wp-content\/uploads\/2022\/10\/sant-jordi.webp","width":1280,"height":853,"caption":"Crol Centre Calella - Piscina ol\u00edmpica - Hotel Sant Jordi - Calella Costa de Barcelona"},{"@type":"BreadcrumbList","@id":"https:\/\/crolcentrecalella.com\/de\/hotel-sant-jordi\/#breadcrumb","itemListElement":[{"@type":"ListItem","position":1,"name":"Inici","item":"https:\/\/crolcentrecalella.com\/de\/"},{"@type":"ListItem","position":2,"name":"Hotel Sant Jordi"}]},{"@type":"WebSite","@id":"https:\/\/crolcentrecalella.com\/#website","url":"https:\/\/crolcentrecalella.com\/","name":"Crol Centre Calella","description":"Piscina ol\u00edmpica en la Costa de Barcelona","potentialAction":[{"@type":"SearchAction","target":{"@type":"EntryPoint","urlTemplate":"https:\/\/crolcentrecalella.com\/?s={search_term_string}"},"query-input":{"@type":"PropertyValueSpecification","valueRequired":true,"valueName":"search_term_string"}}],"inLanguage":"de"}]}},"_links":{"self":[{"href":"https:\/\/crolcentrecalella.com\/de\/wp-json\/wp\/v2\/pages\/494","targetHints":{"allow":["GET"]}}],"collection":[{"href":"https:\/\/crolcentrecalella.com\/de\/wp-json\/wp\/v2\/pages"}],"about":[{"href":"https:\/\/crolcentrecalella.com\/de\/wp-json\/wp\/v2\/types\/page"}],"author":[{"embeddable":true,"href":"https:\/\/crolcentrecalella.com\/de\/wp-json\/wp\/v2\/users\/2"}],"replies":[{"embeddable":true,"href":"https:\/\/crolcentrecalella.com\/de\/wp-json\/wp\/v2\/comments?post=494"}],"version-history":[{"count":0,"href":"https:\/\/crolcentrecalella.com\/de\/wp-json\/wp\/v2\/pages\/494\/revisions"}],"wp:featuredmedia":[{"embeddable":true,"href":"https:\/\/crolcentrecalella.com\/de\/wp-json\/wp\/v2\/media\/3372"}],"wp:attachment":[{"href":"https:\/\/crolcentrecalella.com\/de\/wp-json\/wp\/v2\/media?parent=494"}],"curies":[{"name":"wp","href":"https:\/\/api.w.org\/{rel}","templated":true}]}}