
{"id":542,"date":"2021-02-10T11:20:14","date_gmt":"2021-02-10T09:20:14","guid":{"rendered":"https:\/\/crolcentrecalella.com\/servicios\/"},"modified":"2022-10-31T16:33:54","modified_gmt":"2022-10-31T14:33:54","slug":"service","status":"publish","type":"page","link":"https:\/\/crolcentrecalella.com\/de\/service\/","title":{"rendered":"Service"},"content":{"rendered":"<p>[vc_row css=&#8220;.vc_custom_1612949004585{padding-top: 50px !important;}&#8220;][vc_column width=&#8220;1\/2&#8243;][vc_column_text]<\/p>\n<h2>Crol Centre Calella<\/h2>\n<p>Seit der Er\u00f6ffnung des Crol Center Calella im M\u00e4rz 2004 hat unser Team durchschnittlich 200 Schwimmclubs pro Jahr betreut.<\/p>\n<p>Unsere Aufgabe besteht darin, f\u00fcr jede Anfrage, die wir erhalten, einen ma\u00dfgeschneiderten Aufenthalt zu organisieren.\u00a0 Wir k\u00fcmmern uns um die Buchung und Vorbereitung aller wichtigen Dinge f\u00fcr das Trainingscamp, um f\u00fcr Sie das beste Angebot rund um Hotel und Schwimmbad sowie angefragte zus\u00e4tzliche GYM- und Spa-Leistungen bereitzustellen. Ebenso k\u00f6nnen wir f\u00fcr Sie den Transfer vom Flughafen zum Crol Centre Calella organisieren.<\/p>\n<p>Unser B\u00fcro gleich neben dem Schwimmbecken erm\u00f6glicht es uns, t\u00e4glich Kontakt mit allen Trainern zu unterhalten, sodass eine kontinuierliche Betreuung w\u00e4hrend des gesamten Aufenthalts gew\u00e4hrleistet wird. Dar\u00fcber hinaus bieten wir ein Ausflugsprogramm an, mit dem die Mannschaften die sch\u00f6nsten Sehensw\u00fcrdigkeiten von Katalonien und Barcelona entdecken k\u00f6nnen.[\/vc_column_text][\/vc_column][vc_column width=&#8220;1\/2&#8243;]<div class=\"mkdf-animations-holder mkdf-element-from-right\" data-animation=\"mkdf-element-from-right\">\r\n\t<div style=\"animation-duration: 700ms;-webkit-animation-duration: 700ms;-moz-animation-duration: 700ms\">\r\n\t\t[vc_single_image image=&#8220;3332&#8243; img_size=&#8220;large&#8220;]\t<\/div>\r\n\r\n<\/div>[\/vc_column][\/vc_row][vc_row css=&#8220;.vc_custom_1612948643168{padding-top: 100px !important;}&#8220;][vc_column width=&#8220;1\/4&#8243;]<div class=\"mkdf-animations-holder mkdf-element-from-fade\" data-animation=\"mkdf-element-from-fade\">\r\n\t<div style=\"animation-duration: 700ms;-webkit-animation-duration: 700ms;-moz-animation-duration: 700ms\">\r\n\t\t<div class=\"mkdf-iwt clearfix mkdf-iwt-icon-top mkdf-iwt-icon-large\">\r\n    <div class=\"mkdf-iwt-icon-holder\">\r\n                    \r\n    <span class=\"mkdf-icon-shortcode normal mkdf-icon-large\"  data-color=\"#fd4c00\">\r\n        \r\n        <i class=\"mkdf-icon-font-awesome fa fa-tint mkdf-icon-element\" style=\"color: #fd4c00\" ><\/i>\r\n            <\/span>\r\n\r\n            <\/div>\r\n    <div class=\"mkdf-iwt-content-holder\" >\r\n        <div class=\"mkdf-iwt-title-holder\">\r\n            <h4 >Schwimmbecken<\/h4>\r\n        <\/div>\r\n        <div class=\"mkdf-iwt-text-holder\">\r\n            <p >Olympisches Schwimmbecken im Freien, das ganze Jahr \u00fcber klimatisiert.<\/p>\r\n\r\n                    <\/div>\r\n    <\/div>\r\n<\/div>\t<\/div>\r\n\r\n<\/div>[\/vc_column][vc_column width=&#8220;1\/4&#8243;]<div class=\"mkdf-animations-holder mkdf-element-from-fade\" data-animation=\"mkdf-element-from-fade\">\r\n\t<div style=\"animation-duration: 700ms;-webkit-animation-duration: 700ms;-moz-animation-duration: 700ms\">\r\n\t\t<div class=\"mkdf-iwt clearfix mkdf-iwt-icon-top mkdf-iwt-icon-large\">\r\n    <div class=\"mkdf-iwt-icon-holder\">\r\n                    \r\n    <span class=\"mkdf-icon-shortcode normal mkdf-icon-large\"  data-color=\"#fd4c00\">\r\n        \r\n        <i class=\"mkdf-icon-font-awesome fa fa-bed mkdf-icon-element\" style=\"color: #fd4c00\" ><\/i>\r\n            <\/span>\r\n\r\n            <\/div>\r\n    <div class=\"mkdf-iwt-content-holder\" >\r\n        <div class=\"mkdf-iwt-title-holder\">\r\n            <h4 >Hotels<\/h4>\r\n        <\/div>\r\n        <div class=\"mkdf-iwt-text-holder\">\r\n            <p >Hotels, die die Einrichtungen erg\u00e4nzen<\/p>\r\n\r\n                    <\/div>\r\n    <\/div>\r\n<\/div>\t<\/div>\r\n\r\n<\/div>[\/vc_column][vc_column width=&#8220;1\/4&#8243;]<div class=\"mkdf-animations-holder mkdf-element-from-fade\" data-animation=\"mkdf-element-from-fade\">\r\n\t<div style=\"animation-duration: 700ms;-webkit-animation-duration: 700ms;-moz-animation-duration: 700ms\">\r\n\t\t<div class=\"mkdf-iwt clearfix mkdf-iwt-icon-top mkdf-iwt-icon-large\">\r\n    <div class=\"mkdf-iwt-icon-holder\">\r\n                    \r\n    <span class=\"mkdf-icon-shortcode normal mkdf-icon-large\"  data-color=\"#fd4c00\">\r\n        \r\n        <i class=\"mkdf-icon-font-awesome fa fa-heart mkdf-icon-element\" style=\"color: #fd4c00\" ><\/i>\r\n            <\/span>\r\n\r\n            <\/div>\r\n    <div class=\"mkdf-iwt-content-holder\" >\r\n        <div class=\"mkdf-iwt-title-holder\">\r\n            <h4 >Fitnesscenter und Spa<\/h4>\r\n        <\/div>\r\n        <div class=\"mkdf-iwt-text-holder\">\r\n            <p >Fitnesscenter und komplett ausgestatteter Wasserbereich<\/p>\r\n\r\n                    <\/div>\r\n    <\/div>\r\n<\/div>\t<\/div>\r\n\r\n<\/div>[\/vc_column][vc_column width=&#8220;1\/4&#8243;]<div class=\"mkdf-animations-holder mkdf-element-from-fade\" data-animation=\"mkdf-element-from-fade\">\r\n\t<div style=\"animation-duration: 700ms;-webkit-animation-duration: 700ms;-moz-animation-duration: 700ms\">\r\n\t\t<div class=\"mkdf-iwt clearfix mkdf-iwt-icon-top mkdf-iwt-icon-large\">\r\n    <div class=\"mkdf-iwt-icon-holder\">\r\n                    \r\n    <span class=\"mkdf-icon-shortcode normal mkdf-icon-large\"  data-color=\"#fd4c00\">\r\n        \r\n        <i class=\"mkdf-icon-font-awesome fa fa-bus mkdf-icon-element\" style=\"color: #fd4c00\" ><\/i>\r\n            <\/span>\r\n\r\n            <\/div>\r\n    <div class=\"mkdf-iwt-content-holder\" >\r\n        <div class=\"mkdf-iwt-title-holder\">\r\n            <h4 >Transfer<\/h4>\r\n        <\/div>\r\n        <div class=\"mkdf-iwt-text-holder\">\r\n            <p >Transfers ab Flughafen<\/p>\r\n\r\n                    <\/div>\r\n    <\/div>\r\n<\/div>\t<\/div>\r\n\r\n<\/div>[\/vc_column][\/vc_row][vc_row css=&#8220;.vc_custom_1612949053234{padding-top: 100px !important;padding-bottom: 100px !important;}&#8220;][vc_column width=&#8220;1\/2&#8243;]<div class=\"mkdf-info-box-holder mkdf-info-box-with-image\">\r\n\r\n\t<div class=\"mkdf-info-box-inner\">\r\n\t\t<div class=\"mkdf-ib-front-holder\">\r\n\t\t\t<div class=\"mkdf-ib-front-holder-inner\">\r\n\t\t\t\t<div class=\"mkdf-ib-top-holder\">\r\n\t\t\t\t\t\r\n\t\t\t\t\t\t\t\t\t\t\t<div class=\"mkdf-ib-title-holder\">\r\n\t\t\t\t\t\t\t<h2 class=\"mkdf-ib-title\">SILENCE THALASSO SPA<\/h2>\r\n\t\t\t\t\t\t<\/div>\r\n\t\t\t\t\t\t\t\t\t<\/div>\r\n\r\n\t\t\t\t<div class=\"mkdf-ib-bottom-holder\">\r\n\t\t\t\t\t\r\n\t\t\t\t\t\t\t\t\t\t\t<div class=\"mkdf-ib-button-holder\">\r\n\t\t\t\t\t\t\t<a href=\"#\" target=\"_self\"  class=\"mkdf-btn mkdf-btn-small mkdf-btn-solid mkdf-btn-hover-outline\"  >\r\t\r\t\t\t<span class=\"mkdf-btn-helper\" ><\/span>\r\t\t<span class=\"mkdf-btn-text\"><\/span>\r<\/a>\t\t\t\t\t\t<\/div>\r\n\t\t\t\t\t\t\t\t\t<\/div>\r\n\t\t\t<\/div>\r\n\r\n\t\t<\/div>\r\n\r\n\r\n\r\n\t\t<div class=\"mkdf-ib-overlay\" style=\"background-image: url(https:\/\/crolcentrecalella.com\/wp-content\/uploads\/2021\/02\/silence-spa-e1613054126960.jpg)\"><\/div>\r\n\t<\/div>\r\n<\/div>[\/vc_column][vc_column width=&#8220;1\/2&#8243;]<div class=\"mkdf-info-box-holder mkdf-info-box-with-image\">\r\n\r\n\t<div class=\"mkdf-info-box-inner\">\r\n\t\t<div class=\"mkdf-ib-front-holder\">\r\n\t\t\t<div class=\"mkdf-ib-front-holder-inner\">\r\n\t\t\t\t<div class=\"mkdf-ib-top-holder\">\r\n\t\t\t\t\t\r\n\t\t\t\t\t\t\t\t\t\t\t<div class=\"mkdf-ib-title-holder\">\r\n\t\t\t\t\t\t\t<h2 class=\"mkdf-ib-title\">FITNESSCENTER<\/h2>\r\n\t\t\t\t\t\t<\/div>\r\n\t\t\t\t\t\t\t\t\t<\/div>\r\n\r\n\t\t\t\t<div class=\"mkdf-ib-bottom-holder\">\r\n\t\t\t\t\t\r\n\t\t\t\t\t\t\t\t\t\t\t<div class=\"mkdf-ib-button-holder\">\r\n\t\t\t\t\t\t\t<a href=\"#\" target=\"_self\"  class=\"mkdf-btn mkdf-btn-small mkdf-btn-solid mkdf-btn-hover-outline\"  >\r\t\r\t\t\t<span class=\"mkdf-btn-helper\" ><\/span>\r\t\t<span class=\"mkdf-btn-text\"><\/span>\r<\/a>\t\t\t\t\t\t<\/div>\r\n\t\t\t\t\t\t\t\t\t<\/div>\r\n\t\t\t<\/div>\r\n\r\n\t\t<\/div>\r\n\r\n\r\n\r\n\t\t<div class=\"mkdf-ib-overlay\" style=\"background-image: url(https:\/\/crolcentrecalella.com\/wp-content\/uploads\/2021\/02\/Fitness-scaled-e1613116896643.jpg)\"><\/div>\r\n\t<\/div>\r\n<\/div>[\/vc_column][\/vc_row]<\/p>\n","protected":false},"excerpt":{"rendered":"<p>[vc_row css=&#8220;.vc_custom_1612949004585{padding-top: 50px !important;}&#8220;][vc_column width=&#8220;1\/2&#8243;][vc_column_text] Crol Centre Calella Seit der Er\u00f6ffnung des Crol Center Calella im M\u00e4rz 2004 hat unser Team durchschnittlich 200 Schwimmclubs pro Jahr betreut. Unsere Aufgabe besteht darin, f\u00fcr jede Anfrage, die wir erhalten, einen ma\u00dfgeschneiderten Aufenthalt zu organisieren.\u00a0 Wir k\u00fcmmern uns&#8230;<\/p>\n","protected":false},"author":2,"featured_media":3443,"parent":0,"menu_order":0,"comment_status":"closed","ping_status":"closed","template":"","meta":{"footnotes":""},"class_list":["post-542","page","type-page","status-publish","has-post-thumbnail","hentry"],"yoast_head":"<!-- This site is optimized with the Yoast SEO plugin v26.8 - https:\/\/yoast.com\/product\/yoast-seo-wordpress\/ -->\n<title>Service - Olympischer Pool im Barcelona - Crol Centre Calella<\/title>\n<meta name=\"description\" content=\"Entdecken Sie alle Dienstleistungen, die Ihnen der Pool im Crol Centre Calella in Calella an der K\u00fcste Barcelonas bietet\" \/>\n<meta name=\"robots\" content=\"index, follow, max-snippet:-1, max-image-preview:large, max-video-preview:-1\" \/>\n<link rel=\"canonical\" href=\"https:\/\/crolcentrecalella.com\/de\/service\/\" \/>\n<meta property=\"og:locale\" content=\"de_DE\" \/>\n<meta property=\"og:type\" content=\"article\" \/>\n<meta property=\"og:title\" content=\"Service - Olympischer Pool im Barcelona - Crol Centre Calella\" \/>\n<meta property=\"og:description\" content=\"Entdecken Sie alle Dienstleistungen, die Ihnen der Pool im Crol Centre Calella in Calella an der K\u00fcste Barcelonas bietet\" \/>\n<meta property=\"og:url\" content=\"https:\/\/crolcentrecalella.com\/de\/service\/\" \/>\n<meta property=\"og:site_name\" content=\"Crol Centre Calella\" \/>\n<meta property=\"article:modified_time\" content=\"2022-10-31T14:33:54+00:00\" \/>\n<meta property=\"og:image\" content=\"https:\/\/crolcentrecalella.com\/wp-content\/uploads\/2022\/10\/CROL-CENTRE-1-scaled-e1613118257349-2.webp\" \/>\n\t<meta property=\"og:image:width\" content=\"719\" \/>\n\t<meta property=\"og:image:height\" content=\"480\" \/>\n\t<meta property=\"og:image:type\" content=\"image\/webp\" \/>\n<meta name=\"twitter:card\" content=\"summary_large_image\" \/>\n<meta name=\"twitter:label1\" content=\"Gesch\u00e4tzte Lesezeit\" \/>\n\t<meta name=\"twitter:data1\" content=\"2\u00a0Minuten\" \/>\n<script type=\"application\/ld+json\" class=\"yoast-schema-graph\">{\"@context\":\"https:\/\/schema.org\",\"@graph\":[{\"@type\":\"WebPage\",\"@id\":\"https:\/\/crolcentrecalella.com\/de\/service\/\",\"url\":\"https:\/\/crolcentrecalella.com\/de\/service\/\",\"name\":\"Service - Olympischer Pool im Barcelona - Crol Centre Calella\",\"isPartOf\":{\"@id\":\"https:\/\/crolcentrecalella.com\/#website\"},\"primaryImageOfPage\":{\"@id\":\"https:\/\/crolcentrecalella.com\/de\/service\/#primaryimage\"},\"image\":{\"@id\":\"https:\/\/crolcentrecalella.com\/de\/service\/#primaryimage\"},\"thumbnailUrl\":\"https:\/\/crolcentrecalella.com\/wp-content\/uploads\/2022\/10\/CROL-CENTRE-1-scaled-e1613118257349-2.webp\",\"datePublished\":\"2021-02-10T09:20:14+00:00\",\"dateModified\":\"2022-10-31T14:33:54+00:00\",\"description\":\"Entdecken Sie alle Dienstleistungen, die Ihnen der Pool im Crol Centre Calella in Calella an der K\u00fcste Barcelonas bietet\",\"breadcrumb\":{\"@id\":\"https:\/\/crolcentrecalella.com\/de\/service\/#breadcrumb\"},\"inLanguage\":\"de\",\"potentialAction\":[{\"@type\":\"ReadAction\",\"target\":[\"https:\/\/crolcentrecalella.com\/de\/service\/\"]}]},{\"@type\":\"ImageObject\",\"inLanguage\":\"de\",\"@id\":\"https:\/\/crolcentrecalella.com\/de\/service\/#primaryimage\",\"url\":\"https:\/\/crolcentrecalella.com\/wp-content\/uploads\/2022\/10\/CROL-CENTRE-1-scaled-e1613118257349-2.webp\",\"contentUrl\":\"https:\/\/crolcentrecalella.com\/wp-content\/uploads\/2022\/10\/CROL-CENTRE-1-scaled-e1613118257349-2.webp\",\"width\":719,\"height\":480,\"caption\":\"Piscina Crol Centre\"},{\"@type\":\"BreadcrumbList\",\"@id\":\"https:\/\/crolcentrecalella.com\/de\/service\/#breadcrumb\",\"itemListElement\":[{\"@type\":\"ListItem\",\"position\":1,\"name\":\"Inici\",\"item\":\"https:\/\/crolcentrecalella.com\/de\/\"},{\"@type\":\"ListItem\",\"position\":2,\"name\":\"Service\"}]},{\"@type\":\"WebSite\",\"@id\":\"https:\/\/crolcentrecalella.com\/#website\",\"url\":\"https:\/\/crolcentrecalella.com\/\",\"name\":\"Crol Centre Calella\",\"description\":\"Piscina ol\u00edmpica en la Costa de Barcelona\",\"potentialAction\":[{\"@type\":\"SearchAction\",\"target\":{\"@type\":\"EntryPoint\",\"urlTemplate\":\"https:\/\/crolcentrecalella.com\/?s={search_term_string}\"},\"query-input\":{\"@type\":\"PropertyValueSpecification\",\"valueRequired\":true,\"valueName\":\"search_term_string\"}}],\"inLanguage\":\"de\"}]}<\/script>\n<!-- \/ Yoast SEO plugin. -->","yoast_head_json":{"title":"Service - Olympischer Pool im Barcelona - Crol Centre Calella","description":"Entdecken Sie alle Dienstleistungen, die Ihnen der Pool im Crol Centre Calella in Calella an der K\u00fcste Barcelonas bietet","robots":{"index":"index","follow":"follow","max-snippet":"max-snippet:-1","max-image-preview":"max-image-preview:large","max-video-preview":"max-video-preview:-1"},"canonical":"https:\/\/crolcentrecalella.com\/de\/service\/","og_locale":"de_DE","og_type":"article","og_title":"Service - Olympischer Pool im Barcelona - Crol Centre Calella","og_description":"Entdecken Sie alle Dienstleistungen, die Ihnen der Pool im Crol Centre Calella in Calella an der K\u00fcste Barcelonas bietet","og_url":"https:\/\/crolcentrecalella.com\/de\/service\/","og_site_name":"Crol Centre Calella","article_modified_time":"2022-10-31T14:33:54+00:00","og_image":[{"width":719,"height":480,"url":"https:\/\/crolcentrecalella.com\/wp-content\/uploads\/2022\/10\/CROL-CENTRE-1-scaled-e1613118257349-2.webp","type":"image\/webp"}],"twitter_card":"summary_large_image","twitter_misc":{"Gesch\u00e4tzte Lesezeit":"2\u00a0Minuten"},"schema":{"@context":"https:\/\/schema.org","@graph":[{"@type":"WebPage","@id":"https:\/\/crolcentrecalella.com\/de\/service\/","url":"https:\/\/crolcentrecalella.com\/de\/service\/","name":"Service - Olympischer Pool im Barcelona - Crol Centre Calella","isPartOf":{"@id":"https:\/\/crolcentrecalella.com\/#website"},"primaryImageOfPage":{"@id":"https:\/\/crolcentrecalella.com\/de\/service\/#primaryimage"},"image":{"@id":"https:\/\/crolcentrecalella.com\/de\/service\/#primaryimage"},"thumbnailUrl":"https:\/\/crolcentrecalella.com\/wp-content\/uploads\/2022\/10\/CROL-CENTRE-1-scaled-e1613118257349-2.webp","datePublished":"2021-02-10T09:20:14+00:00","dateModified":"2022-10-31T14:33:54+00:00","description":"Entdecken Sie alle Dienstleistungen, die Ihnen der Pool im Crol Centre Calella in Calella an der K\u00fcste Barcelonas bietet","breadcrumb":{"@id":"https:\/\/crolcentrecalella.com\/de\/service\/#breadcrumb"},"inLanguage":"de","potentialAction":[{"@type":"ReadAction","target":["https:\/\/crolcentrecalella.com\/de\/service\/"]}]},{"@type":"ImageObject","inLanguage":"de","@id":"https:\/\/crolcentrecalella.com\/de\/service\/#primaryimage","url":"https:\/\/crolcentrecalella.com\/wp-content\/uploads\/2022\/10\/CROL-CENTRE-1-scaled-e1613118257349-2.webp","contentUrl":"https:\/\/crolcentrecalella.com\/wp-content\/uploads\/2022\/10\/CROL-CENTRE-1-scaled-e1613118257349-2.webp","width":719,"height":480,"caption":"Piscina Crol Centre"},{"@type":"BreadcrumbList","@id":"https:\/\/crolcentrecalella.com\/de\/service\/#breadcrumb","itemListElement":[{"@type":"ListItem","position":1,"name":"Inici","item":"https:\/\/crolcentrecalella.com\/de\/"},{"@type":"ListItem","position":2,"name":"Service"}]},{"@type":"WebSite","@id":"https:\/\/crolcentrecalella.com\/#website","url":"https:\/\/crolcentrecalella.com\/","name":"Crol Centre Calella","description":"Piscina ol\u00edmpica en la Costa de Barcelona","potentialAction":[{"@type":"SearchAction","target":{"@type":"EntryPoint","urlTemplate":"https:\/\/crolcentrecalella.com\/?s={search_term_string}"},"query-input":{"@type":"PropertyValueSpecification","valueRequired":true,"valueName":"search_term_string"}}],"inLanguage":"de"}]}},"_links":{"self":[{"href":"https:\/\/crolcentrecalella.com\/de\/wp-json\/wp\/v2\/pages\/542","targetHints":{"allow":["GET"]}}],"collection":[{"href":"https:\/\/crolcentrecalella.com\/de\/wp-json\/wp\/v2\/pages"}],"about":[{"href":"https:\/\/crolcentrecalella.com\/de\/wp-json\/wp\/v2\/types\/page"}],"author":[{"embeddable":true,"href":"https:\/\/crolcentrecalella.com\/de\/wp-json\/wp\/v2\/users\/2"}],"replies":[{"embeddable":true,"href":"https:\/\/crolcentrecalella.com\/de\/wp-json\/wp\/v2\/comments?post=542"}],"version-history":[{"count":0,"href":"https:\/\/crolcentrecalella.com\/de\/wp-json\/wp\/v2\/pages\/542\/revisions"}],"wp:featuredmedia":[{"embeddable":true,"href":"https:\/\/crolcentrecalella.com\/de\/wp-json\/wp\/v2\/media\/3443"}],"wp:attachment":[{"href":"https:\/\/crolcentrecalella.com\/de\/wp-json\/wp\/v2\/media?parent=542"}],"curies":[{"name":"wp","href":"https:\/\/api.w.org\/{rel}","templated":true}]}}