
{"id":567,"date":"2021-02-10T10:57:04","date_gmt":"2021-02-10T08:57:04","guid":{"rendered":"https:\/\/crolcentrecalella.com\/politica-de-cookies\/"},"modified":"2026-02-10T10:16:27","modified_gmt":"2026-02-10T08:16:27","slug":"politica-de-cookies","status":"publish","type":"page","link":"https:\/\/crolcentrecalella.com\/de\/politica-de-cookies\/","title":{"rendered":"Pol\u00edtica de Cookies"},"content":{"rendered":"<p>[vc_row][vc_column][vc_column_text]<\/p>\n<p data-start=\"174\" data-end=\"203\"><strong data-start=\"174\" data-end=\"203\">INFORMACI\u00d3N SOBRE COOKIES<\/strong><\/p>\n<p data-start=\"205\" data-end=\"741\">Conforme con la Ley 34\/2002, de 11 de julio, de servicios de la sociedad de la informaci\u00f3n y de comercio electr\u00f3nico (LSSI), en relaci\u00f3n con el Reglamento (UE) 2016\/679 del Parlamento Europeo y del Consejo, de 27 de abril de 2016, General de Protecci\u00f3n de Datos (RGPD) y la Ley Org\u00e1nica 3\/2018, de 5 de diciembre, de Protecci\u00f3n de Datos y Garant\u00eda de los Derechos Digitales (LOPDGDD), es obligado obtener el consentimiento expreso del usuario de todas las p\u00e1ginas web que usan cookies prescindibles, antes de que este navegue por ellas.<\/p>\n<p data-start=\"743\" data-end=\"768\"><strong data-start=\"743\" data-end=\"768\">\u00bfQU\u00c9 SON LAS COOKIES?<\/strong><\/p>\n<p data-start=\"770\" data-end=\"1044\">Las cookies y otras tecnolog\u00edas similares tales como local shared objects, flash cookies o p\u00edxeles, son herramientas empleadas por los servidores Web para almacenar y recuperar informaci\u00f3n acerca de sus visitantes, as\u00ed como para ofrecer un correcto funcionamiento del sitio.<\/p>\n<p data-start=\"1046\" data-end=\"1293\">Mediante el uso de estos dispositivos se permite al servidor Web recordar algunos datos concernientes al usuario, como sus preferencias para la visualizaci\u00f3n de las p\u00e1ginas de ese servidor, nombre y contrase\u00f1a, productos que m\u00e1s le interesan, etc.<\/p>\n<p data-start=\"1295\" data-end=\"1355\"><strong data-start=\"1295\" data-end=\"1355\">COOKIES AFECTADAS POR LA NORMATIVA Y COOKIES EXCEPTUADAS<\/strong><\/p>\n<p data-start=\"1357\" data-end=\"1693\">Seg\u00fan la directiva de la UE, las cookies que requieren el consentimiento informado por parte del usuario son las cookies de anal\u00edtica y las de publicidad y afiliaci\u00f3n, quedando exceptuadas las de car\u00e1cter t\u00e9cnico y las necesarias para el funcionamiento del sitio web o la prestaci\u00f3n de servicios expresamente solicitados por el usuario.<\/p>\n<p data-start=\"1695\" data-end=\"1715\"><strong data-start=\"1695\" data-end=\"1715\">TIPOS DE COOKIES<\/strong><\/p>\n<p data-start=\"1717\" data-end=\"1739\"><strong data-start=\"1717\" data-end=\"1739\">SEG\u00daN LA FINALIDAD<\/strong><\/p>\n<p data-start=\"1741\" data-end=\"1935\">Cookies t\u00e9cnicas y funcionales: permiten al usuario la navegaci\u00f3n a trav\u00e9s de una p\u00e1gina web, plataforma o aplicaci\u00f3n y la utilizaci\u00f3n de las diferentes opciones o servicios que en ella existan.<\/p>\n<p data-start=\"1937\" data-end=\"2294\">Cookies anal\u00edticas: permiten al responsable el seguimiento y an\u00e1lisis del comportamiento de los usuarios de los sitios web a los que est\u00e1n vinculadas. La informaci\u00f3n recogida se utiliza en la medici\u00f3n de la actividad de los sitios web, aplicaci\u00f3n o plataforma y para la elaboraci\u00f3n de perfiles de navegaci\u00f3n de los usuarios con el fin de introducir mejoras.<\/p>\n<p data-start=\"2296\" data-end=\"2429\">Cookies publicitarias: permiten la gesti\u00f3n eficaz de los espacios publicitarios incluidos en una p\u00e1gina web, aplicaci\u00f3n o plataforma.<\/p>\n<p data-start=\"2431\" data-end=\"2610\">Cookies de publicidad comportamental: recogen informaci\u00f3n sobre las preferencias y elecciones personales del usuario para permitir la gesti\u00f3n eficaz de los espacios publicitarios.<\/p>\n<p data-start=\"2612\" data-end=\"2795\">Cookies sociales: establecidas por las plataformas de redes sociales para permitir compartir contenido. Estas plataformas pueden rastrear su actividad en l\u00ednea fuera de los servicios.<\/p>\n<p data-start=\"2797\" data-end=\"2946\">Cookies de afiliados: permiten hacer seguimiento de las visitas procedentes de otras webs con las que el sitio web establece contratos de afiliaci\u00f3n.<\/p>\n<p data-start=\"2948\" data-end=\"3031\">Cookies de seguridad: almacenan informaci\u00f3n cifrada para evitar ataques maliciosos.<\/p>\n<p data-start=\"3033\" data-end=\"3055\"><strong data-start=\"3033\" data-end=\"3055\">SEG\u00daN LA PROPIEDAD<\/strong><\/p>\n<p data-start=\"3057\" data-end=\"3154\">Cookies propias: enviadas al equipo del usuario desde un dominio gestionado por el propio editor.<\/p>\n<p data-start=\"3156\" data-end=\"3285\">Cookies de terceros: enviadas desde un dominio gestionado por otra entidad que trata los datos obtenidos a trav\u00e9s de las cookies.<\/p>\n<p data-start=\"3287\" data-end=\"3321\"><strong data-start=\"3287\" data-end=\"3321\">SEG\u00daN EL PLAZO DE CONSERVACI\u00d3N<\/strong><\/p>\n<p data-start=\"3323\" data-end=\"3412\">Cookies de sesi\u00f3n: recaban y almacenan datos mientras el usuario accede a una p\u00e1gina web.<\/p>\n<p data-start=\"3414\" data-end=\"3535\">Cookies persistentes: los datos permanecen almacenados durante un periodo definido que puede ir de minutos a varios a\u00f1os.<\/p>\n<hr data-start=\"3537\" data-end=\"3540\" \/>\n<p data-start=\"3542\" data-end=\"3577\"><strong data-start=\"3542\" data-end=\"3577\">TRATAMIENTO DE DATOS PERSONALES<\/strong><\/p>\n<p data-start=\"3579\" data-end=\"3772\">COVA CALELLA, S.L. es el Responsable del tratamiento de los datos personales del Interesado y le informa de que estos datos ser\u00e1n tratados de conformidad con el Reglamento (UE) 2016\/679 (RGPD).<\/p>\n<p data-start=\"3774\" data-end=\"4197\">Fines del tratamiento: seg\u00fan se especifica en el apartado de cookies utilizadas en este sitio web.<br data-start=\"3872\" data-end=\"3875\" \/>Legitimaci\u00f3n del tratamiento: consentimiento del interesado (art. 6.1.a RGPD), salvo cookies necesarias para la navegaci\u00f3n.<br data-start=\"3998\" data-end=\"4001\" \/>Criterios de conservaci\u00f3n: seg\u00fan el apartado de cookies utilizadas en la web.<br data-start=\"4078\" data-end=\"4081\" \/>Comunicaci\u00f3n de los datos: no se comunicar\u00e1n datos a terceros excepto en cookies de terceros o por obligaci\u00f3n legal.<\/p>\n<p data-start=\"4199\" data-end=\"4223\">Derechos del interesado:<\/p>\n<ul data-start=\"4225\" data-end=\"4449\">\n<li data-start=\"4225\" data-end=\"4276\">\n<p data-start=\"4227\" data-end=\"4276\">Retirar el consentimiento en cualquier momento.<\/p>\n<\/li>\n<li data-start=\"4277\" data-end=\"4338\">\n<p data-start=\"4279\" data-end=\"4338\">Acceso, rectificaci\u00f3n, portabilidad y supresi\u00f3n de datos.<\/p>\n<\/li>\n<li data-start=\"4339\" data-end=\"4381\">\n<p data-start=\"4341\" data-end=\"4381\">Limitaci\u00f3n u oposici\u00f3n al tratamiento.<\/p>\n<\/li>\n<li data-start=\"4382\" data-end=\"4449\">\n<p data-start=\"4384\" data-end=\"4449\">Presentar reclamaci\u00f3n ante la Autoridad de control (<a class=\"decorated-link\" href=\"http:\/\/www.aepd.es\" target=\"_new\" rel=\"noopener\" data-start=\"4436\" data-end=\"4447\">www.aepd.es<\/a>).<\/p>\n<\/li>\n<\/ul>\n<p data-start=\"4451\" data-end=\"4566\">Datos de contacto:<br data-start=\"4469\" data-end=\"4472\" \/>COVA CALELLA, S.L.<br data-start=\"4490\" data-end=\"4493\" \/>AV. TURISME, 106 &#8211; 08370 CALELLA (Barcelona)<br data-start=\"4537\" data-end=\"4540\" \/><a class=\"decorated-link cursor-pointer\" rel=\"noopener\" data-start=\"4540\" data-end=\"4566\">info@crolcentrecalella.com<\/a><\/p>\n<hr data-start=\"4568\" data-end=\"4571\" \/>\n<p data-start=\"4573\" data-end=\"4613\"><strong data-start=\"4573\" data-end=\"4613\">COOKIES UTILIZADAS EN ESTE SITIO WEB<\/strong><\/p>\n<p data-start=\"4615\" data-end=\"4652\"><strong data-start=\"4615\" data-end=\"4652\">COOKIES CONTROLADAS POR EL EDITOR<\/strong><\/p>\n<p data-start=\"4654\" data-end=\"4687\">T\u00e9cnicas y funcionales (resumen):<\/p>\n<ul data-start=\"4689\" data-end=\"5098\">\n<li data-start=\"4689\" data-end=\"4766\">\n<p data-start=\"4691\" data-end=\"4766\">_cfuvid (Cloudflare): necesaria para el funcionamiento del sitio. Sesi\u00f3n.<\/p>\n<\/li>\n<li data-start=\"4767\" data-end=\"4819\">\n<p data-start=\"4769\" data-end=\"4819\">_ga_GTMDYZVFZ8: funcionamiento del sitio. 1 a\u00f1o.<\/p>\n<\/li>\n<li data-start=\"4820\" data-end=\"4857\">\n<p data-start=\"4822\" data-end=\"4857\">_gat_gtag_UA_122616041_1: sesi\u00f3n.<\/p>\n<\/li>\n<li data-start=\"4858\" data-end=\"4918\">\n<p data-start=\"4860\" data-end=\"4918\">moove_gdpr_popup: gesti\u00f3n consentimiento cookies. 1 a\u00f1o.<\/p>\n<\/li>\n<li data-start=\"4919\" data-end=\"5098\">\n<p data-start=\"4921\" data-end=\"5098\">Diversas cookies de Google y YouTube (__Secure-1PAPISID, __Secure-1PSID, __Secure-3PSID, LOGIN_INFO, etc.) necesarias para servicios web, seguridad o reproducci\u00f3n de contenidos.<\/p>\n<\/li>\n<\/ul>\n<p data-start=\"5100\" data-end=\"5114\"><strong data-start=\"5100\" data-end=\"5114\">Anal\u00edticas<\/strong><\/p>\n<ul data-start=\"5116\" data-end=\"5204\">\n<li data-start=\"5116\" data-end=\"5160\">\n<p data-start=\"5118\" data-end=\"5160\">_ga: identificaci\u00f3n de usuarios (1 a\u00f1o).<\/p>\n<\/li>\n<li data-start=\"5161\" data-end=\"5204\">\n<p data-start=\"5163\" data-end=\"5204\">_gid: identificaci\u00f3n usuarios (24 horas).<\/p>\n<\/li>\n<\/ul>\n<p data-start=\"5206\" data-end=\"5223\"><strong data-start=\"5206\" data-end=\"5223\">Publicitarias<\/strong><\/p>\n<ul data-start=\"5225\" data-end=\"5372\">\n<li data-start=\"5225\" data-end=\"5274\">\n<p data-start=\"5227\" data-end=\"5274\">_gcl_au: publicidad Google AdSense (3 meses).<\/p>\n<\/li>\n<li data-start=\"5275\" data-end=\"5372\">\n<p data-start=\"5277\" data-end=\"5372\">APISID, HSID, NID, SAPISID, SID, SSID, etc.: personalizaci\u00f3n de anuncios y preferencias Google.<\/p>\n<\/li>\n<\/ul>\n<hr data-start=\"5374\" data-end=\"5377\" \/>\n<p data-start=\"5379\" data-end=\"5402\"><strong data-start=\"5379\" data-end=\"5402\">COOKIES DE TERCEROS<\/strong><\/p>\n<p data-start=\"5404\" data-end=\"5425\">Proveedores externos:<\/p>\n<ul data-start=\"5427\" data-end=\"5470\">\n<li data-start=\"5427\" data-end=\"5447\">\n<p data-start=\"5429\" data-end=\"5447\">Google Analytics<\/p>\n<\/li>\n<li data-start=\"5448\" data-end=\"5458\">\n<p data-start=\"5450\" data-end=\"5458\">Google<\/p>\n<\/li>\n<li data-start=\"5459\" data-end=\"5470\">\n<p data-start=\"5461\" data-end=\"5470\">YouTube<\/p>\n<\/li>\n<\/ul>\n<p data-start=\"5472\" data-end=\"5511\">Pol\u00edticas de privacidad disponibles en:<\/p>\n<p data-start=\"5513\" data-end=\"5645\"><a class=\"decorated-link\" href=\"https:\/\/privacy.google.com\/take-control.html\" target=\"_new\" rel=\"noopener\" data-start=\"5513\" data-end=\"5557\">https:\/\/privacy.google.com\/take-control.html<\/a><br data-start=\"5557\" data-end=\"5560\" \/><a class=\"decorated-link\" href=\"https:\/\/safety.google\/privacy\/privacy-controls\/\" target=\"_new\" rel=\"noopener\" data-start=\"5560\" data-end=\"5607\">https:\/\/safety.google\/privacy\/privacy-controls\/<\/a><br data-start=\"5607\" data-end=\"5610\" \/><a class=\"decorated-link\" href=\"https:\/\/policies.google.com\/privacy\" target=\"_new\" rel=\"noopener\" data-start=\"5610\" data-end=\"5645\">https:\/\/policies.google.com\/privacy<\/a><\/p>\n<hr data-start=\"5647\" data-end=\"5650\" \/>\n<p data-start=\"5652\" data-end=\"5689\"><strong data-start=\"5652\" data-end=\"5689\">PANEL DE CONFIGURACI\u00d3N DE COOKIES<\/strong><\/p>\n<p data-start=\"5691\" data-end=\"5845\">Desde este panel podr\u00e1 configurar las cookies que el sitio web puede instalar en su navegador, excepto las cookies t\u00e9cnicas necesarias para la navegaci\u00f3n.<\/p>\n<hr data-start=\"5847\" data-end=\"5850\" \/>\n<p data-start=\"5852\" data-end=\"5901\"><strong data-start=\"5852\" data-end=\"5901\">C\u00d3MO GESTIONAR LAS COOKIES DESDE EL NAVEGADOR<\/strong><\/p>\n<p data-start=\"5903\" data-end=\"6110\">Eliminar cookies: borrando el historial del navegador.<br data-start=\"5957\" data-end=\"5960\" \/>Gestionar cookies espec\u00edficas: configurando privacidad en el navegador.<br data-start=\"6031\" data-end=\"6034\" \/>Bloquear cookies: algunos servicios pueden dejar de funcionar correctamente.<\/p>\n<p data-start=\"6112\" data-end=\"6172\"><strong data-start=\"6112\" data-end=\"6172\">C\u00d3MO ELIMINAR LAS COOKIES EN LOS NAVEGADORES M\u00c1S COMUNES<\/strong><\/p>\n<p data-start=\"6174\" data-end=\"6694\">Chrome: <a class=\"decorated-link\" href=\"http:\/\/support.google.com\/chrome\/answer\/95647?hl=es\" target=\"_new\" rel=\"noopener\" data-start=\"6182\" data-end=\"6233\">http:\/\/support.google.com\/chrome\/answer\/95647?hl=es<\/a><br data-start=\"6233\" data-end=\"6236\" \/>Edge: <a class=\"decorated-link\" href=\"https:\/\/support.microsoft.com\/es-es\/microsoft-edge\/eliminar-las-cookies-en-microsoft-edge-63947406-40ac-c3b8-57b9-2a946a29ae09\" target=\"_new\" rel=\"noopener\" data-start=\"6242\" data-end=\"6368\">https:\/\/support.microsoft.com\/es-es\/microsoft-edge\/eliminar-las-cookies-en-microsoft-edge-63947406-40ac-c3b8-57b9-2a946a29ae09<\/a><br data-start=\"6368\" data-end=\"6371\" \/>Explorer: <a class=\"decorated-link\" href=\"https:\/\/support.microsoft.com\/es-es\/help\/278835\/how-to-delete-cookie-files-in-internet-explorer\" target=\"_new\" rel=\"noopener\" data-start=\"6381\" data-end=\"6476\">https:\/\/support.microsoft.com\/es-es\/help\/278835\/how-to-delete-cookie-files-in-internet-explorer<\/a><br data-start=\"6476\" data-end=\"6479\" \/>Firefox: <a class=\"decorated-link\" href=\"https:\/\/www.mozilla.org\/es-ES\/privacy\/websites\/#cookies\" target=\"_new\" rel=\"noopener\" data-start=\"6488\" data-end=\"6543\">https:\/\/www.mozilla.org\/es-ES\/privacy\/websites\/#cookies<\/a><br data-start=\"6543\" data-end=\"6546\" \/>Safari: <a class=\"decorated-link\" href=\"https:\/\/support.apple.com\/es-es\/guide\/safari\/sfri11471\/mac\" target=\"_new\" rel=\"noopener\" data-start=\"6554\" data-end=\"6612\">https:\/\/support.apple.com\/es-es\/guide\/safari\/sfri11471\/mac<\/a><br data-start=\"6612\" data-end=\"6615\" \/>Opera: <a class=\"decorated-link\" href=\"https:\/\/help.opera.com\/en\/latest\/security-and-privacy\/#clearBrowsingData\" target=\"_new\" rel=\"noopener\" data-start=\"6622\" data-end=\"6694\">https:\/\/help.opera.com\/en\/latest\/security-and-privacy\/#clearBrowsingData<\/a><\/p>\n<p>[\/vc_column_text][\/vc_column][\/vc_row]<\/p>\n","protected":false},"excerpt":{"rendered":"<p>[vc_row][vc_column][vc_column_text] INFORMACI\u00d3N SOBRE COOKIES Conforme con la Ley 34\/2002, de 11 de julio, de servicios de la sociedad de la informaci\u00f3n y de comercio electr\u00f3nico (LSSI), en relaci\u00f3n con el Reglamento (UE) 2016\/679 del Parlamento Europeo y del Consejo, de 27 de abril de 2016,&#8230;<\/p>\n","protected":false},"author":2,"featured_media":0,"parent":0,"menu_order":0,"comment_status":"closed","ping_status":"closed","template":"","meta":{"footnotes":""},"class_list":["post-567","page","type-page","status-publish","hentry"],"yoast_head":"<!-- This site is optimized with the Yoast SEO plugin v26.8 - https:\/\/yoast.com\/product\/yoast-seo-wordpress\/ -->\n<title>Pol\u00edtica de Cookies - Crol Centre Calella<\/title>\n<meta name=\"robots\" content=\"index, follow, max-snippet:-1, max-image-preview:large, max-video-preview:-1\" \/>\n<link rel=\"canonical\" href=\"https:\/\/crolcentrecalella.com\/de\/politica-de-cookies\/\" \/>\n<meta property=\"og:locale\" content=\"de_DE\" \/>\n<meta property=\"og:type\" content=\"article\" \/>\n<meta property=\"og:title\" content=\"Pol\u00edtica de Cookies - Crol Centre Calella\" \/>\n<meta property=\"og:description\" content=\"[vc_row][vc_column][vc_column_text] INFORMACI\u00d3N SOBRE COOKIES Conforme con la Ley 34\/2002, de 11 de julio, de servicios de la sociedad de la informaci\u00f3n y de comercio electr\u00f3nico (LSSI), en relaci\u00f3n con el Reglamento (UE) 2016\/679 del Parlamento Europeo y del Consejo, de 27 de abril de 2016,...\" \/>\n<meta property=\"og:url\" content=\"https:\/\/crolcentrecalella.com\/de\/politica-de-cookies\/\" \/>\n<meta property=\"og:site_name\" content=\"Crol Centre Calella\" \/>\n<meta property=\"article:modified_time\" content=\"2026-02-10T08:16:27+00:00\" \/>\n<meta name=\"twitter:card\" content=\"summary_large_image\" \/>\n<meta name=\"twitter:label1\" content=\"Gesch\u00e4tzte Lesezeit\" \/>\n\t<meta name=\"twitter:data1\" content=\"5\u00a0Minuten\" \/>\n<script type=\"application\/ld+json\" class=\"yoast-schema-graph\">{\"@context\":\"https:\/\/schema.org\",\"@graph\":[{\"@type\":\"WebPage\",\"@id\":\"https:\/\/crolcentrecalella.com\/de\/politica-de-cookies\/\",\"url\":\"https:\/\/crolcentrecalella.com\/de\/politica-de-cookies\/\",\"name\":\"Pol\u00edtica de Cookies - Crol Centre Calella\",\"isPartOf\":{\"@id\":\"https:\/\/crolcentrecalella.com\/#website\"},\"datePublished\":\"2021-02-10T08:57:04+00:00\",\"dateModified\":\"2026-02-10T08:16:27+00:00\",\"breadcrumb\":{\"@id\":\"https:\/\/crolcentrecalella.com\/de\/politica-de-cookies\/#breadcrumb\"},\"inLanguage\":\"de\",\"potentialAction\":[{\"@type\":\"ReadAction\",\"target\":[\"https:\/\/crolcentrecalella.com\/de\/politica-de-cookies\/\"]}]},{\"@type\":\"BreadcrumbList\",\"@id\":\"https:\/\/crolcentrecalella.com\/de\/politica-de-cookies\/#breadcrumb\",\"itemListElement\":[{\"@type\":\"ListItem\",\"position\":1,\"name\":\"Inici\",\"item\":\"https:\/\/crolcentrecalella.com\/de\/\"},{\"@type\":\"ListItem\",\"position\":2,\"name\":\"Pol\u00edtica de Cookies\"}]},{\"@type\":\"WebSite\",\"@id\":\"https:\/\/crolcentrecalella.com\/#website\",\"url\":\"https:\/\/crolcentrecalella.com\/\",\"name\":\"Crol Centre Calella\",\"description\":\"Piscina ol\u00edmpica en la Costa de Barcelona\",\"potentialAction\":[{\"@type\":\"SearchAction\",\"target\":{\"@type\":\"EntryPoint\",\"urlTemplate\":\"https:\/\/crolcentrecalella.com\/?s={search_term_string}\"},\"query-input\":{\"@type\":\"PropertyValueSpecification\",\"valueRequired\":true,\"valueName\":\"search_term_string\"}}],\"inLanguage\":\"de\"}]}<\/script>\n<!-- \/ Yoast SEO plugin. -->","yoast_head_json":{"title":"Pol\u00edtica de Cookies - Crol Centre Calella","robots":{"index":"index","follow":"follow","max-snippet":"max-snippet:-1","max-image-preview":"max-image-preview:large","max-video-preview":"max-video-preview:-1"},"canonical":"https:\/\/crolcentrecalella.com\/de\/politica-de-cookies\/","og_locale":"de_DE","og_type":"article","og_title":"Pol\u00edtica de Cookies - Crol Centre Calella","og_description":"[vc_row][vc_column][vc_column_text] INFORMACI\u00d3N SOBRE COOKIES Conforme con la Ley 34\/2002, de 11 de julio, de servicios de la sociedad de la informaci\u00f3n y de comercio electr\u00f3nico (LSSI), en relaci\u00f3n con el Reglamento (UE) 2016\/679 del Parlamento Europeo y del Consejo, de 27 de abril de 2016,...","og_url":"https:\/\/crolcentrecalella.com\/de\/politica-de-cookies\/","og_site_name":"Crol Centre Calella","article_modified_time":"2026-02-10T08:16:27+00:00","twitter_card":"summary_large_image","twitter_misc":{"Gesch\u00e4tzte Lesezeit":"5\u00a0Minuten"},"schema":{"@context":"https:\/\/schema.org","@graph":[{"@type":"WebPage","@id":"https:\/\/crolcentrecalella.com\/de\/politica-de-cookies\/","url":"https:\/\/crolcentrecalella.com\/de\/politica-de-cookies\/","name":"Pol\u00edtica de Cookies - Crol Centre Calella","isPartOf":{"@id":"https:\/\/crolcentrecalella.com\/#website"},"datePublished":"2021-02-10T08:57:04+00:00","dateModified":"2026-02-10T08:16:27+00:00","breadcrumb":{"@id":"https:\/\/crolcentrecalella.com\/de\/politica-de-cookies\/#breadcrumb"},"inLanguage":"de","potentialAction":[{"@type":"ReadAction","target":["https:\/\/crolcentrecalella.com\/de\/politica-de-cookies\/"]}]},{"@type":"BreadcrumbList","@id":"https:\/\/crolcentrecalella.com\/de\/politica-de-cookies\/#breadcrumb","itemListElement":[{"@type":"ListItem","position":1,"name":"Inici","item":"https:\/\/crolcentrecalella.com\/de\/"},{"@type":"ListItem","position":2,"name":"Pol\u00edtica de Cookies"}]},{"@type":"WebSite","@id":"https:\/\/crolcentrecalella.com\/#website","url":"https:\/\/crolcentrecalella.com\/","name":"Crol Centre Calella","description":"Piscina ol\u00edmpica en la Costa de Barcelona","potentialAction":[{"@type":"SearchAction","target":{"@type":"EntryPoint","urlTemplate":"https:\/\/crolcentrecalella.com\/?s={search_term_string}"},"query-input":{"@type":"PropertyValueSpecification","valueRequired":true,"valueName":"search_term_string"}}],"inLanguage":"de"}]}},"_links":{"self":[{"href":"https:\/\/crolcentrecalella.com\/de\/wp-json\/wp\/v2\/pages\/567","targetHints":{"allow":["GET"]}}],"collection":[{"href":"https:\/\/crolcentrecalella.com\/de\/wp-json\/wp\/v2\/pages"}],"about":[{"href":"https:\/\/crolcentrecalella.com\/de\/wp-json\/wp\/v2\/types\/page"}],"author":[{"embeddable":true,"href":"https:\/\/crolcentrecalella.com\/de\/wp-json\/wp\/v2\/users\/2"}],"replies":[{"embeddable":true,"href":"https:\/\/crolcentrecalella.com\/de\/wp-json\/wp\/v2\/comments?post=567"}],"version-history":[{"count":1,"href":"https:\/\/crolcentrecalella.com\/de\/wp-json\/wp\/v2\/pages\/567\/revisions"}],"predecessor-version":[{"id":7340,"href":"https:\/\/crolcentrecalella.com\/de\/wp-json\/wp\/v2\/pages\/567\/revisions\/7340"}],"wp:attachment":[{"href":"https:\/\/crolcentrecalella.com\/de\/wp-json\/wp\/v2\/media?parent=567"}],"curies":[{"name":"wp","href":"https:\/\/api.w.org\/{rel}","templated":true}]}}