
{"id":390,"date":"2021-02-09T16:27:12","date_gmt":"2021-02-09T14:27:12","guid":{"rendered":"https:\/\/crolcentrecalella.com\/contacto\/"},"modified":"2021-02-26T12:26:46","modified_gmt":"2021-02-26T10:26:46","slug":"contact","status":"publish","type":"page","link":"https:\/\/crolcentrecalella.com\/fr\/contact\/","title":{"rendered":"Contact"},"content":{"rendered":"<p>[vc_row][vc_column width=\u00a0\u00bb2\/3&Prime;][vc_column_text]<\/p>\n<h2>Contactez-nous<\/h2>\n<p>[\/vc_column_text][vc_column_text]et nous r\u00e9pondrons \u00e0 vos questions.[\/vc_column_text][vc_empty_space height=\u00a0\u00bb35px\u00a0\u00bb]\n<div class=\"wpcf7 no-js\" id=\"wpcf7-f712-o1\" lang=\"ca\" dir=\"ltr\" data-wpcf7-id=\"712\">\n<div class=\"screen-reader-response\"><p role=\"status\" aria-live=\"polite\" aria-atomic=\"true\"><\/p> <ul><\/ul><\/div>\n<form action=\"\/fr\/wp-json\/wp\/v2\/pages\/390#wpcf7-f712-o1\" method=\"post\" class=\"wpcf7-form init cf7_custom_style_3\" aria-label=\"Formulari de contacte\" novalidate=\"novalidate\" data-status=\"init\">\n<fieldset class=\"hidden-fields-container\"><input type=\"hidden\" name=\"_wpcf7\" value=\"712\" \/><input type=\"hidden\" name=\"_wpcf7_version\" value=\"6.1.4\" \/><input type=\"hidden\" name=\"_wpcf7_locale\" value=\"ca\" \/><input type=\"hidden\" name=\"_wpcf7_unit_tag\" value=\"wpcf7-f712-o1\" \/><input type=\"hidden\" name=\"_wpcf7_container_post\" value=\"0\" \/><input type=\"hidden\" name=\"_wpcf7_posted_data_hash\" value=\"\" \/>\n<\/fieldset>\n<div class=\"wpcf7-turnstile cf-turnstile\" data-sitekey=\"0x4AAAAAAB3epEQEZr23N1O6\" data-response-field-name=\"_wpcf7_turnstile_response\"><\/div>\n\n<div class=\"mkdf-two-columns-50-50\">\n\t<div class=\"mkdf-two-columns-50-50-inner\">\n\t\t<div class=\"mkdf-column\">\n\t\t\t<div class=\"mkdf-column-inner\">\n\t\t\t\t<p><span class=\"wpcf7-form-control-wrap\" data-name=\"first-name\"><input size=\"40\" maxlength=\"400\" class=\"wpcf7-form-control wpcf7-text wpcf7-validates-as-required\" aria-required=\"true\" aria-invalid=\"false\" placeholder=\"Nom*\" value=\"\" type=\"text\" name=\"first-name\" \/><\/span>\n\t\t\t\t<\/p>\n\t\t\t<\/div>\n\t\t<\/div>\n\t\t<div class=\"mkdf-column\">\n\t\t\t<div class=\"mkdf-column-inner\">\n\t\t\t\t<p><span class=\"wpcf7-form-control-wrap\" data-name=\"last-name\"><input size=\"40\" maxlength=\"400\" class=\"wpcf7-form-control wpcf7-text wpcf7-validates-as-required\" aria-required=\"true\" aria-invalid=\"false\" placeholder=\"Pr\u00e9nom*\" value=\"\" type=\"text\" name=\"last-name\" \/><\/span>\n\t\t\t\t<\/p>\n\t\t\t<\/div>\n\t\t<\/div>\n\t<\/div>\n<\/div>\n<div class=\"mkdf-two-columns-50-50\">\n\t<div class=\"mkdf-two-columns-50-50-inner\">\n\t\t<div class=\"mkdf-column\">\n\t\t\t<div class=\"mkdf-column-inner\">\n\t\t\t\t<p><span class=\"wpcf7-form-control-wrap\" data-name=\"your-email\"><input size=\"40\" maxlength=\"400\" class=\"wpcf7-form-control wpcf7-email wpcf7-validates-as-required wpcf7-text wpcf7-validates-as-email\" aria-required=\"true\" aria-invalid=\"false\" placeholder=\"Email*\" value=\"\" type=\"email\" name=\"your-email\" \/><\/span>\n\t\t\t\t<\/p>\n\t\t\t<\/div>\n\t\t<\/div>\n\t\t<div class=\"mkdf-column\">\n\t\t\t<div class=\"mkdf-column-inner\">\n\t\t\t\t<p><span class=\"wpcf7-form-control-wrap\" data-name=\"your-phone\"><input size=\"40\" maxlength=\"400\" class=\"wpcf7-form-control wpcf7-text\" aria-invalid=\"false\" placeholder=\"T\u00e9l\u00e9phone\" value=\"\" type=\"text\" name=\"your-phone\" \/><\/span>\n\t\t\t\t<\/p>\n\t\t\t<\/div>\n\t\t<\/div>\n\t<\/div>\n<\/div>\n<div>\n\t<p><span class=\"wpcf7-form-control-wrap\" data-name=\"your-message\"><textarea cols=\"40\" rows=\"10\" maxlength=\"2000\" class=\"wpcf7-form-control wpcf7-textarea wpcf7-validates-as-required\" aria-required=\"true\" aria-invalid=\"false\" placeholder=\"Message\" name=\"your-message\"><\/textarea><\/span>\n\t<\/p>\n<\/div>\n<div>\n\t<p><span class=\"wpcf7-form-control-wrap\" data-name=\"checkbox-29\"><span class=\"wpcf7-form-control wpcf7-checkbox wpcf7-validates-as-required\"><span class=\"wpcf7-list-item first last\"><label><input type=\"checkbox\" name=\"checkbox-29[]\" value=\"\" \/><span class=\"wpcf7-list-item-label\"><\/span><\/label><\/span><\/span><\/span><a href=\"https:\/\/crolcentrecalella.com\/fr\/politica-de-privacidad\/\" target=\"_blank\">J'ai lu et j'accepte la politique de confidentialit\u00e9<\/a>\n\t<\/p>\n<\/div>\n<div>\n\t<p><input class=\"wpcf7-form-control wpcf7-submit has-spinner\" type=\"submit\" value=\"Envoyer\" \/>\n\t<\/p>\n<\/div><div class=\"wpcf7-response-output\" aria-hidden=\"true\"><\/div>\n<\/form>\n<\/div>\n[vc_empty_space height=\u00a0\u00bb40px\u00a0\u00bb][\/vc_column][vc_column width=\u00a0\u00bb1\/3&Prime;][vc_column_text]<\/p>\n<h2>D\u00e9tails du contact<\/h2>\n<p>[\/vc_column_text][vc_column_text]Vous pouvez nous contacter via le formulaire Web ou de l&rsquo;une des mani\u00e8res suivantes:[\/vc_column_text][vc_empty_space height=\u00a0\u00bb22px\u00a0\u00bb]<div  class=\"mkdf-icon-list-item mkdf-icon-list-item-default-font-family\">\r\n\t<div class=\"mkdf-icon-list-icon-holder\">\r\n        <div class=\"mkdf-icon-list-icon-holder-inner clearfix\">\r\n\t\t\t<i class=\"mkdf-icon-linear-icon lnr lnr-phone-handset \" style=\"color:#545454;font-size:18px\" ><\/i>\t\t<\/div>\r\n\t<\/div>\r\n\t<p class=\"mkdf-icon-list-text\" style=\"font-size:12px\" > +34 93 769 75 87<\/p>\r\n<\/div><div  class=\"mkdf-icon-list-item mkdf-icon-list-item-default-font-family\">\r\n\t<div class=\"mkdf-icon-list-icon-holder\">\r\n        <div class=\"mkdf-icon-list-icon-holder-inner clearfix\">\r\n\t\t\t<i class=\"mkdf-icon-linear-icon lnr lnr-bubble \" style=\"color:#545454;font-size:18px\" ><\/i>\t\t<\/div>\r\n\t<\/div>\r\n\t<p class=\"mkdf-icon-list-text\" style=\"font-size:12px\" > info@crolcentrecalella.com<\/p>\r\n<\/div><div  class=\"mkdf-icon-list-item mkdf-icon-list-item-default-font-family\">\r\n\t<div class=\"mkdf-icon-list-icon-holder\">\r\n        <div class=\"mkdf-icon-list-icon-holder-inner clearfix\">\r\n\t\t\t<i class=\"mkdf-icon-linear-icon lnr lnr-apartment \" style=\"color:#545454;font-size:18px\" ><\/i>\t\t<\/div>\r\n\t<\/div>\r\n\t<p class=\"mkdf-icon-list-text\" style=\"font-size:12px\" > Carrer del Turisme, 106, 08370 Calella, Barcelona<\/p>\r\n<\/div>[\/vc_column][\/vc_row]<\/p>\n","protected":false},"excerpt":{"rendered":"<p>[vc_row][vc_column width=\u00a0\u00bb2\/3&Prime;][vc_column_text] Contactez-nous [\/vc_column_text][vc_column_text]et nous r\u00e9pondrons \u00e0 vos questions.[\/vc_column_text][vc_empty_space height=\u00a0\u00bb35px\u00a0\u00bb][vc_empty_space height=\u00a0\u00bb40px\u00a0\u00bb][\/vc_column][vc_column width=\u00a0\u00bb1\/3&Prime;][vc_column_text] D\u00e9tails du contact [\/vc_column_text][vc_column_text]Vous pouvez nous contacter via le formulaire Web ou de l&rsquo;une des mani\u00e8res suivantes:[\/vc_column_text][vc_empty_space height=\u00a0\u00bb22px\u00a0\u00bb][\/vc_column][\/vc_row]<\/p>\n","protected":false},"author":2,"featured_media":0,"parent":0,"menu_order":0,"comment_status":"closed","ping_status":"closed","template":"","meta":{"footnotes":""},"class_list":["post-390","page","type-page","status-publish","hentry"],"yoast_head":"<!-- This site is optimized with the Yoast SEO plugin v26.8 - https:\/\/yoast.com\/product\/yoast-seo-wordpress\/ -->\n<title>Contact - Crol Centre Calella - Costa de Barcelona<\/title>\n<meta name=\"description\" content=\"Contact - Contactez-nous et d\u00e9couvrez la piscine olympique du Crol Center Calella, sur la c\u00f4te de Barcelone, \u00e0 quelques m\u00e8tres de la plage.\" \/>\n<meta name=\"robots\" content=\"noindex, nofollow\" \/>\n<meta property=\"og:locale\" content=\"fr_FR\" \/>\n<meta property=\"og:type\" content=\"article\" \/>\n<meta property=\"og:title\" content=\"Contact - Crol Centre Calella - Costa de Barcelona\" \/>\n<meta property=\"og:description\" content=\"Contact - Contactez-nous et d\u00e9couvrez la piscine olympique du Crol Center Calella, sur la c\u00f4te de Barcelone, \u00e0 quelques m\u00e8tres de la plage.\" \/>\n<meta property=\"og:url\" content=\"https:\/\/crolcentrecalella.com\/fr\/contact\/\" \/>\n<meta property=\"og:site_name\" content=\"Crol Centre Calella\" \/>\n<meta property=\"article:modified_time\" content=\"2021-02-26T10:26:46+00:00\" \/>\n<meta name=\"twitter:card\" content=\"summary_large_image\" \/>\n<meta name=\"twitter:label1\" content=\"Dur\u00e9e de lecture estim\u00e9e\" \/>\n\t<meta name=\"twitter:data1\" content=\"1 minute\" \/>\n<script type=\"application\/ld+json\" class=\"yoast-schema-graph\">{\"@context\":\"https:\/\/schema.org\",\"@graph\":[{\"@type\":\"WebPage\",\"@id\":\"https:\/\/crolcentrecalella.com\/fr\/contact\/\",\"url\":\"https:\/\/crolcentrecalella.com\/fr\/contact\/\",\"name\":\"Contact - Crol Centre Calella - Costa de Barcelona\",\"isPartOf\":{\"@id\":\"https:\/\/crolcentrecalella.com\/#website\"},\"datePublished\":\"2021-02-09T14:27:12+00:00\",\"dateModified\":\"2021-02-26T10:26:46+00:00\",\"description\":\"Contact - Contactez-nous et d\u00e9couvrez la piscine olympique du Crol Center Calella, sur la c\u00f4te de Barcelone, \u00e0 quelques m\u00e8tres de la plage.\",\"breadcrumb\":{\"@id\":\"https:\/\/crolcentrecalella.com\/fr\/contact\/#breadcrumb\"},\"inLanguage\":\"fr-FR\",\"potentialAction\":[{\"@type\":\"ReadAction\",\"target\":[\"https:\/\/crolcentrecalella.com\/fr\/contact\/\"]}]},{\"@type\":\"BreadcrumbList\",\"@id\":\"https:\/\/crolcentrecalella.com\/fr\/contact\/#breadcrumb\",\"itemListElement\":[{\"@type\":\"ListItem\",\"position\":1,\"name\":\"Inici\",\"item\":\"https:\/\/crolcentrecalella.com\/fr\/\"},{\"@type\":\"ListItem\",\"position\":2,\"name\":\"Contact\"}]},{\"@type\":\"WebSite\",\"@id\":\"https:\/\/crolcentrecalella.com\/#website\",\"url\":\"https:\/\/crolcentrecalella.com\/\",\"name\":\"Crol Centre Calella\",\"description\":\"Piscina ol\u00edmpica en la Costa de Barcelona\",\"potentialAction\":[{\"@type\":\"SearchAction\",\"target\":{\"@type\":\"EntryPoint\",\"urlTemplate\":\"https:\/\/crolcentrecalella.com\/?s={search_term_string}\"},\"query-input\":{\"@type\":\"PropertyValueSpecification\",\"valueRequired\":true,\"valueName\":\"search_term_string\"}}],\"inLanguage\":\"fr-FR\"}]}<\/script>\n<!-- \/ Yoast SEO plugin. -->","yoast_head_json":{"title":"Contact - Crol Centre Calella - Costa de Barcelona","description":"Contact - Contactez-nous et d\u00e9couvrez la piscine olympique du Crol Center Calella, sur la c\u00f4te de Barcelone, \u00e0 quelques m\u00e8tres de la plage.","robots":{"index":"noindex","follow":"nofollow"},"og_locale":"fr_FR","og_type":"article","og_title":"Contact - Crol Centre Calella - Costa de Barcelona","og_description":"Contact - Contactez-nous et d\u00e9couvrez la piscine olympique du Crol Center Calella, sur la c\u00f4te de Barcelone, \u00e0 quelques m\u00e8tres de la plage.","og_url":"https:\/\/crolcentrecalella.com\/fr\/contact\/","og_site_name":"Crol Centre Calella","article_modified_time":"2021-02-26T10:26:46+00:00","twitter_card":"summary_large_image","twitter_misc":{"Dur\u00e9e de lecture estim\u00e9e":"1 minute"},"schema":{"@context":"https:\/\/schema.org","@graph":[{"@type":"WebPage","@id":"https:\/\/crolcentrecalella.com\/fr\/contact\/","url":"https:\/\/crolcentrecalella.com\/fr\/contact\/","name":"Contact - Crol Centre Calella - Costa de Barcelona","isPartOf":{"@id":"https:\/\/crolcentrecalella.com\/#website"},"datePublished":"2021-02-09T14:27:12+00:00","dateModified":"2021-02-26T10:26:46+00:00","description":"Contact - Contactez-nous et d\u00e9couvrez la piscine olympique du Crol Center Calella, sur la c\u00f4te de Barcelone, \u00e0 quelques m\u00e8tres de la plage.","breadcrumb":{"@id":"https:\/\/crolcentrecalella.com\/fr\/contact\/#breadcrumb"},"inLanguage":"fr-FR","potentialAction":[{"@type":"ReadAction","target":["https:\/\/crolcentrecalella.com\/fr\/contact\/"]}]},{"@type":"BreadcrumbList","@id":"https:\/\/crolcentrecalella.com\/fr\/contact\/#breadcrumb","itemListElement":[{"@type":"ListItem","position":1,"name":"Inici","item":"https:\/\/crolcentrecalella.com\/fr\/"},{"@type":"ListItem","position":2,"name":"Contact"}]},{"@type":"WebSite","@id":"https:\/\/crolcentrecalella.com\/#website","url":"https:\/\/crolcentrecalella.com\/","name":"Crol Centre Calella","description":"Piscina ol\u00edmpica en la Costa de Barcelona","potentialAction":[{"@type":"SearchAction","target":{"@type":"EntryPoint","urlTemplate":"https:\/\/crolcentrecalella.com\/?s={search_term_string}"},"query-input":{"@type":"PropertyValueSpecification","valueRequired":true,"valueName":"search_term_string"}}],"inLanguage":"fr-FR"}]}},"_links":{"self":[{"href":"https:\/\/crolcentrecalella.com\/fr\/wp-json\/wp\/v2\/pages\/390","targetHints":{"allow":["GET"]}}],"collection":[{"href":"https:\/\/crolcentrecalella.com\/fr\/wp-json\/wp\/v2\/pages"}],"about":[{"href":"https:\/\/crolcentrecalella.com\/fr\/wp-json\/wp\/v2\/types\/page"}],"author":[{"embeddable":true,"href":"https:\/\/crolcentrecalella.com\/fr\/wp-json\/wp\/v2\/users\/2"}],"replies":[{"embeddable":true,"href":"https:\/\/crolcentrecalella.com\/fr\/wp-json\/wp\/v2\/comments?post=390"}],"version-history":[{"count":0,"href":"https:\/\/crolcentrecalella.com\/fr\/wp-json\/wp\/v2\/pages\/390\/revisions"}],"wp:attachment":[{"href":"https:\/\/crolcentrecalella.com\/fr\/wp-json\/wp\/v2\/media?parent=390"}],"curies":[{"name":"wp","href":"https:\/\/api.w.org\/{rel}","templated":true}]}}