
{"id":428,"date":"2021-02-09T13:20:46","date_gmt":"2021-02-09T11:20:46","guid":{"rendered":"https:\/\/crolcentrecalella.com\/hotel-bernat-ii\/"},"modified":"2023-08-08T10:46:46","modified_gmt":"2023-08-08T08:46:46","slug":"hotel-bernat-ii-calella-espagne","status":"publish","type":"page","link":"https:\/\/crolcentrecalella.com\/fr\/hotel-bernat-ii-calella-espagne\/","title":{"rendered":"Hotel Bernat II"},"content":{"rendered":"<p>[vc_row content_width=\u00a0\u00bbgrid\u00a0\u00bb css=\u00a0\u00bb.vc_custom_1612871092410{padding-top: 100px !important;}\u00a0\u00bb][vc_column width=\u00a0\u00bb1\/2&Prime;]<div class=\"mkdf-section-title-holder\">\r\n\t<h2 class=\"mkdf-section-title\" >\r\n\tL&#039;H\u00f4tel<\/h2>\r\n<\/div>[vc_column_text]<\/p>\n<h2>H\u00f4tel avec piscine \u00e0 Calella<\/h2>\n<p>Situ\u00e9 \u00e0 Calella, L\u2019<a href=\"https:\/\/www.hotelbernatcalella.com\/fr\/\">H\u00f4tel Bernat II<\/a> avec piscine est un h\u00f4tel 4 \u00e9toiles sup\u00e9rieur situ\u00e9 \u00e0 100 m\u00e8tres de la plage et \u00e0 5 minutes du centre commercial.<\/p>\n<p>Toutes les chambres sont \u00e9quip\u00e9es de salle de bain avec s\u00e8che-cheveux, terrasse, climatisation, chauffage, TV par satellite, t\u00e9l\u00e9phone, minibar et coffre-fort en location.<\/p>\n<p>L\u2019h\u00f4tel propose un service de restauration avec un grand choix de produits issus de la cuisine m\u00e9diterran\u00e9enne disponibles au buffet avec show-cooking au petit-d\u00e9jeuner, d\u00e9jeuner et d\u00eener. Service personnalis\u00e9 avec ma\u00eetre d\u2019h\u00f4tel, l\u2019\u00e9quipe de cuisine et de salle. Vous trouverez un grand choix de viandes, poissons, salades, p\u00e2tes et pizzas cuites au feu de bois.<\/p>\n<p>Ce restaurant propose \u00e9galement des menus sp\u00e9ciaux pour les personnes souffrant d\u2019intol\u00e9rances ou d\u2019allergies alimentaires. Veuillez en faire part au personnel de salle pour que le chef vous pr\u00e9pare ce que vous pr\u00e9f\u00e9rez.[\/vc_column_text][\/vc_column][vc_column width=\u00a0\u00bb1\/2&Prime;]<div class=\"mkdf-animations-holder mkdf-element-from-right\" data-animation=\"mkdf-element-from-right\">\r\n\t<div style=\"animation-duration: 700ms;-webkit-animation-duration: 700ms;-moz-animation-duration: 700ms\">\r\n\t\t[vc_single_image image=\u00a0\u00bb3364&Prime; img_size=\u00a0\u00bblarge\u00a0\u00bb]\t<\/div>\r\n\r\n<\/div>[\/vc_column][\/vc_row][vc_row content_width=\u00a0\u00bbgrid\u00a0\u00bb content_aligment=\u00a0\u00bbcenter\u00a0\u00bb css=\u00a0\u00bb.vc_custom_1612870260232{padding-top: 100px !important;padding-bottom: 100px !important;}\u00a0\u00bb][vc_column width=\u00a0\u00bb1\/2&Prime;]<div class=\"mkdf-animations-holder mkdf-element-from-left\" data-animation=\"mkdf-element-from-left\">\r\n\t<div style=\"animation-duration: 700ms;-webkit-animation-duration: 700ms;-moz-animation-duration: 700ms\">\r\n\t\t<div class=\"mkdf-image-gallery\">\r\n\t<div class=\"mkdf-image-gallery-slider\" data-autoplay=\"3\" data-animation=\"slide\" data-navigation=\"no\" data-pagination=\"no\">\r\n\t\t\t\t\t\t<a href=\"https:\/\/crolcentrecalella.com\/wp-content\/uploads\/2022\/10\/hotelbernatcalella2.webp\" data-rel=\"prettyPhoto[single_pretty_photo]\" title=\"hotelbernatcalella2\">\r\n\t\t\t\t\t\t\t\t\t\t<img loading=\"lazy\" decoding=\"async\" width=\"719\" height=\"464\" src=\"https:\/\/crolcentrecalella.com\/wp-content\/uploads\/2022\/10\/hotelbernatcalella2.webp\" class=\"attachment-large size-large\" alt=\"Hotel Bernat Calella 3\" srcset=\"https:\/\/crolcentrecalella.com\/wp-content\/uploads\/2022\/10\/hotelbernatcalella2.webp 719w, https:\/\/crolcentrecalella.com\/wp-content\/uploads\/2022\/10\/hotelbernatcalella2-300x194.webp 300w\" sizes=\"auto, (max-width: 719px) 100vw, 719px\" \/>\t\t\t\t\t\t\t\t\t\t<\/a>\r\n\t\t\t\t\t\t\t<a href=\"https:\/\/crolcentrecalella.com\/wp-content\/uploads\/2022\/10\/BERNAT6-e1613059667596.webp\" data-rel=\"prettyPhoto[single_pretty_photo]\" title=\"BERNAT6-e1613059667596\">\r\n\t\t\t\t\t\t\t\t\t\t<img loading=\"lazy\" decoding=\"async\" width=\"719\" height=\"480\" src=\"https:\/\/crolcentrecalella.com\/wp-content\/uploads\/2022\/10\/BERNAT6-e1613059667596.webp\" class=\"attachment-large size-large\" alt=\"Hotel Bernat Calella 3\" srcset=\"https:\/\/crolcentrecalella.com\/wp-content\/uploads\/2022\/10\/BERNAT6-e1613059667596.webp 719w, https:\/\/crolcentrecalella.com\/wp-content\/uploads\/2022\/10\/BERNAT6-e1613059667596-300x200.webp 300w\" sizes=\"auto, (max-width: 719px) 100vw, 719px\" \/>\t\t\t\t\t\t\t\t\t\t<\/a>\r\n\t\t\t\t\t\t\t<a href=\"https:\/\/crolcentrecalella.com\/wp-content\/uploads\/2022\/10\/bernat.webp\" data-rel=\"prettyPhoto[single_pretty_photo]\" title=\"bernat\">\r\n\t\t\t\t\t\t\t\t\t\t<img loading=\"lazy\" decoding=\"async\" width=\"780\" height=\"518\" src=\"https:\/\/crolcentrecalella.com\/wp-content\/uploads\/2022\/10\/bernat.webp\" class=\"attachment-large size-large\" alt=\"Crol Centre Calella - Piscina ol\u00edmpica - Hotel Bernat II - Calella Costa de Barcelona\" srcset=\"https:\/\/crolcentrecalella.com\/wp-content\/uploads\/2022\/10\/bernat.webp 780w, https:\/\/crolcentrecalella.com\/wp-content\/uploads\/2022\/10\/bernat-300x199.webp 300w, https:\/\/crolcentrecalella.com\/wp-content\/uploads\/2022\/10\/bernat-768x510.webp 768w\" sizes=\"auto, (max-width: 780px) 100vw, 780px\" \/>\t\t\t\t\t\t\t\t\t\t<\/a>\r\n\t\t\t\t\t\t\t<a href=\"https:\/\/crolcentrecalella.com\/wp-content\/uploads\/2022\/10\/hotelbernatcalella3.webp\" data-rel=\"prettyPhoto[single_pretty_photo]\" title=\"hotelbernatcalella3\">\r\n\t\t\t\t\t\t\t\t\t\t<img loading=\"lazy\" decoding=\"async\" width=\"720\" height=\"479\" src=\"https:\/\/crolcentrecalella.com\/wp-content\/uploads\/2022\/10\/hotelbernatcalella3.webp\" class=\"attachment-large size-large\" alt=\"Hotel Bernat Calella 3\" srcset=\"https:\/\/crolcentrecalella.com\/wp-content\/uploads\/2022\/10\/hotelbernatcalella3.webp 720w, https:\/\/crolcentrecalella.com\/wp-content\/uploads\/2022\/10\/hotelbernatcalella3-300x200.webp 300w\" sizes=\"auto, (max-width: 720px) 100vw, 720px\" \/>\t\t\t\t\t\t\t\t\t\t<\/a>\r\n\t\t\t\t<\/div>\r\n<\/div>\t<\/div>\r\n\r\n<\/div>[\/vc_column][vc_column width=\u00a0\u00bb1\/2&Prime;][vc_column_text]<\/p>\n<h2>Installations<\/h2>\n<p style=\"text-align: left;\">Vous trouverez \u00e9galement au sein des installations : piscine ext\u00e9rieure pour adultes et enfants, piano-bar, salon de TV avec antenne parabolique, climatisation, chauffage et zone de bien-\u00eatre avec spa, piscine d\u2019hydromassage, sauna finlandais, hammam, douche bithermique s\u00e9quentielle, douche n\u00e9bulis\u00e9e bithermique et cabines de soins. Parking payant \u00e0 200 m\u00e8tres. Wi-Fi gratuit dans tout l\u2019h\u00f4tel et espace ordinateurs.<\/p>\n<p style=\"text-align: left;\">Salles de r\u00e9union d\u2019une capacit\u00e9 d\u2019accueil de 10 \u00e0 150 participants, \u00e9quip\u00e9es de projecteur, \u00e9cran, tableau et ordinateur portable sur demande.<\/p>\n<p style=\"text-align: left;\">En juillet et ao\u00fbt, salle de jeux avec machines r\u00e9cr\u00e9atives, table de ping-pong et billard. Organisation de mini-olympiades, courses, jeux et sports sur la plage et excursions en montagne. Diff\u00e9rentes activit\u00e9s sportives sont pr\u00e9vues sur la plage pour les adultes (beach-volley, football de plage) et au sein de l\u2019h\u00f4tel (fl\u00e9chettes, ping-pong, tir au pistolet). Tous les soirs, divertissements, spectacles et jeux.<\/p>\n<p style=\"text-align: left;\">D\u00e9couvrez \u00e9galement le bar de plage BAHARI CLUB avec attentions sp\u00e9ciales pour nos clients, traitement pr\u00e9f\u00e9rentiel, importantes r\u00e9ductions sur les consommations, la location de transats et les \u00e9v\u00e9nements particuliers selon les dates indiqu\u00e9es.<\/p>\n<p>[\/vc_column_text][\/vc_column][\/vc_row]<\/p>\n","protected":false},"excerpt":{"rendered":"<p>[vc_row content_width=\u00a0\u00bbgrid\u00a0\u00bb css=\u00a0\u00bb.vc_custom_1612871092410{padding-top: 100px !important;}\u00a0\u00bb][vc_column width=\u00a0\u00bb1\/2&Prime;][vc_column_text] H\u00f4tel avec piscine \u00e0 Calella Situ\u00e9 \u00e0 Calella, L\u2019H\u00f4tel Bernat II avec piscine est un h\u00f4tel 4 \u00e9toiles sup\u00e9rieur situ\u00e9 \u00e0 100 m\u00e8tres de la plage et \u00e0 5 minutes du centre commercial. Toutes les chambres sont \u00e9quip\u00e9es de&#8230;<\/p>\n","protected":false},"author":2,"featured_media":3364,"parent":0,"menu_order":0,"comment_status":"closed","ping_status":"closed","template":"","meta":{"footnotes":""},"class_list":["post-428","page","type-page","status-publish","has-post-thumbnail","hentry"],"yoast_head":"<!-- This site is optimized with the Yoast SEO plugin v26.8 - https:\/\/yoast.com\/product\/yoast-seo-wordpress\/ -->\n<title>Hotel Bernat II avec piscine \u00e0 Calella<\/title>\n<meta name=\"description\" content=\"Les meilleures \u00e9tapes de la baignade \u00e0 l&#039;h\u00f4tel Bernat II. Piscine olympique et plage \u00e0 50 m\u00e8tres \u00e0 Calella Espagne.\" \/>\n<meta name=\"robots\" content=\"index, follow, max-snippet:-1, max-image-preview:large, max-video-preview:-1\" \/>\n<link rel=\"canonical\" href=\"https:\/\/crolcentrecalella.com\/fr\/hotel-bernat-ii-calella-espagne\/\" \/>\n<meta property=\"og:locale\" content=\"fr_FR\" \/>\n<meta property=\"og:type\" content=\"article\" \/>\n<meta property=\"og:title\" content=\"Hotel Bernat II avec piscine \u00e0 Calella\" \/>\n<meta property=\"og:description\" content=\"Les meilleures \u00e9tapes de la baignade \u00e0 l&#039;h\u00f4tel Bernat II. Piscine olympique et plage \u00e0 50 m\u00e8tres \u00e0 Calella Espagne.\" \/>\n<meta property=\"og:url\" content=\"https:\/\/crolcentrecalella.com\/fr\/hotel-bernat-ii-calella-espagne\/\" \/>\n<meta property=\"og:site_name\" content=\"Crol Centre Calella\" \/>\n<meta property=\"article:modified_time\" content=\"2023-08-08T08:46:46+00:00\" \/>\n<meta property=\"og:image\" content=\"https:\/\/crolcentrecalella.com\/wp-content\/uploads\/2022\/10\/bernat.webp\" \/>\n\t<meta property=\"og:image:width\" content=\"780\" \/>\n\t<meta property=\"og:image:height\" content=\"518\" \/>\n\t<meta property=\"og:image:type\" content=\"image\/webp\" \/>\n<meta name=\"twitter:card\" content=\"summary_large_image\" \/>\n<meta name=\"twitter:label1\" content=\"Dur\u00e9e de lecture estim\u00e9e\" \/>\n\t<meta name=\"twitter:data1\" content=\"2 minutes\" \/>\n<script type=\"application\/ld+json\" class=\"yoast-schema-graph\">{\"@context\":\"https:\/\/schema.org\",\"@graph\":[{\"@type\":\"WebPage\",\"@id\":\"https:\/\/crolcentrecalella.com\/fr\/hotel-bernat-ii-calella-espagne\/\",\"url\":\"https:\/\/crolcentrecalella.com\/fr\/hotel-bernat-ii-calella-espagne\/\",\"name\":\"Hotel Bernat II avec piscine \u00e0 Calella\",\"isPartOf\":{\"@id\":\"https:\/\/crolcentrecalella.com\/#website\"},\"primaryImageOfPage\":{\"@id\":\"https:\/\/crolcentrecalella.com\/fr\/hotel-bernat-ii-calella-espagne\/#primaryimage\"},\"image\":{\"@id\":\"https:\/\/crolcentrecalella.com\/fr\/hotel-bernat-ii-calella-espagne\/#primaryimage\"},\"thumbnailUrl\":\"https:\/\/crolcentrecalella.com\/wp-content\/uploads\/2022\/10\/bernat.webp\",\"datePublished\":\"2021-02-09T11:20:46+00:00\",\"dateModified\":\"2023-08-08T08:46:46+00:00\",\"description\":\"Les meilleures \u00e9tapes de la baignade \u00e0 l'h\u00f4tel Bernat II. Piscine olympique et plage \u00e0 50 m\u00e8tres \u00e0 Calella Espagne.\",\"breadcrumb\":{\"@id\":\"https:\/\/crolcentrecalella.com\/fr\/hotel-bernat-ii-calella-espagne\/#breadcrumb\"},\"inLanguage\":\"fr-FR\",\"potentialAction\":[{\"@type\":\"ReadAction\",\"target\":[\"https:\/\/crolcentrecalella.com\/fr\/hotel-bernat-ii-calella-espagne\/\"]}]},{\"@type\":\"ImageObject\",\"inLanguage\":\"fr-FR\",\"@id\":\"https:\/\/crolcentrecalella.com\/fr\/hotel-bernat-ii-calella-espagne\/#primaryimage\",\"url\":\"https:\/\/crolcentrecalella.com\/wp-content\/uploads\/2022\/10\/bernat.webp\",\"contentUrl\":\"https:\/\/crolcentrecalella.com\/wp-content\/uploads\/2022\/10\/bernat.webp\",\"width\":780,\"height\":518,\"caption\":\"Crol Centre Calella - Piscina ol\u00edmpica - Hotel Bernat II - Calella Costa de Barcelona\"},{\"@type\":\"BreadcrumbList\",\"@id\":\"https:\/\/crolcentrecalella.com\/fr\/hotel-bernat-ii-calella-espagne\/#breadcrumb\",\"itemListElement\":[{\"@type\":\"ListItem\",\"position\":1,\"name\":\"Inici\",\"item\":\"https:\/\/crolcentrecalella.com\/fr\/\"},{\"@type\":\"ListItem\",\"position\":2,\"name\":\"Hotel Bernat II\"}]},{\"@type\":\"WebSite\",\"@id\":\"https:\/\/crolcentrecalella.com\/#website\",\"url\":\"https:\/\/crolcentrecalella.com\/\",\"name\":\"Crol Centre Calella\",\"description\":\"Piscina ol\u00edmpica en la Costa de Barcelona\",\"potentialAction\":[{\"@type\":\"SearchAction\",\"target\":{\"@type\":\"EntryPoint\",\"urlTemplate\":\"https:\/\/crolcentrecalella.com\/?s={search_term_string}\"},\"query-input\":{\"@type\":\"PropertyValueSpecification\",\"valueRequired\":true,\"valueName\":\"search_term_string\"}}],\"inLanguage\":\"fr-FR\"}]}<\/script>\n<!-- \/ Yoast SEO plugin. -->","yoast_head_json":{"title":"Hotel Bernat II avec piscine \u00e0 Calella","description":"Les meilleures \u00e9tapes de la baignade \u00e0 l'h\u00f4tel Bernat II. Piscine olympique et plage \u00e0 50 m\u00e8tres \u00e0 Calella Espagne.","robots":{"index":"index","follow":"follow","max-snippet":"max-snippet:-1","max-image-preview":"max-image-preview:large","max-video-preview":"max-video-preview:-1"},"canonical":"https:\/\/crolcentrecalella.com\/fr\/hotel-bernat-ii-calella-espagne\/","og_locale":"fr_FR","og_type":"article","og_title":"Hotel Bernat II avec piscine \u00e0 Calella","og_description":"Les meilleures \u00e9tapes de la baignade \u00e0 l'h\u00f4tel Bernat II. Piscine olympique et plage \u00e0 50 m\u00e8tres \u00e0 Calella Espagne.","og_url":"https:\/\/crolcentrecalella.com\/fr\/hotel-bernat-ii-calella-espagne\/","og_site_name":"Crol Centre Calella","article_modified_time":"2023-08-08T08:46:46+00:00","og_image":[{"width":780,"height":518,"url":"https:\/\/crolcentrecalella.com\/wp-content\/uploads\/2022\/10\/bernat.webp","type":"image\/webp"}],"twitter_card":"summary_large_image","twitter_misc":{"Dur\u00e9e de lecture estim\u00e9e":"2 minutes"},"schema":{"@context":"https:\/\/schema.org","@graph":[{"@type":"WebPage","@id":"https:\/\/crolcentrecalella.com\/fr\/hotel-bernat-ii-calella-espagne\/","url":"https:\/\/crolcentrecalella.com\/fr\/hotel-bernat-ii-calella-espagne\/","name":"Hotel Bernat II avec piscine \u00e0 Calella","isPartOf":{"@id":"https:\/\/crolcentrecalella.com\/#website"},"primaryImageOfPage":{"@id":"https:\/\/crolcentrecalella.com\/fr\/hotel-bernat-ii-calella-espagne\/#primaryimage"},"image":{"@id":"https:\/\/crolcentrecalella.com\/fr\/hotel-bernat-ii-calella-espagne\/#primaryimage"},"thumbnailUrl":"https:\/\/crolcentrecalella.com\/wp-content\/uploads\/2022\/10\/bernat.webp","datePublished":"2021-02-09T11:20:46+00:00","dateModified":"2023-08-08T08:46:46+00:00","description":"Les meilleures \u00e9tapes de la baignade \u00e0 l'h\u00f4tel Bernat II. Piscine olympique et plage \u00e0 50 m\u00e8tres \u00e0 Calella Espagne.","breadcrumb":{"@id":"https:\/\/crolcentrecalella.com\/fr\/hotel-bernat-ii-calella-espagne\/#breadcrumb"},"inLanguage":"fr-FR","potentialAction":[{"@type":"ReadAction","target":["https:\/\/crolcentrecalella.com\/fr\/hotel-bernat-ii-calella-espagne\/"]}]},{"@type":"ImageObject","inLanguage":"fr-FR","@id":"https:\/\/crolcentrecalella.com\/fr\/hotel-bernat-ii-calella-espagne\/#primaryimage","url":"https:\/\/crolcentrecalella.com\/wp-content\/uploads\/2022\/10\/bernat.webp","contentUrl":"https:\/\/crolcentrecalella.com\/wp-content\/uploads\/2022\/10\/bernat.webp","width":780,"height":518,"caption":"Crol Centre Calella - Piscina ol\u00edmpica - Hotel Bernat II - Calella Costa de Barcelona"},{"@type":"BreadcrumbList","@id":"https:\/\/crolcentrecalella.com\/fr\/hotel-bernat-ii-calella-espagne\/#breadcrumb","itemListElement":[{"@type":"ListItem","position":1,"name":"Inici","item":"https:\/\/crolcentrecalella.com\/fr\/"},{"@type":"ListItem","position":2,"name":"Hotel Bernat II"}]},{"@type":"WebSite","@id":"https:\/\/crolcentrecalella.com\/#website","url":"https:\/\/crolcentrecalella.com\/","name":"Crol Centre Calella","description":"Piscina ol\u00edmpica en la Costa de Barcelona","potentialAction":[{"@type":"SearchAction","target":{"@type":"EntryPoint","urlTemplate":"https:\/\/crolcentrecalella.com\/?s={search_term_string}"},"query-input":{"@type":"PropertyValueSpecification","valueRequired":true,"valueName":"search_term_string"}}],"inLanguage":"fr-FR"}]}},"_links":{"self":[{"href":"https:\/\/crolcentrecalella.com\/fr\/wp-json\/wp\/v2\/pages\/428","targetHints":{"allow":["GET"]}}],"collection":[{"href":"https:\/\/crolcentrecalella.com\/fr\/wp-json\/wp\/v2\/pages"}],"about":[{"href":"https:\/\/crolcentrecalella.com\/fr\/wp-json\/wp\/v2\/types\/page"}],"author":[{"embeddable":true,"href":"https:\/\/crolcentrecalella.com\/fr\/wp-json\/wp\/v2\/users\/2"}],"replies":[{"embeddable":true,"href":"https:\/\/crolcentrecalella.com\/fr\/wp-json\/wp\/v2\/comments?post=428"}],"version-history":[{"count":2,"href":"https:\/\/crolcentrecalella.com\/fr\/wp-json\/wp\/v2\/pages\/428\/revisions"}],"predecessor-version":[{"id":6201,"href":"https:\/\/crolcentrecalella.com\/fr\/wp-json\/wp\/v2\/pages\/428\/revisions\/6201"}],"wp:featuredmedia":[{"embeddable":true,"href":"https:\/\/crolcentrecalella.com\/fr\/wp-json\/wp\/v2\/media\/3364"}],"wp:attachment":[{"href":"https:\/\/crolcentrecalella.com\/fr\/wp-json\/wp\/v2\/media?parent=428"}],"curies":[{"name":"wp","href":"https:\/\/api.w.org\/{rel}","templated":true}]}}