
{"id":492,"date":"2021-02-09T14:00:41","date_gmt":"2021-02-09T12:00:41","guid":{"rendered":"https:\/\/crolcentrecalella.com\/hotel-sant-jordi\/"},"modified":"2023-08-08T11:28:09","modified_gmt":"2023-08-08T09:28:09","slug":"hotel-sant-jordi-calella-espagne","status":"publish","type":"page","link":"https:\/\/crolcentrecalella.com\/fr\/hotel-sant-jordi-calella-espagne\/","title":{"rendered":"Hotel Sant Jordi"},"content":{"rendered":"<p>[vc_row content_width=\u00a0\u00bbgrid\u00a0\u00bb css=\u00a0\u00bb.vc_custom_1612871092410{padding-top: 100px !important;}\u00a0\u00bb][vc_column width=\u00a0\u00bb1\/2&Prime;]<div class=\"mkdf-section-title-holder\">\r\n\t<h2 class=\"mkdf-section-title\" >\r\n\tL&#039;H\u00f4tel<\/h2>\r\n<\/div>[vc_column_text]<\/p>\n<h2>H\u00f4tel avec piscine \u00e0 Calella<\/h2>\n<p>L<a href=\"https:\/\/www.hotelsantjordi.com\/fr\/\">\u2019h\u00f4tel Sant Jordi Boutique Hotel<\/a> avec piscine a \u00e9t\u00e9 totalement r\u00e9nov\u00e9 en 2017, un nouveau concept d\u2019h\u00f4tel jusqu\u2019alors inexistant \u00e0 Calella Espagne, province de Barcelone. Cet h\u00f4tel pr\u00e9tend d\u00e9finir une nouvelle conception du luxe et du bien-\u00eatre en permettant au client de vivre une exp\u00e9rience personnelle unique dans un cadre familial et accueillant.<\/p>\n<p>Chacune de nos 37 chambres a re\u00e7u un soin particulier alliant design et confort, o\u00f9 tout est pens\u00e9 jusque dans les moindres d\u00e9tails.[\/vc_column_text][\/vc_column][vc_column width=\u00a0\u00bb1\/2&Prime;]<div class=\"mkdf-animations-holder mkdf-element-from-right\" data-animation=\"mkdf-element-from-right\">\r\n\t<div style=\"animation-duration: 700ms;-webkit-animation-duration: 700ms;-moz-animation-duration: 700ms\">\r\n\t\t[vc_single_image image=\u00a0\u00bb3371&Prime; img_size=\u00a0\u00bblarge\u00a0\u00bb]\t<\/div>\r\n\r\n<\/div>[\/vc_column][\/vc_row][vc_row content_width=\u00a0\u00bbgrid\u00a0\u00bb content_aligment=\u00a0\u00bbcenter\u00a0\u00bb css=\u00a0\u00bb.vc_custom_1612870260232{padding-top: 100px !important;padding-bottom: 100px !important;}\u00a0\u00bb][vc_column width=\u00a0\u00bb1\/2&Prime;]<div class=\"mkdf-animations-holder mkdf-element-from-left\" data-animation=\"mkdf-element-from-left\">\r\n\t<div style=\"animation-duration: 700ms;-webkit-animation-duration: 700ms;-moz-animation-duration: 700ms\">\r\n\t\t<div class=\"mkdf-image-gallery\">\r\n\t<div class=\"mkdf-image-gallery-slider\" data-autoplay=\"3\" data-animation=\"slide\" data-navigation=\"no\" data-pagination=\"no\">\r\n\t\t\t\t\t\t<a href=\"https:\/\/crolcentrecalella.com\/wp-content\/uploads\/2022\/10\/hotelsantjordi1.webp\" data-rel=\"prettyPhoto[single_pretty_photo]\" title=\"hotelsantjordi1\">\r\n\t\t\t\t\t\t\t\t\t\t<img loading=\"lazy\" decoding=\"async\" width=\"720\" height=\"480\" src=\"https:\/\/crolcentrecalella.com\/wp-content\/uploads\/2022\/10\/hotelsantjordi1.webp\" class=\"attachment-large size-large\" alt=\"Hotel Sant Jordi\" srcset=\"https:\/\/crolcentrecalella.com\/wp-content\/uploads\/2022\/10\/hotelsantjordi1.webp 720w, https:\/\/crolcentrecalella.com\/wp-content\/uploads\/2022\/10\/hotelsantjordi1-300x200.webp 300w\" sizes=\"auto, (max-width: 720px) 100vw, 720px\" \/>\t\t\t\t\t\t\t\t\t\t<\/a>\r\n\t\t\t\t\t\t\t<a href=\"https:\/\/crolcentrecalella.com\/wp-content\/uploads\/2022\/10\/hotelsantjordi2.webp\" data-rel=\"prettyPhoto[single_pretty_photo]\" title=\"hotelsantjordi2\">\r\n\t\t\t\t\t\t\t\t\t\t<img loading=\"lazy\" decoding=\"async\" width=\"720\" height=\"480\" src=\"https:\/\/crolcentrecalella.com\/wp-content\/uploads\/2022\/10\/hotelsantjordi2.webp\" class=\"attachment-large size-large\" alt=\"Hotel Sant Jordi\" srcset=\"https:\/\/crolcentrecalella.com\/wp-content\/uploads\/2022\/10\/hotelsantjordi2.webp 720w, https:\/\/crolcentrecalella.com\/wp-content\/uploads\/2022\/10\/hotelsantjordi2-300x200.webp 300w\" sizes=\"auto, (max-width: 720px) 100vw, 720px\" \/>\t\t\t\t\t\t\t\t\t\t<\/a>\r\n\t\t\t\t\t\t\t<a href=\"https:\/\/crolcentrecalella.com\/wp-content\/uploads\/2022\/10\/hotelsantjordi3.webp\" data-rel=\"prettyPhoto[single_pretty_photo]\" title=\"hotelsantjordi3\">\r\n\t\t\t\t\t\t\t\t\t\t<img loading=\"lazy\" decoding=\"async\" width=\"720\" height=\"480\" src=\"https:\/\/crolcentrecalella.com\/wp-content\/uploads\/2022\/10\/hotelsantjordi3.webp\" class=\"attachment-large size-large\" alt=\"Hotel Sant Jordi\" srcset=\"https:\/\/crolcentrecalella.com\/wp-content\/uploads\/2022\/10\/hotelsantjordi3.webp 720w, https:\/\/crolcentrecalella.com\/wp-content\/uploads\/2022\/10\/hotelsantjordi3-300x200.webp 300w\" sizes=\"auto, (max-width: 720px) 100vw, 720px\" \/>\t\t\t\t\t\t\t\t\t\t<\/a>\r\n\t\t\t\t\t\t\t<a href=\"https:\/\/crolcentrecalella.com\/wp-content\/uploads\/2022\/10\/hotelsantjordi4.webp\" data-rel=\"prettyPhoto[single_pretty_photo]\" title=\"hotelsantjordi4\">\r\n\t\t\t\t\t\t\t\t\t\t<img loading=\"lazy\" decoding=\"async\" width=\"720\" height=\"480\" src=\"https:\/\/crolcentrecalella.com\/wp-content\/uploads\/2022\/10\/hotelsantjordi4.webp\" class=\"attachment-large size-large\" alt=\"Hotel Sant Jordi\" srcset=\"https:\/\/crolcentrecalella.com\/wp-content\/uploads\/2022\/10\/hotelsantjordi4.webp 720w, https:\/\/crolcentrecalella.com\/wp-content\/uploads\/2022\/10\/hotelsantjordi4-300x200.webp 300w\" sizes=\"auto, (max-width: 720px) 100vw, 720px\" \/>\t\t\t\t\t\t\t\t\t\t<\/a>\r\n\t\t\t\t\t\t\t<a href=\"https:\/\/crolcentrecalella.com\/wp-content\/uploads\/2022\/10\/hotelsantjordi5.webp\" data-rel=\"prettyPhoto[single_pretty_photo]\" title=\"hotelsantjordi5\">\r\n\t\t\t\t\t\t\t\t\t\t<img loading=\"lazy\" decoding=\"async\" width=\"720\" height=\"480\" src=\"https:\/\/crolcentrecalella.com\/wp-content\/uploads\/2022\/10\/hotelsantjordi5.webp\" class=\"attachment-large size-large\" alt=\"Hotel Sant Jordi\" srcset=\"https:\/\/crolcentrecalella.com\/wp-content\/uploads\/2022\/10\/hotelsantjordi5.webp 720w, https:\/\/crolcentrecalella.com\/wp-content\/uploads\/2022\/10\/hotelsantjordi5-300x200.webp 300w\" sizes=\"auto, (max-width: 720px) 100vw, 720px\" \/>\t\t\t\t\t\t\t\t\t\t<\/a>\r\n\t\t\t\t<\/div>\r\n<\/div>\t<\/div>\r\n\r\n<\/div>[\/vc_column][vc_column width=\u00a0\u00bb1\/2&Prime;][vc_column_text]<\/p>\n<h2 style=\"text-align: left;\">Wellness \u00e0 Calella Espagne &#8211; Spa de 1200 m\u00b2. Un circuit thermique que vous n&rsquo;oublierez pas.<\/h2>\n<p style=\"text-align: left;\">L\u2019h\u00f4tel est \u00e9quip\u00e9 d\u2019installations uniques en Europe en termes de sant\u00e9, bien-\u00eatre et sport.<\/p>\n<p style=\"text-align: left;\">Hammam, saunas, douches (Vichy, \u00e9cossaise, n\u00e9bulis\u00e9e, tropicale), baignoires d\u2019hydromassage, piscines de sensations et de nage, lits \u00e0 enveloppement, piscines de glace, massages, soins de beaut\u00e9 et sant\u00e9. Gymnase de 400 m2, centre m\u00e9dical, sp\u00e9cialit\u00e9s et m\u00e9decine du sport.<\/p>\n<p style=\"text-align: left;\">Sans aucun doute un \u00ab\u00a0petit\u00a0\u00bb h\u00f4tel qui ne passe pas inaper\u00e7u.<\/p>\n<p>[\/vc_column_text][\/vc_column][\/vc_row]<\/p>\n","protected":false},"excerpt":{"rendered":"<p>[vc_row content_width=\u00a0\u00bbgrid\u00a0\u00bb css=\u00a0\u00bb.vc_custom_1612871092410{padding-top: 100px !important;}\u00a0\u00bb][vc_column width=\u00a0\u00bb1\/2&Prime;][vc_column_text] H\u00f4tel avec piscine \u00e0 Calella L\u2019h\u00f4tel Sant Jordi Boutique Hotel avec piscine a \u00e9t\u00e9 totalement r\u00e9nov\u00e9 en 2017, un nouveau concept d\u2019h\u00f4tel jusqu\u2019alors inexistant \u00e0 Calella Espagne, province de Barcelone. Cet h\u00f4tel pr\u00e9tend d\u00e9finir une nouvelle conception du luxe&#8230;<\/p>\n","protected":false},"author":2,"featured_media":3371,"parent":0,"menu_order":0,"comment_status":"closed","ping_status":"closed","template":"","meta":{"footnotes":""},"class_list":["post-492","page","type-page","status-publish","has-post-thumbnail","hentry"],"yoast_head":"<!-- This site is optimized with the Yoast SEO plugin v26.8 - https:\/\/yoast.com\/product\/yoast-seo-wordpress\/ -->\n<title>D\u00e9couvrez le h\u00f4tel piscine et les installations de l&#039;H\u00f4tel Sant Jordi.<\/title>\n<meta name=\"description\" content=\"Les meilleures \u00e9tapes de la baignade \u00e0 l&#039;h\u00f4tel avec piscine Sant Jordi. Piscine olympique et plage \u00e0 50 m\u00e8tres \u00e0 Calella Espagne.\" \/>\n<meta name=\"robots\" content=\"index, follow, max-snippet:-1, max-image-preview:large, max-video-preview:-1\" \/>\n<link rel=\"canonical\" href=\"https:\/\/crolcentrecalella.com\/fr\/hotel-sant-jordi-calella-espagne\/\" \/>\n<meta property=\"og:locale\" content=\"fr_FR\" \/>\n<meta property=\"og:type\" content=\"article\" \/>\n<meta property=\"og:title\" content=\"D\u00e9couvrez le h\u00f4tel piscine et les installations de l&#039;H\u00f4tel Sant Jordi.\" \/>\n<meta property=\"og:description\" content=\"Les meilleures \u00e9tapes de la baignade \u00e0 l&#039;h\u00f4tel avec piscine Sant Jordi. Piscine olympique et plage \u00e0 50 m\u00e8tres \u00e0 Calella Espagne.\" \/>\n<meta property=\"og:url\" content=\"https:\/\/crolcentrecalella.com\/fr\/hotel-sant-jordi-calella-espagne\/\" \/>\n<meta property=\"og:site_name\" content=\"Crol Centre Calella\" \/>\n<meta property=\"article:modified_time\" content=\"2023-08-08T09:28:09+00:00\" \/>\n<meta property=\"og:image\" content=\"https:\/\/crolcentrecalella.com\/wp-content\/uploads\/2022\/10\/sant-jordi.webp\" \/>\n\t<meta property=\"og:image:width\" content=\"1280\" \/>\n\t<meta property=\"og:image:height\" content=\"853\" \/>\n\t<meta property=\"og:image:type\" content=\"image\/webp\" \/>\n<meta name=\"twitter:card\" content=\"summary_large_image\" \/>\n<meta name=\"twitter:label1\" content=\"Dur\u00e9e de lecture estim\u00e9e\" \/>\n\t<meta name=\"twitter:data1\" content=\"1 minute\" \/>\n<script type=\"application\/ld+json\" class=\"yoast-schema-graph\">{\"@context\":\"https:\/\/schema.org\",\"@graph\":[{\"@type\":\"WebPage\",\"@id\":\"https:\/\/crolcentrecalella.com\/fr\/hotel-sant-jordi-calella-espagne\/\",\"url\":\"https:\/\/crolcentrecalella.com\/fr\/hotel-sant-jordi-calella-espagne\/\",\"name\":\"D\u00e9couvrez le h\u00f4tel piscine et les installations de l'H\u00f4tel Sant Jordi.\",\"isPartOf\":{\"@id\":\"https:\/\/crolcentrecalella.com\/#website\"},\"primaryImageOfPage\":{\"@id\":\"https:\/\/crolcentrecalella.com\/fr\/hotel-sant-jordi-calella-espagne\/#primaryimage\"},\"image\":{\"@id\":\"https:\/\/crolcentrecalella.com\/fr\/hotel-sant-jordi-calella-espagne\/#primaryimage\"},\"thumbnailUrl\":\"https:\/\/crolcentrecalella.com\/wp-content\/uploads\/2022\/10\/sant-jordi.webp\",\"datePublished\":\"2021-02-09T12:00:41+00:00\",\"dateModified\":\"2023-08-08T09:28:09+00:00\",\"description\":\"Les meilleures \u00e9tapes de la baignade \u00e0 l'h\u00f4tel avec piscine Sant Jordi. Piscine olympique et plage \u00e0 50 m\u00e8tres \u00e0 Calella Espagne.\",\"breadcrumb\":{\"@id\":\"https:\/\/crolcentrecalella.com\/fr\/hotel-sant-jordi-calella-espagne\/#breadcrumb\"},\"inLanguage\":\"fr-FR\",\"potentialAction\":[{\"@type\":\"ReadAction\",\"target\":[\"https:\/\/crolcentrecalella.com\/fr\/hotel-sant-jordi-calella-espagne\/\"]}]},{\"@type\":\"ImageObject\",\"inLanguage\":\"fr-FR\",\"@id\":\"https:\/\/crolcentrecalella.com\/fr\/hotel-sant-jordi-calella-espagne\/#primaryimage\",\"url\":\"https:\/\/crolcentrecalella.com\/wp-content\/uploads\/2022\/10\/sant-jordi.webp\",\"contentUrl\":\"https:\/\/crolcentrecalella.com\/wp-content\/uploads\/2022\/10\/sant-jordi.webp\",\"width\":1280,\"height\":853,\"caption\":\"Crol Centre Calella - Piscina ol\u00edmpica - Hotel Sant Jordi - Calella Costa de Barcelona\"},{\"@type\":\"BreadcrumbList\",\"@id\":\"https:\/\/crolcentrecalella.com\/fr\/hotel-sant-jordi-calella-espagne\/#breadcrumb\",\"itemListElement\":[{\"@type\":\"ListItem\",\"position\":1,\"name\":\"Inici\",\"item\":\"https:\/\/crolcentrecalella.com\/fr\/\"},{\"@type\":\"ListItem\",\"position\":2,\"name\":\"Hotel Sant Jordi\"}]},{\"@type\":\"WebSite\",\"@id\":\"https:\/\/crolcentrecalella.com\/#website\",\"url\":\"https:\/\/crolcentrecalella.com\/\",\"name\":\"Crol Centre Calella\",\"description\":\"Piscina ol\u00edmpica en la Costa de Barcelona\",\"potentialAction\":[{\"@type\":\"SearchAction\",\"target\":{\"@type\":\"EntryPoint\",\"urlTemplate\":\"https:\/\/crolcentrecalella.com\/?s={search_term_string}\"},\"query-input\":{\"@type\":\"PropertyValueSpecification\",\"valueRequired\":true,\"valueName\":\"search_term_string\"}}],\"inLanguage\":\"fr-FR\"}]}<\/script>\n<!-- \/ Yoast SEO plugin. -->","yoast_head_json":{"title":"D\u00e9couvrez le h\u00f4tel piscine et les installations de l'H\u00f4tel Sant Jordi.","description":"Les meilleures \u00e9tapes de la baignade \u00e0 l'h\u00f4tel avec piscine Sant Jordi. Piscine olympique et plage \u00e0 50 m\u00e8tres \u00e0 Calella Espagne.","robots":{"index":"index","follow":"follow","max-snippet":"max-snippet:-1","max-image-preview":"max-image-preview:large","max-video-preview":"max-video-preview:-1"},"canonical":"https:\/\/crolcentrecalella.com\/fr\/hotel-sant-jordi-calella-espagne\/","og_locale":"fr_FR","og_type":"article","og_title":"D\u00e9couvrez le h\u00f4tel piscine et les installations de l'H\u00f4tel Sant Jordi.","og_description":"Les meilleures \u00e9tapes de la baignade \u00e0 l'h\u00f4tel avec piscine Sant Jordi. Piscine olympique et plage \u00e0 50 m\u00e8tres \u00e0 Calella Espagne.","og_url":"https:\/\/crolcentrecalella.com\/fr\/hotel-sant-jordi-calella-espagne\/","og_site_name":"Crol Centre Calella","article_modified_time":"2023-08-08T09:28:09+00:00","og_image":[{"width":1280,"height":853,"url":"https:\/\/crolcentrecalella.com\/wp-content\/uploads\/2022\/10\/sant-jordi.webp","type":"image\/webp"}],"twitter_card":"summary_large_image","twitter_misc":{"Dur\u00e9e de lecture estim\u00e9e":"1 minute"},"schema":{"@context":"https:\/\/schema.org","@graph":[{"@type":"WebPage","@id":"https:\/\/crolcentrecalella.com\/fr\/hotel-sant-jordi-calella-espagne\/","url":"https:\/\/crolcentrecalella.com\/fr\/hotel-sant-jordi-calella-espagne\/","name":"D\u00e9couvrez le h\u00f4tel piscine et les installations de l'H\u00f4tel Sant Jordi.","isPartOf":{"@id":"https:\/\/crolcentrecalella.com\/#website"},"primaryImageOfPage":{"@id":"https:\/\/crolcentrecalella.com\/fr\/hotel-sant-jordi-calella-espagne\/#primaryimage"},"image":{"@id":"https:\/\/crolcentrecalella.com\/fr\/hotel-sant-jordi-calella-espagne\/#primaryimage"},"thumbnailUrl":"https:\/\/crolcentrecalella.com\/wp-content\/uploads\/2022\/10\/sant-jordi.webp","datePublished":"2021-02-09T12:00:41+00:00","dateModified":"2023-08-08T09:28:09+00:00","description":"Les meilleures \u00e9tapes de la baignade \u00e0 l'h\u00f4tel avec piscine Sant Jordi. Piscine olympique et plage \u00e0 50 m\u00e8tres \u00e0 Calella Espagne.","breadcrumb":{"@id":"https:\/\/crolcentrecalella.com\/fr\/hotel-sant-jordi-calella-espagne\/#breadcrumb"},"inLanguage":"fr-FR","potentialAction":[{"@type":"ReadAction","target":["https:\/\/crolcentrecalella.com\/fr\/hotel-sant-jordi-calella-espagne\/"]}]},{"@type":"ImageObject","inLanguage":"fr-FR","@id":"https:\/\/crolcentrecalella.com\/fr\/hotel-sant-jordi-calella-espagne\/#primaryimage","url":"https:\/\/crolcentrecalella.com\/wp-content\/uploads\/2022\/10\/sant-jordi.webp","contentUrl":"https:\/\/crolcentrecalella.com\/wp-content\/uploads\/2022\/10\/sant-jordi.webp","width":1280,"height":853,"caption":"Crol Centre Calella - Piscina ol\u00edmpica - Hotel Sant Jordi - Calella Costa de Barcelona"},{"@type":"BreadcrumbList","@id":"https:\/\/crolcentrecalella.com\/fr\/hotel-sant-jordi-calella-espagne\/#breadcrumb","itemListElement":[{"@type":"ListItem","position":1,"name":"Inici","item":"https:\/\/crolcentrecalella.com\/fr\/"},{"@type":"ListItem","position":2,"name":"Hotel Sant Jordi"}]},{"@type":"WebSite","@id":"https:\/\/crolcentrecalella.com\/#website","url":"https:\/\/crolcentrecalella.com\/","name":"Crol Centre Calella","description":"Piscina ol\u00edmpica en la Costa de Barcelona","potentialAction":[{"@type":"SearchAction","target":{"@type":"EntryPoint","urlTemplate":"https:\/\/crolcentrecalella.com\/?s={search_term_string}"},"query-input":{"@type":"PropertyValueSpecification","valueRequired":true,"valueName":"search_term_string"}}],"inLanguage":"fr-FR"}]}},"_links":{"self":[{"href":"https:\/\/crolcentrecalella.com\/fr\/wp-json\/wp\/v2\/pages\/492","targetHints":{"allow":["GET"]}}],"collection":[{"href":"https:\/\/crolcentrecalella.com\/fr\/wp-json\/wp\/v2\/pages"}],"about":[{"href":"https:\/\/crolcentrecalella.com\/fr\/wp-json\/wp\/v2\/types\/page"}],"author":[{"embeddable":true,"href":"https:\/\/crolcentrecalella.com\/fr\/wp-json\/wp\/v2\/users\/2"}],"replies":[{"embeddable":true,"href":"https:\/\/crolcentrecalella.com\/fr\/wp-json\/wp\/v2\/comments?post=492"}],"version-history":[{"count":3,"href":"https:\/\/crolcentrecalella.com\/fr\/wp-json\/wp\/v2\/pages\/492\/revisions"}],"predecessor-version":[{"id":6202,"href":"https:\/\/crolcentrecalella.com\/fr\/wp-json\/wp\/v2\/pages\/492\/revisions\/6202"}],"wp:featuredmedia":[{"embeddable":true,"href":"https:\/\/crolcentrecalella.com\/fr\/wp-json\/wp\/v2\/media\/3371"}],"wp:attachment":[{"href":"https:\/\/crolcentrecalella.com\/fr\/wp-json\/wp\/v2\/media?parent=492"}],"curies":[{"name":"wp","href":"https:\/\/api.w.org\/{rel}","templated":true}]}}