
{"id":528,"date":"2021-02-09T17:14:36","date_gmt":"2021-02-09T15:14:36","guid":{"rendered":"https:\/\/crolcentrecalella.com\/contacto-para-clubs\/"},"modified":"2021-02-26T12:25:59","modified_gmt":"2021-02-26T10:25:59","slug":"devis-pour-clubs","status":"publish","type":"page","link":"https:\/\/crolcentrecalella.com\/fr\/devis-pour-clubs\/","title":{"rendered":"Devis pour clubs"},"content":{"rendered":"<p>[vc_row][vc_column]\n<div class=\"wpcf7 no-js\" id=\"wpcf7-f691-o1\" lang=\"ca\" dir=\"ltr\" data-wpcf7-id=\"691\">\n<div class=\"screen-reader-response\"><p role=\"status\" aria-live=\"polite\" aria-atomic=\"true\"><\/p> <ul><\/ul><\/div>\n<form action=\"\/fr\/wp-json\/wp\/v2\/pages\/528#wpcf7-f691-o1\" method=\"post\" class=\"wpcf7-form init cf7_custom_style_3\" aria-label=\"Formulari de contacte\" novalidate=\"novalidate\" data-status=\"init\">\n<fieldset class=\"hidden-fields-container\"><input type=\"hidden\" name=\"_wpcf7\" value=\"691\" \/><input type=\"hidden\" name=\"_wpcf7_version\" value=\"6.1.4\" \/><input type=\"hidden\" name=\"_wpcf7_locale\" value=\"ca\" \/><input type=\"hidden\" name=\"_wpcf7_unit_tag\" value=\"wpcf7-f691-o1\" \/><input type=\"hidden\" name=\"_wpcf7_container_post\" value=\"0\" \/><input type=\"hidden\" name=\"_wpcf7_posted_data_hash\" value=\"\" \/>\n<\/fieldset>\n<div class=\"wpcf7-turnstile cf-turnstile\" data-sitekey=\"0x4AAAAAAB3epEQEZr23N1O6\" data-response-field-name=\"_wpcf7_turnstile_response\"><\/div>\n\n<div class=\"mkdf-two-columns-50-50\">\n\t<div class=\"mkdf-two-columns-50-50-inner\">\n\t\t<div class=\"mkdf-column\">\n\t\t\t<div class=\"mkdf-column-inner\">\n\t\t\t\t<p><label>Nom du Club*<br \/>\n<span class=\"wpcf7-form-control-wrap\" data-name=\"name-club\"><input size=\"40\" maxlength=\"400\" class=\"wpcf7-form-control wpcf7-text wpcf7-validates-as-required\" aria-required=\"true\" aria-invalid=\"false\" value=\"\" type=\"text\" name=\"name-club\" \/><\/span><\/label>\n\t\t\t\t<\/p>\n\t\t\t<\/div>\n\t\t<\/div>\n\t\t<div class=\"mkdf-column\">\n\t\t\t<div class=\"mkdf-column-inner\">\n\t\t\t\t<p><label>Personne \u00e0 contacter*<br \/>\n<span class=\"wpcf7-form-control-wrap\" data-name=\"your-contact\"><input size=\"40\" maxlength=\"400\" class=\"wpcf7-form-control wpcf7-text wpcf7-validates-as-required\" aria-required=\"true\" aria-invalid=\"false\" value=\"\" type=\"text\" name=\"your-contact\" \/><\/span><\/label>\n\t\t\t\t<\/p>\n\t\t\t<\/div>\n\t\t<\/div>\n\t<\/div>\n<\/div>\n<div class=\"mkdf-two-columns-50-50\">\n\t<div class=\"mkdf-two-columns-50-50-inner\">\n\t\t<div class=\"mkdf-column\">\n\t\t\t<div class=\"mkdf-column-inner\">\n\t\t\t\t<p><label>Email*<br \/>\n<span class=\"wpcf7-form-control-wrap\" data-name=\"your-email\"><input size=\"40\" maxlength=\"400\" class=\"wpcf7-form-control wpcf7-email wpcf7-validates-as-required wpcf7-text wpcf7-validates-as-email\" aria-required=\"true\" aria-invalid=\"false\" value=\"\" type=\"email\" name=\"your-email\" \/><\/span><\/label>\n\t\t\t\t<\/p>\n\t\t\t<\/div>\n\t\t<\/div>\n\t\t<div class=\"mkdf-column\">\n\t\t\t<div class=\"mkdf-column-inner\">\n\t\t\t\t<p><label>T\u00e9l\u00e9phone<br \/>\n<span class=\"wpcf7-form-control-wrap\" data-name=\"your-tel\"><input size=\"40\" maxlength=\"400\" class=\"wpcf7-form-control wpcf7-tel wpcf7-text wpcf7-validates-as-tel\" aria-invalid=\"false\" value=\"\" type=\"tel\" name=\"your-tel\" \/><\/span><\/label>\n\t\t\t\t<\/p>\n\t\t\t<\/div>\n\t\t<\/div>\n\t<\/div>\n<\/div>\n<div class=\"mkdf-two-columns\">\n\t<div class=\"mkdf-three-columns-inner\">\n\t\t<div class=\"mkdf-column\">\n\t\t\t<div class=\"mkdf-column-inner\">\n\t\t\t\t<p><label>Nombre de personnes*<br \/>\n<span class=\"wpcf7-form-control-wrap\" data-name=\"num-people\"><input class=\"wpcf7-form-control wpcf7-number wpcf7-validates-as-required wpcf7-validates-as-number\" aria-required=\"true\" aria-invalid=\"false\" value=\"\" type=\"number\" name=\"num-people\" \/><\/span><\/label>\n\t\t\t\t<\/p>\n\t\t\t<\/div>\n\t\t<\/div>\n\t\t<div class=\"mkdf-column\">\n\t\t\t<div class=\"mkdf-column-inner\">\n\t\t\t\t<p><label>Nombre de couloirs*<br \/>\n<span class=\"wpcf7-form-control-wrap\" data-name=\"num-rails\"><input class=\"wpcf7-form-control wpcf7-number wpcf7-validates-as-required wpcf7-validates-as-number\" aria-required=\"true\" aria-invalid=\"false\" value=\"\" type=\"number\" name=\"num-rails\" \/><\/span><\/label>\n\t\t\t\t<\/p>\n\t\t\t<\/div>\n\t\t<\/div>\n\t<\/div>\n<\/div>\n<div class=\"mkdf-two-columns-50-50\">\n\t<div class=\"mkdf-two-columns-50-50-inner\">\n\t\t<div class=\"mkdf-column\">\n\t\t\t<div class=\"mkdf-column-inner\">\n\t\t\t\t<p><label>H\u00f4tel de pr\u00e9f\u00e9rence*<br \/>\n<span class=\"wpcf7-form-control-wrap\" data-name=\"hoteles\"><select class=\"wpcf7-form-control wpcf7-select wpcf7-validates-as-required\" aria-required=\"true\" aria-invalid=\"false\" name=\"hoteles\"><option value=\"\">&#8212;Trieu una opci\u00f3&#8212;<\/option><option value=\"Hotel Bernat II\">Hotel Bernat II<\/option><option value=\"Hotel Sant Jordi\">Hotel Sant Jordi<\/option><\/select><\/span> <\/label>\n\t\t\t\t<\/p>\n\t\t\t<\/div>\n\t\t<\/div>\n\t\t<div class=\"mkdf-column\">\n\t\t\t<div class=\"mkdf-column-inner\">\n\t\t\t\t<p><label>Distribution des chambres (sp\u00e9cifier le nombre de chambres simples, doubles, triples et quadruples)*<br \/>\n<span class=\"wpcf7-form-control-wrap\" data-name=\"distribution\"><input size=\"40\" maxlength=\"400\" class=\"wpcf7-form-control wpcf7-text wpcf7-validates-as-required\" aria-required=\"true\" aria-invalid=\"false\" value=\"\" type=\"text\" name=\"distribution\" \/><\/span> <\/label>\n\t\t\t\t<\/p>\n\t\t\t<\/div>\n\t\t<\/div>\n\t<\/div>\n<\/div>\n<div class=\"mkdf-two-columns-50-50\">\n\t<div class=\"mkdf-two-columns-50-50-inner\">\n\t\t<div class=\"mkdf-column\">\n\t\t\t<div class=\"mkdf-column-inner\">\n\t\t\t\t<p><label> Jour d\u2019entr\u00e9e*<br \/>\n<span class=\"wpcf7-form-control-wrap\" data-name=\"date-from\"><input class=\"wpcf7-form-control wpcf7-date wpcf7-validates-as-required wpcf7-validates-as-date\" aria-required=\"true\" aria-invalid=\"false\" value=\"\" type=\"date\" name=\"date-from\" \/><\/span> <\/label>\n\t\t\t\t<\/p>\n\t\t\t<\/div>\n\t\t<\/div>\n\t\t<div class=\"mkdf-column\">\n\t\t\t<div class=\"mkdf-column-inner\">\n\t\t\t\t<p><label> Jour de sortie*<br \/>\n<span class=\"wpcf7-form-control-wrap\" data-name=\"date-to\"><input class=\"wpcf7-form-control wpcf7-date wpcf7-validates-as-required wpcf7-validates-as-date\" aria-required=\"true\" aria-invalid=\"false\" value=\"\" type=\"date\" name=\"date-to\" \/><\/span> <\/label>\n\t\t\t\t<\/p>\n\t\t\t<\/div>\n\t\t<\/div>\n\t<\/div>\n<\/div>\n<div>\n\t<p><label> Observations<span class=\"wpcf7-form-control-wrap\" data-name=\"message\"><textarea cols=\"40\" rows=\"10\" maxlength=\"2000\" class=\"wpcf7-form-control wpcf7-textarea\" aria-invalid=\"false\" name=\"message\"><\/textarea><\/span><\/label>\n\t<\/p>\n<\/div>\n<p><input class=\"wpcf7-form-control wpcf7-submit has-spinner\" type=\"submit\" value=\"Envoyer\" \/>\n<\/p><div class=\"wpcf7-response-output\" aria-hidden=\"true\"><\/div>\n<\/form>\n<\/div>\n[\/vc_column][vc_column][\/vc_column][\/vc_row]<\/p>\n","protected":false},"excerpt":{"rendered":"<p>[vc_row][vc_column][\/vc_column][vc_column][\/vc_column][\/vc_row]<\/p>\n","protected":false},"author":2,"featured_media":0,"parent":0,"menu_order":0,"comment_status":"closed","ping_status":"closed","template":"","meta":{"footnotes":""},"class_list":["post-528","page","type-page","status-publish","hentry"],"yoast_head":"<!-- This site is optimized with the Yoast SEO plugin v26.8 - https:\/\/yoast.com\/product\/yoast-seo-wordpress\/ -->\n<title>Devis pour clubs - Crol Centre Calella - C\u00f4te de Barcelone<\/title>\n<meta name=\"description\" content=\"Des devis pour clubs personnalis\u00e9s pour les \u00e9tapes de natation sur la c\u00f4te de Barcelone, avec une piscine olympique \u00e0 50 m\u00e8tres de la plage.\" \/>\n<meta name=\"robots\" content=\"index, follow, max-snippet:-1, max-image-preview:large, max-video-preview:-1\" \/>\n<link rel=\"canonical\" href=\"https:\/\/crolcentrecalella.com\/fr\/devis-pour-clubs\/\" \/>\n<meta property=\"og:locale\" content=\"fr_FR\" \/>\n<meta property=\"og:type\" content=\"article\" \/>\n<meta property=\"og:title\" content=\"Devis pour clubs - Crol Centre Calella - C\u00f4te de Barcelone\" \/>\n<meta property=\"og:description\" content=\"Des devis pour clubs personnalis\u00e9s pour les \u00e9tapes de natation sur la c\u00f4te de Barcelone, avec une piscine olympique \u00e0 50 m\u00e8tres de la plage.\" \/>\n<meta property=\"og:url\" content=\"https:\/\/crolcentrecalella.com\/fr\/devis-pour-clubs\/\" \/>\n<meta property=\"og:site_name\" content=\"Crol Centre Calella\" \/>\n<meta property=\"article:modified_time\" content=\"2021-02-26T10:25:59+00:00\" \/>\n<meta name=\"twitter:card\" content=\"summary_large_image\" \/>\n<meta name=\"twitter:label1\" content=\"Dur\u00e9e de lecture estim\u00e9e\" \/>\n\t<meta name=\"twitter:data1\" content=\"1 minute\" \/>\n<script type=\"application\/ld+json\" class=\"yoast-schema-graph\">{\"@context\":\"https:\/\/schema.org\",\"@graph\":[{\"@type\":\"WebPage\",\"@id\":\"https:\/\/crolcentrecalella.com\/fr\/devis-pour-clubs\/\",\"url\":\"https:\/\/crolcentrecalella.com\/fr\/devis-pour-clubs\/\",\"name\":\"Devis pour clubs - Crol Centre Calella - C\u00f4te de Barcelone\",\"isPartOf\":{\"@id\":\"https:\/\/crolcentrecalella.com\/#website\"},\"datePublished\":\"2021-02-09T15:14:36+00:00\",\"dateModified\":\"2021-02-26T10:25:59+00:00\",\"description\":\"Des devis pour clubs personnalis\u00e9s pour les \u00e9tapes de natation sur la c\u00f4te de Barcelone, avec une piscine olympique \u00e0 50 m\u00e8tres de la plage.\",\"breadcrumb\":{\"@id\":\"https:\/\/crolcentrecalella.com\/fr\/devis-pour-clubs\/#breadcrumb\"},\"inLanguage\":\"fr-FR\",\"potentialAction\":[{\"@type\":\"ReadAction\",\"target\":[\"https:\/\/crolcentrecalella.com\/fr\/devis-pour-clubs\/\"]}]},{\"@type\":\"BreadcrumbList\",\"@id\":\"https:\/\/crolcentrecalella.com\/fr\/devis-pour-clubs\/#breadcrumb\",\"itemListElement\":[{\"@type\":\"ListItem\",\"position\":1,\"name\":\"Inici\",\"item\":\"https:\/\/crolcentrecalella.com\/fr\/\"},{\"@type\":\"ListItem\",\"position\":2,\"name\":\"Devis pour clubs\"}]},{\"@type\":\"WebSite\",\"@id\":\"https:\/\/crolcentrecalella.com\/#website\",\"url\":\"https:\/\/crolcentrecalella.com\/\",\"name\":\"Crol Centre Calella\",\"description\":\"Piscina ol\u00edmpica en la Costa de Barcelona\",\"potentialAction\":[{\"@type\":\"SearchAction\",\"target\":{\"@type\":\"EntryPoint\",\"urlTemplate\":\"https:\/\/crolcentrecalella.com\/?s={search_term_string}\"},\"query-input\":{\"@type\":\"PropertyValueSpecification\",\"valueRequired\":true,\"valueName\":\"search_term_string\"}}],\"inLanguage\":\"fr-FR\"}]}<\/script>\n<!-- \/ Yoast SEO plugin. -->","yoast_head_json":{"title":"Devis pour clubs - Crol Centre Calella - C\u00f4te de Barcelone","description":"Des devis pour clubs personnalis\u00e9s pour les \u00e9tapes de natation sur la c\u00f4te de Barcelone, avec une piscine olympique \u00e0 50 m\u00e8tres de la plage.","robots":{"index":"index","follow":"follow","max-snippet":"max-snippet:-1","max-image-preview":"max-image-preview:large","max-video-preview":"max-video-preview:-1"},"canonical":"https:\/\/crolcentrecalella.com\/fr\/devis-pour-clubs\/","og_locale":"fr_FR","og_type":"article","og_title":"Devis pour clubs - Crol Centre Calella - C\u00f4te de Barcelone","og_description":"Des devis pour clubs personnalis\u00e9s pour les \u00e9tapes de natation sur la c\u00f4te de Barcelone, avec une piscine olympique \u00e0 50 m\u00e8tres de la plage.","og_url":"https:\/\/crolcentrecalella.com\/fr\/devis-pour-clubs\/","og_site_name":"Crol Centre Calella","article_modified_time":"2021-02-26T10:25:59+00:00","twitter_card":"summary_large_image","twitter_misc":{"Dur\u00e9e de lecture estim\u00e9e":"1 minute"},"schema":{"@context":"https:\/\/schema.org","@graph":[{"@type":"WebPage","@id":"https:\/\/crolcentrecalella.com\/fr\/devis-pour-clubs\/","url":"https:\/\/crolcentrecalella.com\/fr\/devis-pour-clubs\/","name":"Devis pour clubs - Crol Centre Calella - C\u00f4te de Barcelone","isPartOf":{"@id":"https:\/\/crolcentrecalella.com\/#website"},"datePublished":"2021-02-09T15:14:36+00:00","dateModified":"2021-02-26T10:25:59+00:00","description":"Des devis pour clubs personnalis\u00e9s pour les \u00e9tapes de natation sur la c\u00f4te de Barcelone, avec une piscine olympique \u00e0 50 m\u00e8tres de la plage.","breadcrumb":{"@id":"https:\/\/crolcentrecalella.com\/fr\/devis-pour-clubs\/#breadcrumb"},"inLanguage":"fr-FR","potentialAction":[{"@type":"ReadAction","target":["https:\/\/crolcentrecalella.com\/fr\/devis-pour-clubs\/"]}]},{"@type":"BreadcrumbList","@id":"https:\/\/crolcentrecalella.com\/fr\/devis-pour-clubs\/#breadcrumb","itemListElement":[{"@type":"ListItem","position":1,"name":"Inici","item":"https:\/\/crolcentrecalella.com\/fr\/"},{"@type":"ListItem","position":2,"name":"Devis pour clubs"}]},{"@type":"WebSite","@id":"https:\/\/crolcentrecalella.com\/#website","url":"https:\/\/crolcentrecalella.com\/","name":"Crol Centre Calella","description":"Piscina ol\u00edmpica en la Costa de Barcelona","potentialAction":[{"@type":"SearchAction","target":{"@type":"EntryPoint","urlTemplate":"https:\/\/crolcentrecalella.com\/?s={search_term_string}"},"query-input":{"@type":"PropertyValueSpecification","valueRequired":true,"valueName":"search_term_string"}}],"inLanguage":"fr-FR"}]}},"_links":{"self":[{"href":"https:\/\/crolcentrecalella.com\/fr\/wp-json\/wp\/v2\/pages\/528","targetHints":{"allow":["GET"]}}],"collection":[{"href":"https:\/\/crolcentrecalella.com\/fr\/wp-json\/wp\/v2\/pages"}],"about":[{"href":"https:\/\/crolcentrecalella.com\/fr\/wp-json\/wp\/v2\/types\/page"}],"author":[{"embeddable":true,"href":"https:\/\/crolcentrecalella.com\/fr\/wp-json\/wp\/v2\/users\/2"}],"replies":[{"embeddable":true,"href":"https:\/\/crolcentrecalella.com\/fr\/wp-json\/wp\/v2\/comments?post=528"}],"version-history":[{"count":0,"href":"https:\/\/crolcentrecalella.com\/fr\/wp-json\/wp\/v2\/pages\/528\/revisions"}],"wp:attachment":[{"href":"https:\/\/crolcentrecalella.com\/fr\/wp-json\/wp\/v2\/media?parent=528"}],"curies":[{"name":"wp","href":"https:\/\/api.w.org\/{rel}","templated":true}]}}