
{"id":540,"date":"2021-02-10T11:20:14","date_gmt":"2021-02-10T09:20:14","guid":{"rendered":"https:\/\/crolcentrecalella.com\/servicios\/"},"modified":"2023-08-08T10:28:14","modified_gmt":"2023-08-08T08:28:14","slug":"services-entrainement-natation","status":"publish","type":"page","link":"https:\/\/crolcentrecalella.com\/fr\/services-entrainement-natation\/","title":{"rendered":"Services"},"content":{"rendered":"<p>[vc_row css=\u00a0\u00bb.vc_custom_1612949004585{padding-top: 50px !important;}\u00a0\u00bb][vc_column width=\u00a0\u00bb1\/2&Prime;][vc_column_text]<\/p>\n<div class=\"mkdf-section-title-holder\">\n<h2 class=\"mkdf-section-title mkdf-section-title-small\">Piscine olympique d&rsquo;entra\u00eenement natation<\/h2>\n<\/div>\n<p>Depuis l&rsquo;ouverture de centre d&rsquo;entra\u00eenement de natation <strong>Crol Centre Calella<\/strong> en mars 2004, notre centre sportif g\u00e8re en moyenne 200 clubs de natation chaque ann\u00e9e, offrant une large gamme de services.<br \/>\nNotre t\u00e2che consiste \u00e0 organiser un s\u00e9jour sur mesure pour chacune des demandes que nous recevons. Nous nous occupons de r\u00e9server et de pr\u00e9parer tout ce qui est essentiel pour un stage d&rsquo;entra\u00eenement afin de proposer la meilleure offre h\u00f4teli\u00e8re \u00e0 l&rsquo;<a href=\"https:\/\/www.hotelbernatcalella.com\/fr\/\">H\u00f4tel Bernat II<\/a> et \u00e0 l&rsquo;<a href=\"https:\/\/www.hotelsantjordi.com\/fr\/\">H\u00f4tel Sant Jordi<\/a>, ainsi qu&rsquo;une<a href=\"https:\/\/crolcentrecalella.com\/fr\/galerie\/\"> piscine olympique<\/a> avec les services suppl\u00e9mentaires de GYM et de spa demand\u00e9s. De plus, nous avons \u00e9galement la possibilit\u00e9 d&rsquo;organiser les transferts depuis l&rsquo;a\u00e9roport de Barcelone jusqu&rsquo;\u00e0 Crol Centre Calella.<\/p>\n<p>Notre bureau au bord de la piscine nous permet d&rsquo;\u00eatre en contact quotidien avec tous les entra\u00eeneurs, offrant nos services d&rsquo;assistance continue pendant tout le s\u00e9jour. Nous proposons \u00e9galement un programme d&rsquo;excursions pour que les \u00e9quipes puissent d\u00e9couvrir les coins les plus embl\u00e9matiques de la Catalogne et de Barcelone.[\/vc_column_text][vc_empty_space][\/vc_column][vc_column width=\u00a0\u00bb1\/2&Prime;]<div class=\"mkdf-animations-holder mkdf-element-from-right\" data-animation=\"mkdf-element-from-right\">\r\n\t<div style=\"animation-duration: 700ms;-webkit-animation-duration: 700ms;-moz-animation-duration: 700ms\">\r\n\t\t[vc_single_image image=\u00a0\u00bb3331&Prime; img_size=\u00a0\u00bblarge\u00a0\u00bb]\t<\/div>\r\n\r\n<\/div>[\/vc_column][vc_column][vc_empty_space][vc_btn title=\u00a0\u00bbPlus d&rsquo;informations\u00a0\u00bb align=\u00a0\u00bbcenter\u00a0\u00bb link=\u00a0\u00bburl:https%3A%2F%2Fcrolcentrecalella.com%2Fwp-content%2Fuploads%2F2022%2F12%2FCROL-FR.pdf|title:Plus%20d&rsquo;informations|target:_blank\u00a0\u00bb css=\u00a0\u00bb.vc_custom_1672419058208{border-radius: 35px !important;}\u00a0\u00bb][\/vc_column][\/vc_row][vc_row css=\u00a0\u00bb.vc_custom_1612948643168{padding-top: 100px !important;}\u00a0\u00bb][vc_column width=\u00a0\u00bb1\/4&Prime;]<div class=\"mkdf-animations-holder mkdf-element-from-fade\" data-animation=\"mkdf-element-from-fade\">\r\n\t<div style=\"animation-duration: 700ms;-webkit-animation-duration: 700ms;-moz-animation-duration: 700ms\">\r\n\t\t<div class=\"mkdf-iwt clearfix mkdf-iwt-icon-top mkdf-iwt-icon-large\">\r\n    <div class=\"mkdf-iwt-icon-holder\">\r\n                    \r\n    <span class=\"mkdf-icon-shortcode normal mkdf-icon-large\"  data-color=\"#fd4c00\">\r\n        \r\n        <i class=\"mkdf-icon-font-awesome fa fa-tint mkdf-icon-element\" style=\"color: #fd4c00\" ><\/i>\r\n            <\/span>\r\n\r\n            <\/div>\r\n    <div class=\"mkdf-iwt-content-holder\" >\r\n        <div class=\"mkdf-iwt-title-holder\">\r\n            <h4 >Piscine olympique<\/h4>\r\n        <\/div>\r\n        <div class=\"mkdf-iwt-text-holder\">\r\n            <p >Piscine olympique en plein air climatis\u00e9e toute l\u2019ann\u00e9e.<\/p>\r\n\r\n                    <\/div>\r\n    <\/div>\r\n<\/div>\t<\/div>\r\n\r\n<\/div>[\/vc_column][vc_column width=\u00a0\u00bb1\/4&Prime;]<div class=\"mkdf-animations-holder mkdf-element-from-fade\" data-animation=\"mkdf-element-from-fade\">\r\n\t<div style=\"animation-duration: 700ms;-webkit-animation-duration: 700ms;-moz-animation-duration: 700ms\">\r\n\t\t<div class=\"mkdf-iwt clearfix mkdf-iwt-icon-top mkdf-iwt-icon-large\">\r\n    <div class=\"mkdf-iwt-icon-holder\">\r\n                    \r\n    <span class=\"mkdf-icon-shortcode normal mkdf-icon-large\"  data-color=\"#fd4c00\">\r\n        \r\n        <i class=\"mkdf-icon-font-awesome fa fa-bed mkdf-icon-element\" style=\"color: #fd4c00\" ><\/i>\r\n            <\/span>\r\n\r\n            <\/div>\r\n    <div class=\"mkdf-iwt-content-holder\" >\r\n        <div class=\"mkdf-iwt-title-holder\">\r\n            <h4 >H\u00f4tels \u00e0 Calella<\/h4>\r\n        <\/div>\r\n        <div class=\"mkdf-iwt-text-holder\">\r\n            <p >H\u00f4tels rattach\u00e9s aux installations.<\/p>\r\n\r\n                    <\/div>\r\n    <\/div>\r\n<\/div>\t<\/div>\r\n\r\n<\/div>[\/vc_column][vc_column width=\u00a0\u00bb1\/4&Prime;]<div class=\"mkdf-animations-holder mkdf-element-from-fade\" data-animation=\"mkdf-element-from-fade\">\r\n\t<div style=\"animation-duration: 700ms;-webkit-animation-duration: 700ms;-moz-animation-duration: 700ms\">\r\n\t\t<div class=\"mkdf-iwt clearfix mkdf-iwt-icon-top mkdf-iwt-icon-large\">\r\n    <div class=\"mkdf-iwt-icon-holder\">\r\n                    \r\n    <span class=\"mkdf-icon-shortcode normal mkdf-icon-large\"  data-color=\"#fd4c00\">\r\n        \r\n        <i class=\"mkdf-icon-font-awesome fa fa-heart mkdf-icon-element\" style=\"color: #fd4c00\" ><\/i>\r\n            <\/span>\r\n\r\n            <\/div>\r\n    <div class=\"mkdf-iwt-content-holder\" >\r\n        <div class=\"mkdf-iwt-title-holder\">\r\n            <h4 >Gymnase et Spa<\/h4>\r\n        <\/div>\r\n        <div class=\"mkdf-iwt-text-holder\">\r\n            <p >Gymnase et espace aquatique.<\/p>\r\n\r\n                    <\/div>\r\n    <\/div>\r\n<\/div>\t<\/div>\r\n\r\n<\/div>[\/vc_column][vc_column width=\u00a0\u00bb1\/4&Prime;]<div class=\"mkdf-animations-holder mkdf-element-from-fade\" data-animation=\"mkdf-element-from-fade\">\r\n\t<div style=\"animation-duration: 700ms;-webkit-animation-duration: 700ms;-moz-animation-duration: 700ms\">\r\n\t\t<div class=\"mkdf-iwt clearfix mkdf-iwt-icon-top mkdf-iwt-icon-large\">\r\n    <div class=\"mkdf-iwt-icon-holder\">\r\n                    \r\n    <span class=\"mkdf-icon-shortcode normal mkdf-icon-large\"  data-color=\"#fd4c00\">\r\n        \r\n        <i class=\"mkdf-icon-font-awesome fa fa-bus mkdf-icon-element\" style=\"color: #fd4c00\" ><\/i>\r\n            <\/span>\r\n\r\n            <\/div>\r\n    <div class=\"mkdf-iwt-content-holder\" >\r\n        <div class=\"mkdf-iwt-title-holder\">\r\n            <h4 >Transferts Barcelone<\/h4>\r\n        <\/div>\r\n        <div class=\"mkdf-iwt-text-holder\">\r\n            <p >Transferts de l&#039;a\u00e9roport de Barcelone<\/p>\r\n\r\n                    <\/div>\r\n    <\/div>\r\n<\/div>\t<\/div>\r\n\r\n<\/div>[\/vc_column][\/vc_row][vc_row css=\u00a0\u00bb.vc_custom_1612949053234{padding-top: 100px !important;padding-bottom: 100px !important;}\u00a0\u00bb][vc_column width=\u00a0\u00bb1\/2&Prime;]<div class=\"mkdf-info-box-holder mkdf-info-box-with-image\">\r\n\r\n\t<div class=\"mkdf-info-box-inner\">\r\n\t\t<div class=\"mkdf-ib-front-holder\">\r\n\t\t\t<div class=\"mkdf-ib-front-holder-inner\">\r\n\t\t\t\t<div class=\"mkdf-ib-top-holder\">\r\n\t\t\t\t\t\r\n\t\t\t\t\t\t\t\t\t\t\t<div class=\"mkdf-ib-title-holder\">\r\n\t\t\t\t\t\t\t<h2 class=\"mkdf-ib-title\">SILENCE THALASSO SPA<\/h2>\r\n\t\t\t\t\t\t<\/div>\r\n\t\t\t\t\t\t\t\t\t<\/div>\r\n\r\n\t\t\t\t<div class=\"mkdf-ib-bottom-holder\">\r\n\t\t\t\t\t\r\n\t\t\t\t\t\t\t\t\t\t\t<div class=\"mkdf-ib-button-holder\">\r\n\t\t\t\t\t\t\t<a href=\"#\" target=\"_self\"  class=\"mkdf-btn mkdf-btn-small mkdf-btn-solid mkdf-btn-hover-outline\"  >\r\t\r\t\t\t<span class=\"mkdf-btn-helper\" ><\/span>\r\t\t<span class=\"mkdf-btn-text\"><\/span>\r<\/a>\t\t\t\t\t\t<\/div>\r\n\t\t\t\t\t\t\t\t\t<\/div>\r\n\t\t\t<\/div>\r\n\r\n\t\t<\/div>\r\n\r\n\r\n\r\n\t\t<div class=\"mkdf-ib-overlay\" style=\"background-image: url(https:\/\/crolcentrecalella.com\/wp-content\/uploads\/2021\/02\/silence-spa-e1613054126960.jpg)\"><\/div>\r\n\t<\/div>\r\n<\/div>[\/vc_column][vc_column width=\u00a0\u00bb1\/2&Prime;]<div class=\"mkdf-info-box-holder mkdf-info-box-with-image\">\r\n\r\n\t<div class=\"mkdf-info-box-inner\">\r\n\t\t<div class=\"mkdf-ib-front-holder\">\r\n\t\t\t<div class=\"mkdf-ib-front-holder-inner\">\r\n\t\t\t\t<div class=\"mkdf-ib-top-holder\">\r\n\t\t\t\t\t\r\n\t\t\t\t\t\t\t\t\t\t\t<div class=\"mkdf-ib-title-holder\">\r\n\t\t\t\t\t\t\t<h2 class=\"mkdf-ib-title\">GYMNASE<\/h2>\r\n\t\t\t\t\t\t<\/div>\r\n\t\t\t\t\t\t\t\t\t<\/div>\r\n\r\n\t\t\t\t<div class=\"mkdf-ib-bottom-holder\">\r\n\t\t\t\t\t\r\n\t\t\t\t\t\t\t\t\t\t\t<div class=\"mkdf-ib-button-holder\">\r\n\t\t\t\t\t\t\t<a href=\"#\" target=\"_self\"  class=\"mkdf-btn mkdf-btn-small mkdf-btn-solid mkdf-btn-hover-outline\"  >\r\t\r\t\t\t<span class=\"mkdf-btn-helper\" ><\/span>\r\t\t<span class=\"mkdf-btn-text\"><\/span>\r<\/a>\t\t\t\t\t\t<\/div>\r\n\t\t\t\t\t\t\t\t\t<\/div>\r\n\t\t\t<\/div>\r\n\r\n\t\t<\/div>\r\n\r\n\r\n\r\n\t\t<div class=\"mkdf-ib-overlay\" style=\"background-image: url(https:\/\/crolcentrecalella.com\/wp-content\/uploads\/2021\/02\/Fitness-scaled-e1613116896643.jpg)\"><\/div>\r\n\t<\/div>\r\n<\/div>[\/vc_column][\/vc_row]<\/p>\n","protected":false},"excerpt":{"rendered":"<p>[vc_row css=\u00a0\u00bb.vc_custom_1612949004585{padding-top: 50px !important;}\u00a0\u00bb][vc_column width=\u00a0\u00bb1\/2&Prime;][vc_column_text] Piscine olympique d&rsquo;entra\u00eenement natation Depuis l&rsquo;ouverture de centre d&rsquo;entra\u00eenement de natation Crol Centre Calella en mars 2004, notre centre sportif g\u00e8re en moyenne 200 clubs de natation chaque ann\u00e9e, offrant une large gamme de services. Notre t\u00e2che consiste \u00e0 organiser&#8230;<\/p>\n","protected":false},"author":2,"featured_media":3442,"parent":0,"menu_order":0,"comment_status":"closed","ping_status":"closed","template":"","meta":{"footnotes":""},"class_list":["post-540","page","type-page","status-publish","has-post-thumbnail","hentry"],"yoast_head":"<!-- This site is optimized with the Yoast SEO plugin v26.8 - https:\/\/yoast.com\/product\/yoast-seo-wordpress\/ -->\n<title>Entra\u00eenement natation a Piscine olympique - Crol Centre Calella<\/title>\n<meta name=\"description\" content=\"D\u00e9couvrez tous les services propos\u00e9s par le centre d&#039;entra\u00eenement natation Crol Center Calella \u00e0 Calella, sur la c\u00f4te de Barcelone.\" \/>\n<meta name=\"robots\" content=\"index, follow, max-snippet:-1, max-image-preview:large, max-video-preview:-1\" \/>\n<link rel=\"canonical\" href=\"https:\/\/crolcentrecalella.com\/fr\/services-entrainement-natation\/\" \/>\n<meta property=\"og:locale\" content=\"fr_FR\" \/>\n<meta property=\"og:type\" content=\"article\" \/>\n<meta property=\"og:title\" content=\"Entra\u00eenement natation a Piscine olympique - Crol Centre Calella\" \/>\n<meta property=\"og:description\" content=\"D\u00e9couvrez tous les services propos\u00e9s par le centre d&#039;entra\u00eenement natation Crol Center Calella \u00e0 Calella, sur la c\u00f4te de Barcelone.\" \/>\n<meta property=\"og:url\" content=\"https:\/\/crolcentrecalella.com\/fr\/services-entrainement-natation\/\" \/>\n<meta property=\"og:site_name\" content=\"Crol Centre Calella\" \/>\n<meta property=\"article:modified_time\" content=\"2023-08-08T08:28:14+00:00\" \/>\n<meta property=\"og:image\" content=\"https:\/\/crolcentrecalella.com\/wp-content\/uploads\/2022\/10\/CROL-CENTRE-1-scaled-e1613118257349-2.webp\" \/>\n\t<meta property=\"og:image:width\" content=\"719\" \/>\n\t<meta property=\"og:image:height\" content=\"480\" \/>\n\t<meta property=\"og:image:type\" content=\"image\/webp\" \/>\n<meta name=\"twitter:card\" content=\"summary_large_image\" \/>\n<meta name=\"twitter:label1\" content=\"Dur\u00e9e de lecture estim\u00e9e\" \/>\n\t<meta name=\"twitter:data1\" content=\"2 minutes\" \/>\n<script type=\"application\/ld+json\" class=\"yoast-schema-graph\">{\"@context\":\"https:\/\/schema.org\",\"@graph\":[{\"@type\":\"WebPage\",\"@id\":\"https:\/\/crolcentrecalella.com\/fr\/services-entrainement-natation\/\",\"url\":\"https:\/\/crolcentrecalella.com\/fr\/services-entrainement-natation\/\",\"name\":\"Entra\u00eenement natation a Piscine olympique - Crol Centre Calella\",\"isPartOf\":{\"@id\":\"https:\/\/crolcentrecalella.com\/#website\"},\"primaryImageOfPage\":{\"@id\":\"https:\/\/crolcentrecalella.com\/fr\/services-entrainement-natation\/#primaryimage\"},\"image\":{\"@id\":\"https:\/\/crolcentrecalella.com\/fr\/services-entrainement-natation\/#primaryimage\"},\"thumbnailUrl\":\"https:\/\/crolcentrecalella.com\/wp-content\/uploads\/2022\/10\/CROL-CENTRE-1-scaled-e1613118257349-2.webp\",\"datePublished\":\"2021-02-10T09:20:14+00:00\",\"dateModified\":\"2023-08-08T08:28:14+00:00\",\"description\":\"D\u00e9couvrez tous les services propos\u00e9s par le centre d'entra\u00eenement natation Crol Center Calella \u00e0 Calella, sur la c\u00f4te de Barcelone.\",\"breadcrumb\":{\"@id\":\"https:\/\/crolcentrecalella.com\/fr\/services-entrainement-natation\/#breadcrumb\"},\"inLanguage\":\"fr-FR\",\"potentialAction\":[{\"@type\":\"ReadAction\",\"target\":[\"https:\/\/crolcentrecalella.com\/fr\/services-entrainement-natation\/\"]}]},{\"@type\":\"ImageObject\",\"inLanguage\":\"fr-FR\",\"@id\":\"https:\/\/crolcentrecalella.com\/fr\/services-entrainement-natation\/#primaryimage\",\"url\":\"https:\/\/crolcentrecalella.com\/wp-content\/uploads\/2022\/10\/CROL-CENTRE-1-scaled-e1613118257349-2.webp\",\"contentUrl\":\"https:\/\/crolcentrecalella.com\/wp-content\/uploads\/2022\/10\/CROL-CENTRE-1-scaled-e1613118257349-2.webp\",\"width\":719,\"height\":480,\"caption\":\"Piscina Crol Centre\"},{\"@type\":\"BreadcrumbList\",\"@id\":\"https:\/\/crolcentrecalella.com\/fr\/services-entrainement-natation\/#breadcrumb\",\"itemListElement\":[{\"@type\":\"ListItem\",\"position\":1,\"name\":\"Inici\",\"item\":\"https:\/\/crolcentrecalella.com\/fr\/\"},{\"@type\":\"ListItem\",\"position\":2,\"name\":\"Services\"}]},{\"@type\":\"WebSite\",\"@id\":\"https:\/\/crolcentrecalella.com\/#website\",\"url\":\"https:\/\/crolcentrecalella.com\/\",\"name\":\"Crol Centre Calella\",\"description\":\"Piscina ol\u00edmpica en la Costa de Barcelona\",\"potentialAction\":[{\"@type\":\"SearchAction\",\"target\":{\"@type\":\"EntryPoint\",\"urlTemplate\":\"https:\/\/crolcentrecalella.com\/?s={search_term_string}\"},\"query-input\":{\"@type\":\"PropertyValueSpecification\",\"valueRequired\":true,\"valueName\":\"search_term_string\"}}],\"inLanguage\":\"fr-FR\"}]}<\/script>\n<!-- \/ Yoast SEO plugin. -->","yoast_head_json":{"title":"Entra\u00eenement natation a Piscine olympique - Crol Centre Calella","description":"D\u00e9couvrez tous les services propos\u00e9s par le centre d'entra\u00eenement natation Crol Center Calella \u00e0 Calella, sur la c\u00f4te de Barcelone.","robots":{"index":"index","follow":"follow","max-snippet":"max-snippet:-1","max-image-preview":"max-image-preview:large","max-video-preview":"max-video-preview:-1"},"canonical":"https:\/\/crolcentrecalella.com\/fr\/services-entrainement-natation\/","og_locale":"fr_FR","og_type":"article","og_title":"Entra\u00eenement natation a Piscine olympique - Crol Centre Calella","og_description":"D\u00e9couvrez tous les services propos\u00e9s par le centre d'entra\u00eenement natation Crol Center Calella \u00e0 Calella, sur la c\u00f4te de Barcelone.","og_url":"https:\/\/crolcentrecalella.com\/fr\/services-entrainement-natation\/","og_site_name":"Crol Centre Calella","article_modified_time":"2023-08-08T08:28:14+00:00","og_image":[{"width":719,"height":480,"url":"https:\/\/crolcentrecalella.com\/wp-content\/uploads\/2022\/10\/CROL-CENTRE-1-scaled-e1613118257349-2.webp","type":"image\/webp"}],"twitter_card":"summary_large_image","twitter_misc":{"Dur\u00e9e de lecture estim\u00e9e":"2 minutes"},"schema":{"@context":"https:\/\/schema.org","@graph":[{"@type":"WebPage","@id":"https:\/\/crolcentrecalella.com\/fr\/services-entrainement-natation\/","url":"https:\/\/crolcentrecalella.com\/fr\/services-entrainement-natation\/","name":"Entra\u00eenement natation a Piscine olympique - Crol Centre Calella","isPartOf":{"@id":"https:\/\/crolcentrecalella.com\/#website"},"primaryImageOfPage":{"@id":"https:\/\/crolcentrecalella.com\/fr\/services-entrainement-natation\/#primaryimage"},"image":{"@id":"https:\/\/crolcentrecalella.com\/fr\/services-entrainement-natation\/#primaryimage"},"thumbnailUrl":"https:\/\/crolcentrecalella.com\/wp-content\/uploads\/2022\/10\/CROL-CENTRE-1-scaled-e1613118257349-2.webp","datePublished":"2021-02-10T09:20:14+00:00","dateModified":"2023-08-08T08:28:14+00:00","description":"D\u00e9couvrez tous les services propos\u00e9s par le centre d'entra\u00eenement natation Crol Center Calella \u00e0 Calella, sur la c\u00f4te de Barcelone.","breadcrumb":{"@id":"https:\/\/crolcentrecalella.com\/fr\/services-entrainement-natation\/#breadcrumb"},"inLanguage":"fr-FR","potentialAction":[{"@type":"ReadAction","target":["https:\/\/crolcentrecalella.com\/fr\/services-entrainement-natation\/"]}]},{"@type":"ImageObject","inLanguage":"fr-FR","@id":"https:\/\/crolcentrecalella.com\/fr\/services-entrainement-natation\/#primaryimage","url":"https:\/\/crolcentrecalella.com\/wp-content\/uploads\/2022\/10\/CROL-CENTRE-1-scaled-e1613118257349-2.webp","contentUrl":"https:\/\/crolcentrecalella.com\/wp-content\/uploads\/2022\/10\/CROL-CENTRE-1-scaled-e1613118257349-2.webp","width":719,"height":480,"caption":"Piscina Crol Centre"},{"@type":"BreadcrumbList","@id":"https:\/\/crolcentrecalella.com\/fr\/services-entrainement-natation\/#breadcrumb","itemListElement":[{"@type":"ListItem","position":1,"name":"Inici","item":"https:\/\/crolcentrecalella.com\/fr\/"},{"@type":"ListItem","position":2,"name":"Services"}]},{"@type":"WebSite","@id":"https:\/\/crolcentrecalella.com\/#website","url":"https:\/\/crolcentrecalella.com\/","name":"Crol Centre Calella","description":"Piscina ol\u00edmpica en la Costa de Barcelona","potentialAction":[{"@type":"SearchAction","target":{"@type":"EntryPoint","urlTemplate":"https:\/\/crolcentrecalella.com\/?s={search_term_string}"},"query-input":{"@type":"PropertyValueSpecification","valueRequired":true,"valueName":"search_term_string"}}],"inLanguage":"fr-FR"}]}},"_links":{"self":[{"href":"https:\/\/crolcentrecalella.com\/fr\/wp-json\/wp\/v2\/pages\/540","targetHints":{"allow":["GET"]}}],"collection":[{"href":"https:\/\/crolcentrecalella.com\/fr\/wp-json\/wp\/v2\/pages"}],"about":[{"href":"https:\/\/crolcentrecalella.com\/fr\/wp-json\/wp\/v2\/types\/page"}],"author":[{"embeddable":true,"href":"https:\/\/crolcentrecalella.com\/fr\/wp-json\/wp\/v2\/users\/2"}],"replies":[{"embeddable":true,"href":"https:\/\/crolcentrecalella.com\/fr\/wp-json\/wp\/v2\/comments?post=540"}],"version-history":[{"count":7,"href":"https:\/\/crolcentrecalella.com\/fr\/wp-json\/wp\/v2\/pages\/540\/revisions"}],"predecessor-version":[{"id":6199,"href":"https:\/\/crolcentrecalella.com\/fr\/wp-json\/wp\/v2\/pages\/540\/revisions\/6199"}],"wp:featuredmedia":[{"embeddable":true,"href":"https:\/\/crolcentrecalella.com\/fr\/wp-json\/wp\/v2\/media\/3442"}],"wp:attachment":[{"href":"https:\/\/crolcentrecalella.com\/fr\/wp-json\/wp\/v2\/media?parent=540"}],"curies":[{"name":"wp","href":"https:\/\/api.w.org\/{rel}","templated":true}]}}