
{"id":566,"date":"2021-02-10T10:57:04","date_gmt":"2021-02-10T08:57:04","guid":{"rendered":"https:\/\/crolcentrecalella.com\/politica-de-cookies\/"},"modified":"2026-02-10T10:38:15","modified_gmt":"2026-02-10T08:38:15","slug":"politica-de-cookies","status":"publish","type":"page","link":"https:\/\/crolcentrecalella.com\/fr\/politica-de-cookies\/","title":{"rendered":"Pol\u00edtica de Cookies"},"content":{"rendered":"<p>[vc_row][vc_column][vc_column_text]<\/p>\n<h2 data-start=\"105\" data-end=\"136\">INFORMATIONS SUR LES COOKIES<\/h2>\n<p data-start=\"138\" data-end=\"732\">Conform\u00e9ment \u00e0 la Loi 34\/2002 du 11 juillet relative aux services de la soci\u00e9t\u00e9 de l\u2019information et au commerce \u00e9lectronique (LSSI), en relation avec le R\u00e8glement (UE) 2016\/679 du Parlement europ\u00e9en et du Conseil du 27 avril 2016, R\u00e8glement g\u00e9n\u00e9ral sur la protection des donn\u00e9es (RGPD), et la Loi organique 3\/2018 du 5 d\u00e9cembre relative \u00e0 la protection des donn\u00e9es personnelles et \u00e0 la garantie des droits num\u00e9riques (LOPDGDD), il est obligatoire d\u2019obtenir le consentement expr\u00e8s de l\u2019utilisateur pour tous les sites web utilisant des cookies non n\u00e9cessaires avant qu\u2019il ne navigue sur ceux-ci.<\/p>\n<h2 data-start=\"734\" data-end=\"759\">QUE SONT LES COOKIES ?<\/h2>\n<p data-start=\"761\" data-end=\"1042\">Les cookies et autres technologies similaires telles que les <em data-start=\"822\" data-end=\"844\">local shared objects<\/em>, <em data-start=\"846\" data-end=\"861\">flash cookies<\/em> ou pixels sont des outils utilis\u00e9s par les serveurs web pour stocker et r\u00e9cup\u00e9rer des informations concernant leurs visiteurs, ainsi que pour assurer le bon fonctionnement du site.<\/p>\n<p data-start=\"1044\" data-end=\"1270\">Gr\u00e2ce \u00e0 ces dispositifs, le serveur web peut m\u00e9moriser certaines donn\u00e9es concernant l\u2019utilisateur, telles que ses pr\u00e9f\u00e9rences d\u2019affichage, son nom d\u2019utilisateur et son mot de passe, les produits qui l\u2019int\u00e9ressent le plus, etc.<\/p>\n<h2 data-start=\"1272\" data-end=\"1336\">COOKIES CONCERN\u00c9ES PAR LA R\u00c9GLEMENTATION ET COOKIES EXEMPT\u00c9ES<\/h2>\n<p data-start=\"1338\" data-end=\"1675\">Selon la directive europ\u00e9enne, les cookies n\u00e9cessitant le consentement \u00e9clair\u00e9 de l\u2019utilisateur sont les cookies analytiques ainsi que les cookies publicitaires et d\u2019affiliation. Les cookies techniques et ceux n\u00e9cessaires au fonctionnement du site web ou \u00e0 la fourniture de services express\u00e9ment demand\u00e9s par l\u2019utilisateur sont exempt\u00e9s.<\/p>\n<h2 data-start=\"1677\" data-end=\"1696\">TYPES DE COOKIES<\/h2>\n<h3 data-start=\"1698\" data-end=\"1719\">Selon la finalit\u00e9<\/h3>\n<p data-start=\"1721\" data-end=\"1914\"><strong data-start=\"1721\" data-end=\"1761\">Cookies techniques et fonctionnels :<\/strong> permettent \u00e0 l\u2019utilisateur de naviguer sur un site web, une plateforme ou une application et d\u2019utiliser les diff\u00e9rentes options ou services disponibles.<\/p>\n<p data-start=\"1916\" data-end=\"2219\"><strong data-start=\"1916\" data-end=\"1941\">Cookies analytiques :<\/strong> permettent au responsable d\u2019effectuer le suivi et l\u2019analyse du comportement des utilisateurs sur les sites web auxquels ils sont associ\u00e9s. Les informations collect\u00e9es servent \u00e0 mesurer l\u2019activit\u00e9 du site et \u00e0 \u00e9tablir des profils de navigation afin d\u2019apporter des am\u00e9liorations.<\/p>\n<p data-start=\"2221\" data-end=\"2381\"><strong data-start=\"2221\" data-end=\"2248\">Cookies publicitaires :<\/strong> permettent la gestion la plus efficace possible des espaces publicitaires inclus sur un site web, une application ou une plateforme.<\/p>\n<p data-start=\"2383\" data-end=\"2577\"><strong data-start=\"2383\" data-end=\"2425\">Cookies de publicit\u00e9 comportementale :<\/strong> recueillent des informations sur les pr\u00e9f\u00e9rences et choix personnels de l\u2019utilisateur afin de permettre une gestion efficace des espaces publicitaires.<\/p>\n<p data-start=\"2579\" data-end=\"2805\"><strong data-start=\"2579\" data-end=\"2600\">Cookies sociaux :<\/strong> install\u00e9s par les plateformes de r\u00e9seaux sociaux pour permettre le partage de contenus avec les amis et r\u00e9seaux. Ces plateformes peuvent suivre l\u2019activit\u00e9 en ligne de l\u2019utilisateur en dehors des services.<\/p>\n<p data-start=\"2807\" data-end=\"2947\"><strong data-start=\"2807\" data-end=\"2834\">Cookies d\u2019affiliation :<\/strong> permettent de suivre les visites provenant d\u2019autres sites web avec lesquels un contrat d\u2019affiliation est \u00e9tabli.<\/p>\n<p data-start=\"2949\" data-end=\"3061\"><strong data-start=\"2949\" data-end=\"2974\">Cookies de s\u00e9curit\u00e9 :<\/strong> stockent des informations chiffr\u00e9es afin d\u2019\u00e9viter des attaques malveillantes de tiers.<\/p>\n<h3 data-start=\"3063\" data-end=\"3085\">Selon la propri\u00e9t\u00e9<\/h3>\n<p data-start=\"3087\" data-end=\"3211\"><strong data-start=\"3087\" data-end=\"3123\">Cookies internes (first-party) :<\/strong> envoy\u00e9s sur l\u2019\u00e9quipement de l\u2019utilisateur depuis un domaine g\u00e9r\u00e9 par l\u2019\u00e9diteur du site.<\/p>\n<p data-start=\"3213\" data-end=\"3333\"><strong data-start=\"3213\" data-end=\"3232\">Cookies tiers :<\/strong> envoy\u00e9s depuis un domaine g\u00e9r\u00e9 par une autre entit\u00e9 qui traite les donn\u00e9es obtenues via les cookies.<\/p>\n<h3 data-start=\"3335\" data-end=\"3369\">Selon la dur\u00e9e de conservation<\/h3>\n<p data-start=\"3371\" data-end=\"3486\"><strong data-start=\"3371\" data-end=\"3395\">Cookies de session :<\/strong> con\u00e7us pour collecter et stocker des donn\u00e9es pendant que l\u2019utilisateur acc\u00e8de au site web.<\/p>\n<p data-start=\"3488\" data-end=\"3647\"><strong data-start=\"3488\" data-end=\"3513\">Cookies persistants :<\/strong> les donn\u00e9es restent stock\u00e9es pendant une p\u00e9riode d\u00e9finie par le responsable du cookie, allant de quelques minutes \u00e0 plusieurs ann\u00e9es.<\/p>\n<h2 data-start=\"3649\" data-end=\"3687\">TRAITEMENT DES DONN\u00c9ES PERSONNELLES<\/h2>\n<p data-start=\"3689\" data-end=\"3881\">COVA CALELLA, S.L. est le Responsable du traitement des donn\u00e9es personnelles de la personne concern\u00e9e et informe que ces donn\u00e9es seront trait\u00e9es conform\u00e9ment au R\u00e8glement (UE) 2016\/679 (RGPD).<\/p>\n<p data-start=\"3883\" data-end=\"4388\"><strong data-start=\"3883\" data-end=\"3912\">Finalit\u00e9s du traitement :<\/strong> selon ce qui est indiqu\u00e9 dans la section relative aux cookies utilis\u00e9es sur ce site web.<br data-start=\"4001\" data-end=\"4004\" \/><strong data-start=\"4004\" data-end=\"4024\">Base juridique :<\/strong> consentement de la personne concern\u00e9e (art. 6.1.a RGPD), sauf lorsque les cookies sont n\u00e9cessaires \u00e0 la navigation.<br data-start=\"4140\" data-end=\"4143\" \/><strong data-start=\"4143\" data-end=\"4173\">Crit\u00e8res de conservation :<\/strong> selon la section relative aux cookies utilis\u00e9es sur le site.<br data-start=\"4234\" data-end=\"4237\" \/><strong data-start=\"4237\" data-end=\"4268\">Communication des donn\u00e9es :<\/strong> les donn\u00e9es ne seront pas communiqu\u00e9es \u00e0 des tiers, sauf dans le cas de cookies de tiers ou en cas d\u2019obligation l\u00e9gale.<\/p>\n<p data-start=\"4390\" data-end=\"4427\"><strong data-start=\"4390\" data-end=\"4427\">Droits de la personne concern\u00e9e :<\/strong><\/p>\n<ul data-start=\"4428\" data-end=\"4698\">\n<li data-start=\"4428\" data-end=\"4471\">\n<p data-start=\"4430\" data-end=\"4471\">Retirer son consentement \u00e0 tout moment.<\/p>\n<\/li>\n<li data-start=\"4472\" data-end=\"4554\">\n<p data-start=\"4474\" data-end=\"4554\">Droit d\u2019acc\u00e8s, de rectification, de portabilit\u00e9 et de suppression des donn\u00e9es.<\/p>\n<\/li>\n<li data-start=\"4555\" data-end=\"4613\">\n<p data-start=\"4557\" data-end=\"4613\">Droit \u00e0 la limitation ou \u00e0 l\u2019opposition au traitement.<\/p>\n<\/li>\n<li data-start=\"4614\" data-end=\"4698\">\n<p data-start=\"4616\" data-end=\"4698\">Droit d\u2019introduire une r\u00e9clamation aupr\u00e8s de l\u2019autorit\u00e9 de contr\u00f4le (<a class=\"decorated-link\" href=\"http:\/\/www.aepd.es\" target=\"_new\" rel=\"noopener\" data-start=\"4685\" data-end=\"4696\">www.aepd.es<\/a>).<\/p>\n<\/li>\n<\/ul>\n<p data-start=\"4700\" data-end=\"4847\"><strong data-start=\"4700\" data-end=\"4741\">Coordonn\u00e9es pour exercer les droits :<\/strong><br data-start=\"4741\" data-end=\"4744\" \/>COVA CALELLA, S.L.<br data-start=\"4762\" data-end=\"4765\" \/>AV. TURISME, 106 \u2013 08370 CALELLA (Barcelone), Espagne<br data-start=\"4818\" data-end=\"4821\" \/><a class=\"decorated-link cursor-pointer\" rel=\"noopener\" data-start=\"4821\" data-end=\"4847\">info@crolcentrecalella.com<\/a><\/p>\n<h2 data-start=\"4849\" data-end=\"4885\">COOKIES UTILIS\u00c9ES SUR CE SITE WEB<\/h2>\n<h3 data-start=\"4887\" data-end=\"4923\">Cookies contr\u00f4l\u00e9es par l\u2019\u00e9diteur<\/h3>\n<p data-start=\"4925\" data-end=\"5136\"><strong data-start=\"4925\" data-end=\"4967\">Cookies techniques et fonctionnelles :<\/strong> cookies n\u00e9cessaires au fonctionnement du site (Cloudflare, Google, YouTube, etc.), avec des dur\u00e9es de conservation allant de la session \u00e0 un an ou plus selon le cookie.<\/p>\n<p data-start=\"5138\" data-end=\"5282\"><strong data-start=\"5138\" data-end=\"5163\">Cookies analytiques :<\/strong> cookies Google Analytics (_ga, _gid) utilis\u00e9es pour identifier les utilisateurs et analyser l\u2019utilisation du site web.<\/p>\n<p data-start=\"5284\" data-end=\"5430\"><strong data-start=\"5284\" data-end=\"5311\">Cookies publicitaires :<\/strong> cookies Google (APISID, HSID, NID, SAPISID, SID, SSID, etc.) utilis\u00e9es pour personnaliser les annonces et pr\u00e9f\u00e9rences.<\/p>\n<h2 data-start=\"5432\" data-end=\"5451\">COOKIES DE TIERS<\/h2>\n<p data-start=\"5453\" data-end=\"5630\">Les services tiers sont hors du contr\u00f4le de l\u2019\u00e9diteur. Les fournisseurs peuvent modifier \u00e0 tout moment leurs conditions de service, leurs finalit\u00e9s et l\u2019utilisation des cookies.<\/p>\n<p data-start=\"5632\" data-end=\"5655\">Fournisseurs externes :<\/p>\n<ul data-start=\"5656\" data-end=\"5699\">\n<li data-start=\"5656\" data-end=\"5676\">\n<p data-start=\"5658\" data-end=\"5676\">Google Analytics<\/p>\n<\/li>\n<li data-start=\"5677\" data-end=\"5687\">\n<p data-start=\"5679\" data-end=\"5687\">Google<\/p>\n<\/li>\n<li data-start=\"5688\" data-end=\"5699\">\n<p data-start=\"5690\" data-end=\"5699\">YouTube<\/p>\n<\/li>\n<\/ul>\n<p data-start=\"5701\" data-end=\"5732\">Politiques de confidentialit\u00e9 :<\/p>\n<ul data-start=\"5733\" data-end=\"5873\">\n<li data-start=\"5733\" data-end=\"5781\">\n<p data-start=\"5735\" data-end=\"5781\"><a class=\"decorated-link\" href=\"https:\/\/privacy.google.com\/take-control.html\" target=\"_new\" rel=\"noopener\" data-start=\"5735\" data-end=\"5779\">https:\/\/privacy.google.com\/take-control.html<\/a><\/p>\n<\/li>\n<li data-start=\"5782\" data-end=\"5833\">\n<p data-start=\"5784\" data-end=\"5833\"><a class=\"decorated-link\" href=\"https:\/\/safety.google\/privacy\/privacy-controls\/\" target=\"_new\" rel=\"noopener\" data-start=\"5784\" data-end=\"5831\">https:\/\/safety.google\/privacy\/privacy-controls\/<\/a><\/p>\n<\/li>\n<li data-start=\"5834\" data-end=\"5873\">\n<p data-start=\"5836\" data-end=\"5873\"><a class=\"decorated-link\" href=\"https:\/\/policies.google.com\/privacy\" target=\"_new\" rel=\"noopener\" data-start=\"5836\" data-end=\"5871\">https:\/\/policies.google.com\/privacy<\/a><\/p>\n<\/li>\n<\/ul>\n<h2 data-start=\"5875\" data-end=\"5914\">PANNEAU DE CONFIGURATION DES COOKIES<\/h2>\n<p data-start=\"5916\" data-end=\"6107\">Depuis ce panneau, vous pouvez configurer les cookies que le site web peut installer dans votre navigateur, \u00e0 l\u2019exception des cookies techniques ou fonctionnelles n\u00e9cessaires \u00e0 la navigation.<\/p>\n<h2 data-start=\"6109\" data-end=\"6156\">COMMENT G\u00c9RER LES COOKIES DANS LE NAVIGATEUR<\/h2>\n<p data-start=\"6158\" data-end=\"6328\"><strong data-start=\"6158\" data-end=\"6185\">Supprimer les cookies :<\/strong> en effa\u00e7ant l\u2019historique du navigateur, ce qui peut \u00e9galement supprimer certaines informations enregistr\u00e9es (identifiants, pr\u00e9f\u00e9rences, etc.).<\/p>\n<p data-start=\"6330\" data-end=\"6440\"><strong data-start=\"6330\" data-end=\"6365\">G\u00e9rer les cookies sp\u00e9cifiques :<\/strong> en ajustant les param\u00e8tres de confidentialit\u00e9 et de cookies du navigateur.<\/p>\n<p data-start=\"6442\" data-end=\"6545\"><strong data-start=\"6442\" data-end=\"6467\">Bloquer les cookies :<\/strong> certains services et fonctionnalit\u00e9s peuvent ne pas fonctionner correctement.<\/p>\n<h2 data-start=\"6547\" data-end=\"6618\">COMMENT SUPPRIMER LES COOKIES DANS LES NAVIGATEURS LES PLUS COURANTS<\/h2>\n<p data-start=\"6620\" data-end=\"7148\">Chrome : <a class=\"decorated-link\" href=\"http:\/\/support.google.com\/chrome\/answer\/95647?hl=es\" target=\"_new\" rel=\"noopener\" data-start=\"6629\" data-end=\"6680\">http:\/\/support.google.com\/chrome\/answer\/95647?hl=es<\/a><br data-start=\"6680\" data-end=\"6683\" \/>Edge : <a class=\"decorated-link\" href=\"https:\/\/support.microsoft.com\/es-es\/microsoft-edge\/eliminar-las-cookies-en-microsoft-edge-63947406-40ac-c3b8-57b9-2a946a29ae09\" target=\"_new\" rel=\"noopener\" data-start=\"6690\" data-end=\"6816\">https:\/\/support.microsoft.com\/es-es\/microsoft-edge\/eliminar-las-cookies-en-microsoft-edge-63947406-40ac-c3b8-57b9-2a946a29ae09<\/a><br data-start=\"6816\" data-end=\"6819\" \/>Explorer : <a class=\"decorated-link\" href=\"https:\/\/support.microsoft.com\/es-es\/help\/278835\/how-to-delete-cookie-files-in-internet-explorer\" target=\"_new\" rel=\"noopener\" data-start=\"6830\" data-end=\"6925\">https:\/\/support.microsoft.com\/es-es\/help\/278835\/how-to-delete-cookie-files-in-internet-explorer<\/a><br data-start=\"6925\" data-end=\"6928\" \/>Firefox : <a class=\"decorated-link\" href=\"https:\/\/www.mozilla.org\/es-ES\/privacy\/websites\/#cookies\" target=\"_new\" rel=\"noopener\" data-start=\"6938\" data-end=\"6993\">https:\/\/www.mozilla.org\/es-ES\/privacy\/websites\/#cookies<\/a><br data-start=\"6993\" data-end=\"6996\" \/>Safari : <a class=\"decorated-link\" href=\"https:\/\/support.apple.com\/es-es\/guide\/safari\/sfri11471\/mac\" target=\"_new\" rel=\"noopener\" data-start=\"7005\" data-end=\"7063\">https:\/\/support.apple.com\/es-es\/guide\/safari\/sfri11471\/mac<\/a><br data-start=\"7063\" data-end=\"7066\" \/>Opera : <a class=\"decorated-link\" href=\"https:\/\/help.opera.com\/en\/latest\/security-and-privacy\/#clearBrowsingData\" target=\"_new\" rel=\"noopener\" data-start=\"7074\" data-end=\"7146\">https:\/\/help.opera.com\/en\/latest\/security-and-privacy\/#clearBrowsingData<\/a><\/p>\n<p>[\/vc_column_text][\/vc_column][\/vc_row]<\/p>\n","protected":false},"excerpt":{"rendered":"<p>[vc_row][vc_column][vc_column_text] INFORMATIONS SUR LES COOKIES Conform\u00e9ment \u00e0 la Loi 34\/2002 du 11 juillet relative aux services de la soci\u00e9t\u00e9 de l\u2019information et au commerce \u00e9lectronique (LSSI), en relation avec le R\u00e8glement (UE) 2016\/679 du Parlement europ\u00e9en et du Conseil du 27 avril 2016, R\u00e8glement g\u00e9n\u00e9ral&#8230;<\/p>\n","protected":false},"author":2,"featured_media":0,"parent":0,"menu_order":0,"comment_status":"closed","ping_status":"closed","template":"","meta":{"footnotes":""},"class_list":["post-566","page","type-page","status-publish","hentry"],"yoast_head":"<!-- This site is optimized with the Yoast SEO plugin v26.8 - https:\/\/yoast.com\/product\/yoast-seo-wordpress\/ -->\n<title>Pol\u00edtica de Cookies - Crol Centre Calella<\/title>\n<meta name=\"robots\" content=\"index, follow, max-snippet:-1, max-image-preview:large, max-video-preview:-1\" \/>\n<link rel=\"canonical\" href=\"https:\/\/crolcentrecalella.com\/fr\/politica-de-cookies\/\" \/>\n<meta property=\"og:locale\" content=\"fr_FR\" \/>\n<meta property=\"og:type\" content=\"article\" \/>\n<meta property=\"og:title\" content=\"Pol\u00edtica de Cookies - Crol Centre Calella\" \/>\n<meta property=\"og:description\" content=\"[vc_row][vc_column][vc_column_text] INFORMATIONS SUR LES COOKIES Conform\u00e9ment \u00e0 la Loi 34\/2002 du 11 juillet relative aux services de la soci\u00e9t\u00e9 de l\u2019information et au commerce \u00e9lectronique (LSSI), en relation avec le R\u00e8glement (UE) 2016\/679 du Parlement europ\u00e9en et du Conseil du 27 avril 2016, R\u00e8glement g\u00e9n\u00e9ral...\" \/>\n<meta property=\"og:url\" content=\"https:\/\/crolcentrecalella.com\/fr\/politica-de-cookies\/\" \/>\n<meta property=\"og:site_name\" content=\"Crol Centre Calella\" \/>\n<meta property=\"article:modified_time\" content=\"2026-02-10T08:38:15+00:00\" \/>\n<meta name=\"twitter:card\" content=\"summary_large_image\" \/>\n<meta name=\"twitter:label1\" content=\"Dur\u00e9e de lecture estim\u00e9e\" \/>\n\t<meta name=\"twitter:data1\" content=\"5 minutes\" \/>\n<script type=\"application\/ld+json\" class=\"yoast-schema-graph\">{\"@context\":\"https:\/\/schema.org\",\"@graph\":[{\"@type\":\"WebPage\",\"@id\":\"https:\/\/crolcentrecalella.com\/fr\/politica-de-cookies\/\",\"url\":\"https:\/\/crolcentrecalella.com\/fr\/politica-de-cookies\/\",\"name\":\"Pol\u00edtica de Cookies - Crol Centre Calella\",\"isPartOf\":{\"@id\":\"https:\/\/crolcentrecalella.com\/#website\"},\"datePublished\":\"2021-02-10T08:57:04+00:00\",\"dateModified\":\"2026-02-10T08:38:15+00:00\",\"breadcrumb\":{\"@id\":\"https:\/\/crolcentrecalella.com\/fr\/politica-de-cookies\/#breadcrumb\"},\"inLanguage\":\"fr-FR\",\"potentialAction\":[{\"@type\":\"ReadAction\",\"target\":[\"https:\/\/crolcentrecalella.com\/fr\/politica-de-cookies\/\"]}]},{\"@type\":\"BreadcrumbList\",\"@id\":\"https:\/\/crolcentrecalella.com\/fr\/politica-de-cookies\/#breadcrumb\",\"itemListElement\":[{\"@type\":\"ListItem\",\"position\":1,\"name\":\"Inici\",\"item\":\"https:\/\/crolcentrecalella.com\/fr\/\"},{\"@type\":\"ListItem\",\"position\":2,\"name\":\"Pol\u00edtica de Cookies\"}]},{\"@type\":\"WebSite\",\"@id\":\"https:\/\/crolcentrecalella.com\/#website\",\"url\":\"https:\/\/crolcentrecalella.com\/\",\"name\":\"Crol Centre Calella\",\"description\":\"Piscina ol\u00edmpica en la Costa de Barcelona\",\"potentialAction\":[{\"@type\":\"SearchAction\",\"target\":{\"@type\":\"EntryPoint\",\"urlTemplate\":\"https:\/\/crolcentrecalella.com\/?s={search_term_string}\"},\"query-input\":{\"@type\":\"PropertyValueSpecification\",\"valueRequired\":true,\"valueName\":\"search_term_string\"}}],\"inLanguage\":\"fr-FR\"}]}<\/script>\n<!-- \/ Yoast SEO plugin. -->","yoast_head_json":{"title":"Pol\u00edtica de Cookies - Crol Centre Calella","robots":{"index":"index","follow":"follow","max-snippet":"max-snippet:-1","max-image-preview":"max-image-preview:large","max-video-preview":"max-video-preview:-1"},"canonical":"https:\/\/crolcentrecalella.com\/fr\/politica-de-cookies\/","og_locale":"fr_FR","og_type":"article","og_title":"Pol\u00edtica de Cookies - Crol Centre Calella","og_description":"[vc_row][vc_column][vc_column_text] INFORMATIONS SUR LES COOKIES Conform\u00e9ment \u00e0 la Loi 34\/2002 du 11 juillet relative aux services de la soci\u00e9t\u00e9 de l\u2019information et au commerce \u00e9lectronique (LSSI), en relation avec le R\u00e8glement (UE) 2016\/679 du Parlement europ\u00e9en et du Conseil du 27 avril 2016, R\u00e8glement g\u00e9n\u00e9ral...","og_url":"https:\/\/crolcentrecalella.com\/fr\/politica-de-cookies\/","og_site_name":"Crol Centre Calella","article_modified_time":"2026-02-10T08:38:15+00:00","twitter_card":"summary_large_image","twitter_misc":{"Dur\u00e9e de lecture estim\u00e9e":"5 minutes"},"schema":{"@context":"https:\/\/schema.org","@graph":[{"@type":"WebPage","@id":"https:\/\/crolcentrecalella.com\/fr\/politica-de-cookies\/","url":"https:\/\/crolcentrecalella.com\/fr\/politica-de-cookies\/","name":"Pol\u00edtica de Cookies - Crol Centre Calella","isPartOf":{"@id":"https:\/\/crolcentrecalella.com\/#website"},"datePublished":"2021-02-10T08:57:04+00:00","dateModified":"2026-02-10T08:38:15+00:00","breadcrumb":{"@id":"https:\/\/crolcentrecalella.com\/fr\/politica-de-cookies\/#breadcrumb"},"inLanguage":"fr-FR","potentialAction":[{"@type":"ReadAction","target":["https:\/\/crolcentrecalella.com\/fr\/politica-de-cookies\/"]}]},{"@type":"BreadcrumbList","@id":"https:\/\/crolcentrecalella.com\/fr\/politica-de-cookies\/#breadcrumb","itemListElement":[{"@type":"ListItem","position":1,"name":"Inici","item":"https:\/\/crolcentrecalella.com\/fr\/"},{"@type":"ListItem","position":2,"name":"Pol\u00edtica de Cookies"}]},{"@type":"WebSite","@id":"https:\/\/crolcentrecalella.com\/#website","url":"https:\/\/crolcentrecalella.com\/","name":"Crol Centre Calella","description":"Piscina ol\u00edmpica en la Costa de Barcelona","potentialAction":[{"@type":"SearchAction","target":{"@type":"EntryPoint","urlTemplate":"https:\/\/crolcentrecalella.com\/?s={search_term_string}"},"query-input":{"@type":"PropertyValueSpecification","valueRequired":true,"valueName":"search_term_string"}}],"inLanguage":"fr-FR"}]}},"_links":{"self":[{"href":"https:\/\/crolcentrecalella.com\/fr\/wp-json\/wp\/v2\/pages\/566","targetHints":{"allow":["GET"]}}],"collection":[{"href":"https:\/\/crolcentrecalella.com\/fr\/wp-json\/wp\/v2\/pages"}],"about":[{"href":"https:\/\/crolcentrecalella.com\/fr\/wp-json\/wp\/v2\/types\/page"}],"author":[{"embeddable":true,"href":"https:\/\/crolcentrecalella.com\/fr\/wp-json\/wp\/v2\/users\/2"}],"replies":[{"embeddable":true,"href":"https:\/\/crolcentrecalella.com\/fr\/wp-json\/wp\/v2\/comments?post=566"}],"version-history":[{"count":2,"href":"https:\/\/crolcentrecalella.com\/fr\/wp-json\/wp\/v2\/pages\/566\/revisions"}],"predecessor-version":[{"id":7344,"href":"https:\/\/crolcentrecalella.com\/fr\/wp-json\/wp\/v2\/pages\/566\/revisions\/7344"}],"wp:attachment":[{"href":"https:\/\/crolcentrecalella.com\/fr\/wp-json\/wp\/v2\/media?parent=566"}],"curies":[{"name":"wp","href":"https:\/\/api.w.org\/{rel}","templated":true}]}}